{"id":2442,"date":"2020-06-21T18:43:59","date_gmt":"2020-06-21T18:43:59","guid":{"rendered":"https:\/\/eveniments.es\/?page_id=2442"},"modified":"2020-06-30T16:37:59","modified_gmt":"2020-06-30T16:37:59","slug":"doha","status":"publish","type":"page","link":"https:\/\/eveniments.es\/home\/doha","title":{"rendered":"Doha"},"content":{"rendered":"\n<p>Espect\u00e1culo exclusivo y \u00fanico en el mundo, con esculturas gigantes m\u00f3viles de gran realismo visual como un \u00c1guila, adem\u00e1s de un grupo de 65 artistas que representar\u00e1n una obra inspirada en Ali Baba.<\/p>\n<p>Las marionetas se pueden contratar tambi\u00e9n de modo individual.<\/p>\n<p><img loading=\"lazy\" decoding=\"async\" class=\"alignnone wp-image-2443\" src=\"https:\/\/eveniments.es\/wp-content\/uploads\/2020\/06\/doha-1.jpg\" alt=\"\" width=\"1024\" height=\"682\" srcset=\"https:\/\/eveniments.es\/wp-content\/uploads\/2020\/06\/doha-1.jpg 800w, https:\/\/eveniments.es\/wp-content\/uploads\/2020\/06\/doha-1-300x200.jpg 300w, https:\/\/eveniments.es\/wp-content\/uploads\/2020\/06\/doha-1-768x512.jpg 768w\" sizes=\"auto, (max-width: 1024px) 100vw, 1024px\" \/><img loading=\"lazy\" decoding=\"async\" class=\"alignnone wp-image-2444\" src=\"https:\/\/eveniments.es\/wp-content\/uploads\/2020\/06\/doha2.jpg\" alt=\"\" width=\"1024\" height=\"678\" srcset=\"https:\/\/eveniments.es\/wp-content\/uploads\/2020\/06\/doha2.jpg 805w, https:\/\/eveniments.es\/wp-content\/uploads\/2020\/06\/doha2-300x199.jpg 300w, https:\/\/eveniments.es\/wp-content\/uploads\/2020\/06\/doha2-768x509.jpg 768w\" sizes=\"auto, (max-width: 1024px) 100vw, 1024px\" \/><\/p>\n","protected":false},"excerpt":{"rendered":"<div class=\"mh-excerpt\"><\/div>","protected":false},"author":1,"featured_media":0,"parent":0,"menu_order":0,"comment_status":"closed","ping_status":"closed","template":"template-full.php","meta":{"footnotes":""},"class_list":["post-2442","page","type-page","status-publish","hentry"],"_links":{"self":[{"href":"https:\/\/eveniments.es\/home\/wp-json\/wp\/v2\/pages\/2442","targetHints":{"allow":["GET"]}}],"collection":[{"href":"https:\/\/eveniments.es\/home\/wp-json\/wp\/v2\/pages"}],"about":[{"href":"https:\/\/eveniments.es\/home\/wp-json\/wp\/v2\/types\/page"}],"author":[{"embeddable":true,"href":"https:\/\/eveniments.es\/home\/wp-json\/wp\/v2\/users\/1"}],"replies":[{"embeddable":true,"href":"https:\/\/eveniments.es\/home\/wp-json\/wp\/v2\/comments?post=2442"}],"version-history":[{"count":2,"href":"https:\/\/eveniments.es\/home\/wp-json\/wp\/v2\/pages\/2442\/revisions"}],"predecessor-version":[{"id":3200,"href":"https:\/\/eveniments.es\/home\/wp-json\/wp\/v2\/pages\/2442\/revisions\/3200"}],"wp:attachment":[{"href":"https:\/\/eveniments.es\/home\/wp-json\/wp\/v2\/media?parent=2442"}],"curies":[{"name":"wp","href":"https:\/\/api.w.org\/{rel}","templated":true}]}}