{"id":2451,"date":"2020-06-21T18:55:46","date_gmt":"2020-06-21T18:55:46","guid":{"rendered":"https:\/\/eveniments.es\/?page_id=2451"},"modified":"2020-06-30T13:28:25","modified_gmt":"2020-06-30T13:28:25","slug":"colors","status":"publish","type":"page","link":"https:\/\/eveniments.es\/home\/colors","title":{"rendered":"Colors"},"content":{"rendered":"\n<p>Animaci\u00f3n teatral muy visual e impactante que nos llenar\u00e1 de sensaciones. Presentamos una forma diferente y moderna de hacer teatro, de la manera m\u00e1s vanguardista. Utilizan distintos colores para captar la atenci\u00f3n y un vestuario muy elegante y llamativo.<\/p>\n<p><img loading=\"lazy\" decoding=\"async\" class=\"alignnone wp-image-2452 size-full\" src=\"https:\/\/eveniments.es\/wp-content\/uploads\/2020\/06\/Colors.jpg\" alt=\"\" width=\"840\" height=\"616\" srcset=\"https:\/\/eveniments.es\/wp-content\/uploads\/2020\/06\/Colors.jpg 840w, https:\/\/eveniments.es\/wp-content\/uploads\/2020\/06\/Colors-300x220.jpg 300w, https:\/\/eveniments.es\/wp-content\/uploads\/2020\/06\/Colors-768x563.jpg 768w, https:\/\/eveniments.es\/wp-content\/uploads\/2020\/06\/Colors-80x60.jpg 80w\" sizes=\"auto, (max-width: 840px) 100vw, 840px\" \/><\/p>\n","protected":false},"excerpt":{"rendered":"<div class=\"mh-excerpt\"><\/div>","protected":false},"author":1,"featured_media":0,"parent":0,"menu_order":0,"comment_status":"closed","ping_status":"closed","template":"template-full.php","meta":{"footnotes":""},"class_list":["post-2451","page","type-page","status-publish","hentry"],"_links":{"self":[{"href":"https:\/\/eveniments.es\/home\/wp-json\/wp\/v2\/pages\/2451","targetHints":{"allow":["GET"]}}],"collection":[{"href":"https:\/\/eveniments.es\/home\/wp-json\/wp\/v2\/pages"}],"about":[{"href":"https:\/\/eveniments.es\/home\/wp-json\/wp\/v2\/types\/page"}],"author":[{"embeddable":true,"href":"https:\/\/eveniments.es\/home\/wp-json\/wp\/v2\/users\/1"}],"replies":[{"embeddable":true,"href":"https:\/\/eveniments.es\/home\/wp-json\/wp\/v2\/comments?post=2451"}],"version-history":[{"count":1,"href":"https:\/\/eveniments.es\/home\/wp-json\/wp\/v2\/pages\/2451\/revisions"}],"predecessor-version":[{"id":2453,"href":"https:\/\/eveniments.es\/home\/wp-json\/wp\/v2\/pages\/2451\/revisions\/2453"}],"wp:attachment":[{"href":"https:\/\/eveniments.es\/home\/wp-json\/wp\/v2\/media?parent=2451"}],"curies":[{"name":"wp","href":"https:\/\/api.w.org\/{rel}","templated":true}]}}