{"id":2458,"date":"2020-06-21T19:08:12","date_gmt":"2020-06-21T19:08:12","guid":{"rendered":"https:\/\/eveniments.es\/?page_id=2458"},"modified":"2020-06-30T13:27:40","modified_gmt":"2020-06-30T13:27:40","slug":"carteros-reales","status":"publish","type":"page","link":"https:\/\/eveniments.es\/home\/carteros-reales","title":{"rendered":"Carteros Reales"},"content":{"rendered":"\n<p class=\"p1\"><span class=\"s1\"><b>Los Carteros Reales han sido protagonistas favoritos del p\u00fablico de La Cabalgata de Reyes de Madrid .<\/b><\/span><\/p>\n<p class=\"p1\"><span class=\"s1\">Un elenco compuesto por zancudos, actores, bailarines y acr\u00f3batas, que montan en unas bicicletas muy especiales y recogen las cartas de los ni\u00f1os a sus majestades los Reyes Magos, con sus carteras m\u00e1gicas luminosas y sus \u201ccaza cartas\u201d, para meterlas en el buz\u00f3n gigante que llevan con su comitiva.<\/span><\/p>\n<p class=\"p1\"><span class=\"s1\">Una animaci\u00f3n \u00fanica y muy divertida para toda la familia.<\/span><\/p>\n<p><strong>INCLUYE:&nbsp;<\/strong>10 personajes<\/p>\n<p><img loading=\"lazy\" decoding=\"async\" class=\"alignnone wp-image-2459 size-full\" src=\"https:\/\/eveniments.es\/wp-content\/uploads\/2020\/06\/cartero-real-1.jpg\" alt=\"\" width=\"800\" height=\"500\" srcset=\"https:\/\/eveniments.es\/wp-content\/uploads\/2020\/06\/cartero-real-1.jpg 800w, https:\/\/eveniments.es\/wp-content\/uploads\/2020\/06\/cartero-real-1-300x188.jpg 300w, https:\/\/eveniments.es\/wp-content\/uploads\/2020\/06\/cartero-real-1-768x480.jpg 768w\" sizes=\"auto, (max-width: 800px) 100vw, 800px\" \/><img loading=\"lazy\" decoding=\"async\" class=\"alignnone wp-image-2460 size-full\" src=\"https:\/\/eveniments.es\/wp-content\/uploads\/2020\/06\/carteros-reales-2.jpg\" alt=\"\" width=\"800\" height=\"500\" srcset=\"https:\/\/eveniments.es\/wp-content\/uploads\/2020\/06\/carteros-reales-2.jpg 800w, https:\/\/eveniments.es\/wp-content\/uploads\/2020\/06\/carteros-reales-2-300x188.jpg 300w, https:\/\/eveniments.es\/wp-content\/uploads\/2020\/06\/carteros-reales-2-768x480.jpg 768w\" sizes=\"auto, (max-width: 800px) 100vw, 800px\" \/><img loading=\"lazy\" decoding=\"async\" class=\"alignnone wp-image-2461 size-full\" src=\"https:\/\/eveniments.es\/wp-content\/uploads\/2020\/06\/carteros-reales-3.jpg\" alt=\"\" width=\"800\" height=\"500\" srcset=\"https:\/\/eveniments.es\/wp-content\/uploads\/2020\/06\/carteros-reales-3.jpg 800w, https:\/\/eveniments.es\/wp-content\/uploads\/2020\/06\/carteros-reales-3-300x188.jpg 300w, https:\/\/eveniments.es\/wp-content\/uploads\/2020\/06\/carteros-reales-3-768x480.jpg 768w\" sizes=\"auto, (max-width: 800px) 100vw, 800px\" \/><img loading=\"lazy\" decoding=\"async\" class=\"alignnone wp-image-2462 size-full\" src=\"https:\/\/eveniments.es\/wp-content\/uploads\/2020\/06\/carteros-reales-4.jpg\" alt=\"\" width=\"800\" height=\"500\" srcset=\"https:\/\/eveniments.es\/wp-content\/uploads\/2020\/06\/carteros-reales-4.jpg 800w, https:\/\/eveniments.es\/wp-content\/uploads\/2020\/06\/carteros-reales-4-300x188.jpg 300w, https:\/\/eveniments.es\/wp-content\/uploads\/2020\/06\/carteros-reales-4-768x480.jpg 768w\" sizes=\"auto, (max-width: 800px) 100vw, 800px\" \/><\/p>\n","protected":false},"excerpt":{"rendered":"<div class=\"mh-excerpt\"><\/div>","protected":false},"author":1,"featured_media":0,"parent":0,"menu_order":0,"comment_status":"closed","ping_status":"closed","template":"template-full.php","meta":{"footnotes":""},"class_list":["post-2458","page","type-page","status-publish","hentry"],"_links":{"self":[{"href":"https:\/\/eveniments.es\/home\/wp-json\/wp\/v2\/pages\/2458","targetHints":{"allow":["GET"]}}],"collection":[{"href":"https:\/\/eveniments.es\/home\/wp-json\/wp\/v2\/pages"}],"about":[{"href":"https:\/\/eveniments.es\/home\/wp-json\/wp\/v2\/types\/page"}],"author":[{"embeddable":true,"href":"https:\/\/eveniments.es\/home\/wp-json\/wp\/v2\/users\/1"}],"replies":[{"embeddable":true,"href":"https:\/\/eveniments.es\/home\/wp-json\/wp\/v2\/comments?post=2458"}],"version-history":[{"count":1,"href":"https:\/\/eveniments.es\/home\/wp-json\/wp\/v2\/pages\/2458\/revisions"}],"predecessor-version":[{"id":2463,"href":"https:\/\/eveniments.es\/home\/wp-json\/wp\/v2\/pages\/2458\/revisions\/2463"}],"wp:attachment":[{"href":"https:\/\/eveniments.es\/home\/wp-json\/wp\/v2\/media?parent=2458"}],"curies":[{"name":"wp","href":"https:\/\/api.w.org\/{rel}","templated":true}]}}