{"id":2465,"date":"2020-06-21T19:22:01","date_gmt":"2020-06-21T19:22:01","guid":{"rendered":"https:\/\/eveniments.es\/?page_id=2465"},"modified":"2020-06-30T13:27:26","modified_gmt":"2020-06-30T13:27:26","slug":"candore-magico","status":"publish","type":"page","link":"https:\/\/eveniments.es\/home\/candore-magico","title":{"rendered":"Candore M\u00e1gico"},"content":{"rendered":"\n<p>Llega Candore un m\u00e1gico espect\u00e1culo, puro en esencia como el color que predomina en sus personajes. Espect\u00e1culo muy completo lleno de magia y color con vestuarios de calidad.<\/p>\n<p>Gracias al circo, la m\u00fasica, la danza y la magia, nuestros personajes envuelven los espacios con sus destrezas y su magia creando una atm\u00f3sfera c\u00e1lida y con una ligera niebla que nos hacer creer que estamos en las nubes.<\/p>\n<p><iframe loading=\"lazy\" title=\"White Party Circus Elements\" width=\"500\" height=\"281\" src=\"https:\/\/www.youtube.com\/embed\/I25equJhdQ4?feature=oembed\" frameborder=\"0\" allow=\"accelerometer; autoplay; clipboard-write; encrypted-media; gyroscope; picture-in-picture; web-share\" referrerpolicy=\"strict-origin-when-cross-origin\" allowfullscreen><\/iframe><\/p>\n<p><img loading=\"lazy\" decoding=\"async\" class=\"alignnone wp-image-2466 size-full\" src=\"https:\/\/eveniments.es\/wp-content\/uploads\/2020\/06\/Candore.png\" alt=\"\" width=\"1798\" height=\"1200\" srcset=\"https:\/\/eveniments.es\/wp-content\/uploads\/2020\/06\/Candore.png 1798w, https:\/\/eveniments.es\/wp-content\/uploads\/2020\/06\/Candore-300x200.png 300w, https:\/\/eveniments.es\/wp-content\/uploads\/2020\/06\/Candore-1024x683.png 1024w, https:\/\/eveniments.es\/wp-content\/uploads\/2020\/06\/Candore-768x513.png 768w, https:\/\/eveniments.es\/wp-content\/uploads\/2020\/06\/Candore-1536x1025.png 1536w\" sizes=\"auto, (max-width: 1798px) 100vw, 1798px\" \/><\/p>\n","protected":false},"excerpt":{"rendered":"<div class=\"mh-excerpt\"><\/div>","protected":false},"author":1,"featured_media":0,"parent":0,"menu_order":0,"comment_status":"closed","ping_status":"closed","template":"template-full.php","meta":{"footnotes":""},"class_list":["post-2465","page","type-page","status-publish","hentry"],"_links":{"self":[{"href":"https:\/\/eveniments.es\/home\/wp-json\/wp\/v2\/pages\/2465","targetHints":{"allow":["GET"]}}],"collection":[{"href":"https:\/\/eveniments.es\/home\/wp-json\/wp\/v2\/pages"}],"about":[{"href":"https:\/\/eveniments.es\/home\/wp-json\/wp\/v2\/types\/page"}],"author":[{"embeddable":true,"href":"https:\/\/eveniments.es\/home\/wp-json\/wp\/v2\/users\/1"}],"replies":[{"embeddable":true,"href":"https:\/\/eveniments.es\/home\/wp-json\/wp\/v2\/comments?post=2465"}],"version-history":[{"count":1,"href":"https:\/\/eveniments.es\/home\/wp-json\/wp\/v2\/pages\/2465\/revisions"}],"predecessor-version":[{"id":2467,"href":"https:\/\/eveniments.es\/home\/wp-json\/wp\/v2\/pages\/2465\/revisions\/2467"}],"wp:attachment":[{"href":"https:\/\/eveniments.es\/home\/wp-json\/wp\/v2\/media?parent=2465"}],"curies":[{"name":"wp","href":"https:\/\/api.w.org\/{rel}","templated":true}]}}