{"id":2469,"date":"2020-06-21T19:30:46","date_gmt":"2020-06-21T19:30:46","guid":{"rendered":"https:\/\/eveniments.es\/?page_id=2469"},"modified":"2020-06-30T13:27:20","modified_gmt":"2020-06-30T13:27:20","slug":"caminantes-blancos","status":"publish","type":"page","link":"https:\/\/eveniments.es\/home\/caminantes-blancos","title":{"rendered":"Caminantes Blancos"},"content":{"rendered":"\n<p class=\"p1\"><span class=\"s1\">Tributo a Juego de Tronos. Un gui\u00f1o a la serie que ha marcado un antes y un despu\u00e9s cinematogr\u00e1fico a nivel mundial.<\/span><\/p>\n<p><strong>INCLUYE:<\/strong><\/p>\n<p>7 componentes<\/p>\n<div style=\"width: 1280px;\" class=\"wp-video\"><!--[if lt IE 9]><script>document.createElement('video');<\/script><![endif]-->\n<video class=\"wp-video-shortcode\" id=\"video-2469-1\" width=\"1280\" height=\"720\" preload=\"metadata\" controls=\"controls\"><source type=\"video\/mp4\" src=\"https:\/\/eveniments.es\/wp-content\/uploads\/2020\/06\/juego-de-tronos-performance_5JC0Hfnc.compressed.m4v?_=1\" \/><a href=\"https:\/\/eveniments.es\/wp-content\/uploads\/2020\/06\/juego-de-tronos-performance_5JC0Hfnc.compressed.m4v\">https:\/\/eveniments.es\/wp-content\/uploads\/2020\/06\/juego-de-tronos-performance_5JC0Hfnc.compressed.m4v<\/a><\/video><\/div>\n<p><img loading=\"lazy\" decoding=\"async\" class=\"alignnone wp-image-2470 size-full\" src=\"https:\/\/eveniments.es\/wp-content\/uploads\/2020\/06\/caminante-1.jpg\" alt=\"\" width=\"800\" height=\"500\" srcset=\"https:\/\/eveniments.es\/wp-content\/uploads\/2020\/06\/caminante-1.jpg 800w, https:\/\/eveniments.es\/wp-content\/uploads\/2020\/06\/caminante-1-300x188.jpg 300w, https:\/\/eveniments.es\/wp-content\/uploads\/2020\/06\/caminante-1-768x480.jpg 768w\" sizes=\"auto, (max-width: 800px) 100vw, 800px\" \/><img loading=\"lazy\" decoding=\"async\" class=\"alignnone wp-image-2471 size-full\" src=\"https:\/\/eveniments.es\/wp-content\/uploads\/2020\/06\/caminantes-2.jpg\" alt=\"\" width=\"800\" height=\"500\" srcset=\"https:\/\/eveniments.es\/wp-content\/uploads\/2020\/06\/caminantes-2.jpg 800w, https:\/\/eveniments.es\/wp-content\/uploads\/2020\/06\/caminantes-2-300x188.jpg 300w, https:\/\/eveniments.es\/wp-content\/uploads\/2020\/06\/caminantes-2-768x480.jpg 768w\" sizes=\"auto, (max-width: 800px) 100vw, 800px\" \/><img loading=\"lazy\" decoding=\"async\" class=\"alignnone wp-image-2472 size-full\" src=\"https:\/\/eveniments.es\/wp-content\/uploads\/2020\/06\/caminantes-3.jpg\" alt=\"\" width=\"800\" height=\"500\" srcset=\"https:\/\/eveniments.es\/wp-content\/uploads\/2020\/06\/caminantes-3.jpg 800w, https:\/\/eveniments.es\/wp-content\/uploads\/2020\/06\/caminantes-3-300x188.jpg 300w, https:\/\/eveniments.es\/wp-content\/uploads\/2020\/06\/caminantes-3-768x480.jpg 768w\" sizes=\"auto, (max-width: 800px) 100vw, 800px\" \/><\/p>\n","protected":false},"excerpt":{"rendered":"<div class=\"mh-excerpt\"><\/div>","protected":false},"author":1,"featured_media":0,"parent":0,"menu_order":0,"comment_status":"closed","ping_status":"closed","template":"template-full.php","meta":{"footnotes":""},"class_list":["post-2469","page","type-page","status-publish","hentry"],"_links":{"self":[{"href":"https:\/\/eveniments.es\/home\/wp-json\/wp\/v2\/pages\/2469","targetHints":{"allow":["GET"]}}],"collection":[{"href":"https:\/\/eveniments.es\/home\/wp-json\/wp\/v2\/pages"}],"about":[{"href":"https:\/\/eveniments.es\/home\/wp-json\/wp\/v2\/types\/page"}],"author":[{"embeddable":true,"href":"https:\/\/eveniments.es\/home\/wp-json\/wp\/v2\/users\/1"}],"replies":[{"embeddable":true,"href":"https:\/\/eveniments.es\/home\/wp-json\/wp\/v2\/comments?post=2469"}],"version-history":[{"count":2,"href":"https:\/\/eveniments.es\/home\/wp-json\/wp\/v2\/pages\/2469\/revisions"}],"predecessor-version":[{"id":2477,"href":"https:\/\/eveniments.es\/home\/wp-json\/wp\/v2\/pages\/2469\/revisions\/2477"}],"wp:attachment":[{"href":"https:\/\/eveniments.es\/home\/wp-json\/wp\/v2\/media?parent=2469"}],"curies":[{"name":"wp","href":"https:\/\/api.w.org\/{rel}","templated":true}]}}