{"id":2478,"date":"2020-06-21T21:03:27","date_gmt":"2020-06-21T21:03:27","guid":{"rendered":"https:\/\/eveniments.es\/?page_id=2478"},"modified":"2020-06-30T16:59:35","modified_gmt":"2020-06-30T16:59:35","slug":"caja-de-la-letras-magicas","status":"publish","type":"page","link":"https:\/\/eveniments.es\/home\/caja-de-la-letras-magicas","title":{"rendered":"Caja de la Letras M\u00e1gicas"},"content":{"rendered":"\n<p>La obra trata de reflexionar sobre los valores elementales de las personas. La joven protagonista ha sido creada con el prop\u00f3sito de hablar sobre los valores olvidados. El espect\u00e1culo se divide en tres partes:<\/p>\n<p>La primera, es la presentaci\u00f3n de la joven. Se crear\u00e1 una coreograf\u00eda vertical que simboliza el riesgo que vivimos en la sociedad actual.<\/p>\n<p>La segunda parte, hace homenaje a la figura del padre. Se representan acrobacias a\u00e9reas a seis metros de altura, se realiza la escenificaci\u00f3n de lo que supone para su padre estar al lado de su hija apoy\u00e1ndola de manera incondicional.<\/p>\n<p>Y por \u00faltimo, se realiza una reflexi\u00f3n sobre la fuerza de la palabra y el buen uso de \u00e9stas. Durante este espacio cuatro artistas de danza se encaraman en las escaleras laterales &nbsp;simbolizando la humanizaci\u00f3n industrial.<\/p>\n<p><img loading=\"lazy\" decoding=\"async\" class=\"alignnone wp-image-2479\" src=\"https:\/\/eveniments.es\/wp-content\/uploads\/2020\/06\/Marioneta2.jpg\" alt=\"\" width=\"1024\" height=\"684\" srcset=\"https:\/\/eveniments.es\/wp-content\/uploads\/2020\/06\/Marioneta2.jpg 800w, https:\/\/eveniments.es\/wp-content\/uploads\/2020\/06\/Marioneta2-300x200.jpg 300w, https:\/\/eveniments.es\/wp-content\/uploads\/2020\/06\/Marioneta2-768x513.jpg 768w\" sizes=\"auto, (max-width: 1024px) 100vw, 1024px\" \/><\/p>\n","protected":false},"excerpt":{"rendered":"<div class=\"mh-excerpt\"><\/div>","protected":false},"author":1,"featured_media":0,"parent":0,"menu_order":0,"comment_status":"closed","ping_status":"closed","template":"template-full.php","meta":{"footnotes":""},"class_list":["post-2478","page","type-page","status-publish","hentry"],"_links":{"self":[{"href":"https:\/\/eveniments.es\/home\/wp-json\/wp\/v2\/pages\/2478","targetHints":{"allow":["GET"]}}],"collection":[{"href":"https:\/\/eveniments.es\/home\/wp-json\/wp\/v2\/pages"}],"about":[{"href":"https:\/\/eveniments.es\/home\/wp-json\/wp\/v2\/types\/page"}],"author":[{"embeddable":true,"href":"https:\/\/eveniments.es\/home\/wp-json\/wp\/v2\/users\/1"}],"replies":[{"embeddable":true,"href":"https:\/\/eveniments.es\/home\/wp-json\/wp\/v2\/comments?post=2478"}],"version-history":[{"count":3,"href":"https:\/\/eveniments.es\/home\/wp-json\/wp\/v2\/pages\/2478\/revisions"}],"predecessor-version":[{"id":3222,"href":"https:\/\/eveniments.es\/home\/wp-json\/wp\/v2\/pages\/2478\/revisions\/3222"}],"wp:attachment":[{"href":"https:\/\/eveniments.es\/home\/wp-json\/wp\/v2\/media?parent=2478"}],"curies":[{"name":"wp","href":"https:\/\/api.w.org\/{rel}","templated":true}]}}