{"id":2493,"date":"2020-06-21T21:17:47","date_gmt":"2020-06-21T21:17:47","guid":{"rendered":"https:\/\/eveniments.es\/?page_id=2493"},"modified":"2020-06-30T13:26:09","modified_gmt":"2020-06-30T13:26:09","slug":"avestruces","status":"publish","type":"page","link":"https:\/\/eveniments.es\/home\/avestruces","title":{"rendered":"Avestruces"},"content":{"rendered":"\n<p>M\u00e1xima elegancia, innovaci\u00f3n y originalidad. Un espect\u00e1culo que revoluciona el concepto de espect\u00e1culo de calle. Con sus movimientos nuestras bailarinas conseguir\u00e1n que las avestruces realmente cobren vida.<\/p>\n<p><iframe loading=\"lazy\" title=\"Avestruces\" width=\"500\" height=\"375\" src=\"https:\/\/www.youtube.com\/embed\/GnsS60X6t5A?feature=oembed\" frameborder=\"0\" allow=\"accelerometer; autoplay; clipboard-write; encrypted-media; gyroscope; picture-in-picture; web-share\" referrerpolicy=\"strict-origin-when-cross-origin\" allowfullscreen><\/iframe><\/p>\n","protected":false},"excerpt":{"rendered":"<div class=\"mh-excerpt\"><\/div>","protected":false},"author":1,"featured_media":0,"parent":0,"menu_order":0,"comment_status":"closed","ping_status":"closed","template":"template-full.php","meta":{"footnotes":""},"class_list":["post-2493","page","type-page","status-publish","hentry"],"_links":{"self":[{"href":"https:\/\/eveniments.es\/home\/wp-json\/wp\/v2\/pages\/2493","targetHints":{"allow":["GET"]}}],"collection":[{"href":"https:\/\/eveniments.es\/home\/wp-json\/wp\/v2\/pages"}],"about":[{"href":"https:\/\/eveniments.es\/home\/wp-json\/wp\/v2\/types\/page"}],"author":[{"embeddable":true,"href":"https:\/\/eveniments.es\/home\/wp-json\/wp\/v2\/users\/1"}],"replies":[{"embeddable":true,"href":"https:\/\/eveniments.es\/home\/wp-json\/wp\/v2\/comments?post=2493"}],"version-history":[{"count":1,"href":"https:\/\/eveniments.es\/home\/wp-json\/wp\/v2\/pages\/2493\/revisions"}],"predecessor-version":[{"id":2494,"href":"https:\/\/eveniments.es\/home\/wp-json\/wp\/v2\/pages\/2493\/revisions\/2494"}],"wp:attachment":[{"href":"https:\/\/eveniments.es\/home\/wp-json\/wp\/v2\/media?parent=2493"}],"curies":[{"name":"wp","href":"https:\/\/api.w.org\/{rel}","templated":true}]}}