{"id":2496,"date":"2020-06-21T21:21:40","date_gmt":"2020-06-21T21:21:40","guid":{"rendered":"https:\/\/eveniments.es\/?page_id=2496"},"modified":"2020-06-30T17:04:24","modified_gmt":"2020-06-30T17:04:24","slug":"atlantes","status":"publish","type":"page","link":"https:\/\/eveniments.es\/home\/atlantes","title":{"rendered":"Atlantes"},"content":{"rendered":"\n<p>Un espect\u00e1culo circense elegante que combinar\u00e1 tanto n\u00fameros a\u00e9reos como n\u00fameros de suelo. Dice la leyenda que hubo una tierra en las que los hombres y las mujeres pose\u00edan el saber antiguo y pod\u00edan correr por el cielo como los p\u00e1jaros, bailar en el aire como las mariposas y andar a saltos gigantescos. Desde el fondo del oc\u00e9ano, desde la tierra sumergida de la Atl\u00e1ntida, regresan seres m\u00e1gicos y personajes fant\u00e1sticos para inundarnos de ellos con el sorprendente espect\u00e1culo Atlantes.<\/p>\n<p><img loading=\"lazy\" decoding=\"async\" class=\"alignnone wp-image-2497\" src=\"https:\/\/eveniments.es\/wp-content\/uploads\/2020\/06\/Atlantes.jpg\" alt=\"\" width=\"1024\" height=\"751\" srcset=\"https:\/\/eveniments.es\/wp-content\/uploads\/2020\/06\/Atlantes.jpg 840w, https:\/\/eveniments.es\/wp-content\/uploads\/2020\/06\/Atlantes-300x220.jpg 300w, https:\/\/eveniments.es\/wp-content\/uploads\/2020\/06\/Atlantes-768x563.jpg 768w, https:\/\/eveniments.es\/wp-content\/uploads\/2020\/06\/Atlantes-80x60.jpg 80w\" sizes=\"auto, (max-width: 1024px) 100vw, 1024px\" \/><\/p>\n<p><iframe loading=\"lazy\" title=\"Pasacalles Atlantes\" width=\"500\" height=\"281\" src=\"https:\/\/www.youtube.com\/embed\/5ZpblhLeUnQ?feature=oembed\" frameborder=\"0\" allow=\"accelerometer; autoplay; clipboard-write; encrypted-media; gyroscope; picture-in-picture; web-share\" referrerpolicy=\"strict-origin-when-cross-origin\" allowfullscreen><\/iframe><\/p>\n<p>&nbsp;<\/p>\n","protected":false},"excerpt":{"rendered":"<div class=\"mh-excerpt\"><\/div>","protected":false},"author":1,"featured_media":0,"parent":0,"menu_order":0,"comment_status":"closed","ping_status":"closed","template":"template-full.php","meta":{"footnotes":""},"class_list":["post-2496","page","type-page","status-publish","hentry"],"_links":{"self":[{"href":"https:\/\/eveniments.es\/home\/wp-json\/wp\/v2\/pages\/2496","targetHints":{"allow":["GET"]}}],"collection":[{"href":"https:\/\/eveniments.es\/home\/wp-json\/wp\/v2\/pages"}],"about":[{"href":"https:\/\/eveniments.es\/home\/wp-json\/wp\/v2\/types\/page"}],"author":[{"embeddable":true,"href":"https:\/\/eveniments.es\/home\/wp-json\/wp\/v2\/users\/1"}],"replies":[{"embeddable":true,"href":"https:\/\/eveniments.es\/home\/wp-json\/wp\/v2\/comments?post=2496"}],"version-history":[{"count":4,"href":"https:\/\/eveniments.es\/home\/wp-json\/wp\/v2\/pages\/2496\/revisions"}],"predecessor-version":[{"id":3230,"href":"https:\/\/eveniments.es\/home\/wp-json\/wp\/v2\/pages\/2496\/revisions\/3230"}],"wp:attachment":[{"href":"https:\/\/eveniments.es\/home\/wp-json\/wp\/v2\/media?parent=2496"}],"curies":[{"name":"wp","href":"https:\/\/api.w.org\/{rel}","templated":true}]}}