{"id":2516,"date":"2020-06-22T07:38:51","date_gmt":"2020-06-22T07:38:51","guid":{"rendered":"https:\/\/eveniments.es\/?page_id=2516"},"modified":"2020-06-30T13:25:15","modified_gmt":"2020-06-30T13:25:15","slug":"angeles-bigban","status":"publish","type":"page","link":"https:\/\/eveniments.es\/home\/angeles-bigban","title":{"rendered":"Angeles BigBan"},"content":{"rendered":"\n<p>Espect\u00e1culo en el que se une la fuerza y la belleza del fuego con una impresionante explosi\u00f3n de color, inspirado en un tiempo remoto en el que la nada dominaba el universo y que en un punto cr\u00edtico se produce un estallido que formar\u00e1 un nuevo mundo en el que el poder volc\u00e1nico con su fuego todo lo domina y posee. Pero en su posterior enfriamiento da paso a la vida, una vida excepcionalmente colorida y vigorosa.&nbsp;<strong><em>\u201cUn desfile que jam\u00e1s deja indiferente al ojo que desee observar\u201d.<\/em><\/strong><\/p>\n<p><img loading=\"lazy\" decoding=\"async\" class=\"alignnone wp-image-2517 \" src=\"https:\/\/eveniments.es\/wp-content\/uploads\/2020\/06\/Picture2.png\" alt=\"\" width=\"608\" height=\"404\" srcset=\"https:\/\/eveniments.es\/wp-content\/uploads\/2020\/06\/Picture2.png 515w, https:\/\/eveniments.es\/wp-content\/uploads\/2020\/06\/Picture2-300x199.png 300w\" sizes=\"auto, (max-width: 608px) 100vw, 608px\" \/><img loading=\"lazy\" decoding=\"async\" class=\"alignnone  wp-image-2518\" src=\"https:\/\/eveniments.es\/wp-content\/uploads\/2020\/06\/Picture5-300x189.png\" alt=\"\" width=\"579\" height=\"365\" srcset=\"https:\/\/eveniments.es\/wp-content\/uploads\/2020\/06\/Picture5-300x189.png 300w, https:\/\/eveniments.es\/wp-content\/uploads\/2020\/06\/Picture5.png 410w\" sizes=\"auto, (max-width: 579px) 100vw, 579px\" \/><img loading=\"lazy\" decoding=\"async\" class=\"alignnone  wp-image-2519\" src=\"https:\/\/eveniments.es\/wp-content\/uploads\/2020\/06\/Picture4-300x222.png\" alt=\"\" width=\"591\" height=\"437\" srcset=\"https:\/\/eveniments.es\/wp-content\/uploads\/2020\/06\/Picture4-300x222.png 300w, https:\/\/eveniments.es\/wp-content\/uploads\/2020\/06\/Picture4-80x60.png 80w, https:\/\/eveniments.es\/wp-content\/uploads\/2020\/06\/Picture4.png 417w\" sizes=\"auto, (max-width: 591px) 100vw, 591px\" \/><img loading=\"lazy\" decoding=\"async\" class=\"alignnone  wp-image-2520\" src=\"https:\/\/eveniments.es\/wp-content\/uploads\/2020\/06\/Captura-de-pantalla-2016-10-21-a-las-12.40.47-300x204.jpg\" alt=\"\" width=\"579\" height=\"394\" srcset=\"https:\/\/eveniments.es\/wp-content\/uploads\/2020\/06\/Captura-de-pantalla-2016-10-21-a-las-12.40.47-300x204.jpg 300w, https:\/\/eveniments.es\/wp-content\/uploads\/2020\/06\/Captura-de-pantalla-2016-10-21-a-las-12.40.47.jpg 700w\" sizes=\"auto, (max-width: 579px) 100vw, 579px\" \/><\/p>\n","protected":false},"excerpt":{"rendered":"<div class=\"mh-excerpt\"><\/div>","protected":false},"author":1,"featured_media":0,"parent":0,"menu_order":0,"comment_status":"closed","ping_status":"closed","template":"template-full.php","meta":{"footnotes":""},"class_list":["post-2516","page","type-page","status-publish","hentry"],"_links":{"self":[{"href":"https:\/\/eveniments.es\/home\/wp-json\/wp\/v2\/pages\/2516","targetHints":{"allow":["GET"]}}],"collection":[{"href":"https:\/\/eveniments.es\/home\/wp-json\/wp\/v2\/pages"}],"about":[{"href":"https:\/\/eveniments.es\/home\/wp-json\/wp\/v2\/types\/page"}],"author":[{"embeddable":true,"href":"https:\/\/eveniments.es\/home\/wp-json\/wp\/v2\/users\/1"}],"replies":[{"embeddable":true,"href":"https:\/\/eveniments.es\/home\/wp-json\/wp\/v2\/comments?post=2516"}],"version-history":[{"count":1,"href":"https:\/\/eveniments.es\/home\/wp-json\/wp\/v2\/pages\/2516\/revisions"}],"predecessor-version":[{"id":2521,"href":"https:\/\/eveniments.es\/home\/wp-json\/wp\/v2\/pages\/2516\/revisions\/2521"}],"wp:attachment":[{"href":"https:\/\/eveniments.es\/home\/wp-json\/wp\/v2\/media?parent=2516"}],"curies":[{"name":"wp","href":"https:\/\/api.w.org\/{rel}","templated":true}]}}