{"id":2529,"date":"2020-06-22T07:52:48","date_gmt":"2020-06-22T07:52:48","guid":{"rendered":"https:\/\/eveniments.es\/?page_id=2529"},"modified":"2020-06-30T17:55:19","modified_gmt":"2020-06-30T17:55:19","slug":"agua","status":"publish","type":"page","link":"https:\/\/eveniments.es\/home\/agua","title":{"rendered":"Agua"},"content":{"rendered":"\n<p>El dise\u00f1o del vestuario y movimientos representan a la fina agua de lluvia. Desde una cascada en lo alto, salpicar\u00e1 el agua en su bajada caprichosa con sus movimientos ondulantes, frescos, azules, brillantes. Una coreograf\u00eda que impacta por su gran efecto visual. Nunca fue representada de mejor forma el AGUA.<\/p>\n<p><img loading=\"lazy\" decoding=\"async\" class=\"alignnone wp-image-2530\" src=\"https:\/\/eveniments.es\/wp-content\/uploads\/2020\/06\/agua-4-300x220.jpg\" alt=\"\" width=\"1024\" height=\"752\" srcset=\"https:\/\/eveniments.es\/wp-content\/uploads\/2020\/06\/agua-4-300x220.jpg 300w, https:\/\/eveniments.es\/wp-content\/uploads\/2020\/06\/agua-4-80x60.jpg 80w, https:\/\/eveniments.es\/wp-content\/uploads\/2020\/06\/agua-4.jpg 595w\" sizes=\"auto, (max-width: 1024px) 100vw, 1024px\" \/><img loading=\"lazy\" decoding=\"async\" class=\"alignnone wp-image-2531\" src=\"https:\/\/eveniments.es\/wp-content\/uploads\/2020\/06\/agua-3-300x220.jpg\" alt=\"\" width=\"1024\" height=\"752\" srcset=\"https:\/\/eveniments.es\/wp-content\/uploads\/2020\/06\/agua-3-300x220.jpg 300w, https:\/\/eveniments.es\/wp-content\/uploads\/2020\/06\/agua-3-80x60.jpg 80w, https:\/\/eveniments.es\/wp-content\/uploads\/2020\/06\/agua-3.jpg 543w\" sizes=\"auto, (max-width: 1024px) 100vw, 1024px\" \/><img loading=\"lazy\" decoding=\"async\" class=\"alignnone wp-image-2532\" src=\"https:\/\/eveniments.es\/wp-content\/uploads\/2020\/06\/agua-1-300x220.jpg\" alt=\"\" width=\"1024\" height=\"751\" srcset=\"https:\/\/eveniments.es\/wp-content\/uploads\/2020\/06\/agua-1-300x220.jpg 300w, https:\/\/eveniments.es\/wp-content\/uploads\/2020\/06\/agua-1-80x60.jpg 80w, https:\/\/eveniments.es\/wp-content\/uploads\/2020\/06\/agua-1.jpg 477w\" sizes=\"auto, (max-width: 1024px) 100vw, 1024px\" \/><\/p>\n<p><iframe loading=\"lazy\" title=\"Agua\" width=\"500\" height=\"375\" src=\"https:\/\/www.youtube.com\/embed\/rMcMal8xOt4?feature=oembed\" frameborder=\"0\" allow=\"accelerometer; autoplay; clipboard-write; encrypted-media; gyroscope; picture-in-picture; web-share\" referrerpolicy=\"strict-origin-when-cross-origin\" allowfullscreen><\/iframe><\/p>\n","protected":false},"excerpt":{"rendered":"<div class=\"mh-excerpt\"><\/div>","protected":false},"author":1,"featured_media":0,"parent":0,"menu_order":0,"comment_status":"closed","ping_status":"closed","template":"template-full.php","meta":{"footnotes":""},"class_list":["post-2529","page","type-page","status-publish","hentry"],"_links":{"self":[{"href":"https:\/\/eveniments.es\/home\/wp-json\/wp\/v2\/pages\/2529","targetHints":{"allow":["GET"]}}],"collection":[{"href":"https:\/\/eveniments.es\/home\/wp-json\/wp\/v2\/pages"}],"about":[{"href":"https:\/\/eveniments.es\/home\/wp-json\/wp\/v2\/types\/page"}],"author":[{"embeddable":true,"href":"https:\/\/eveniments.es\/home\/wp-json\/wp\/v2\/users\/1"}],"replies":[{"embeddable":true,"href":"https:\/\/eveniments.es\/home\/wp-json\/wp\/v2\/comments?post=2529"}],"version-history":[{"count":3,"href":"https:\/\/eveniments.es\/home\/wp-json\/wp\/v2\/pages\/2529\/revisions"}],"predecessor-version":[{"id":3279,"href":"https:\/\/eveniments.es\/home\/wp-json\/wp\/v2\/pages\/2529\/revisions\/3279"}],"wp:attachment":[{"href":"https:\/\/eveniments.es\/home\/wp-json\/wp\/v2\/media?parent=2529"}],"curies":[{"name":"wp","href":"https:\/\/api.w.org\/{rel}","templated":true}]}}