{"id":2535,"date":"2020-06-22T08:12:48","date_gmt":"2020-06-22T08:12:48","guid":{"rendered":"https:\/\/eveniments.es\/?page_id=2535"},"modified":"2020-06-30T13:24:31","modified_gmt":"2020-06-30T13:24:31","slug":"afrika","status":"publish","type":"page","link":"https:\/\/eveniments.es\/home\/afrika","title":{"rendered":"Afrika"},"content":{"rendered":"\n<p>Pasacalles con diferentes tipo de animales (elefante grande y peque\u00f1o, un gran le\u00f3n con una enorme cabeza, el hipop\u00f3tamo, la cebra con sus preciosas y perfectas rayas, y no nos pod\u00eda faltar en este&nbsp;espect\u00e1culo la gran jirafa con su largo cuello) que representan la gran&nbsp;sabana&nbsp;africana. Estos simp\u00e1ticos animales son manipulados por actores que permiten la interacci\u00f3n con el p\u00fablico asistente.<\/p>\n<p>Estos animales son de dimensiones grandes por lo que completan y rellenan muy bien las calles. Son muy divertidos, algo &nbsp;que a los ni\u00f1os les encantar\u00e1.<\/p>\n<p><img loading=\"lazy\" decoding=\"async\" class=\"alignnone  wp-image-2537\" src=\"https:\/\/eveniments.es\/wp-content\/uploads\/2020\/06\/africa3.jpg\" alt=\"\" width=\"581\" height=\"389\"><img loading=\"lazy\" decoding=\"async\" class=\"alignnone  wp-image-2538\" src=\"https:\/\/eveniments.es\/wp-content\/uploads\/2020\/06\/africa2-300x225.jpg\" alt=\"\" width=\"587\" height=\"440\" srcset=\"https:\/\/eveniments.es\/wp-content\/uploads\/2020\/06\/africa2-300x225.jpg 300w, https:\/\/eveniments.es\/wp-content\/uploads\/2020\/06\/africa2-326x245.jpg 326w, https:\/\/eveniments.es\/wp-content\/uploads\/2020\/06\/africa2-80x60.jpg 80w, https:\/\/eveniments.es\/wp-content\/uploads\/2020\/06\/africa2.jpg 400w\" sizes=\"auto, (max-width: 587px) 100vw, 587px\" \/><img loading=\"lazy\" decoding=\"async\" class=\"alignnone  wp-image-2536\" src=\"https:\/\/eveniments.es\/wp-content\/uploads\/2020\/06\/afrika-300x200.jpg\" alt=\"\" width=\"590\" height=\"393\" srcset=\"https:\/\/eveniments.es\/wp-content\/uploads\/2020\/06\/afrika-300x200.jpg 300w, https:\/\/eveniments.es\/wp-content\/uploads\/2020\/06\/afrika-768x512.jpg 768w, https:\/\/eveniments.es\/wp-content\/uploads\/2020\/06\/afrika.jpg 800w\" sizes=\"auto, (max-width: 590px) 100vw, 590px\" \/><\/p>\n<p><iframe loading=\"lazy\" title=\"Afrika\" width=\"500\" height=\"281\" src=\"https:\/\/www.youtube.com\/embed\/EIi9HjOuQ3U?feature=oembed\" frameborder=\"0\" allow=\"accelerometer; autoplay; clipboard-write; encrypted-media; gyroscope; picture-in-picture; web-share\" referrerpolicy=\"strict-origin-when-cross-origin\" allowfullscreen><\/iframe><\/p>\n","protected":false},"excerpt":{"rendered":"<div class=\"mh-excerpt\"><\/div>","protected":false},"author":1,"featured_media":0,"parent":0,"menu_order":0,"comment_status":"closed","ping_status":"closed","template":"template-full.php","meta":{"footnotes":""},"class_list":["post-2535","page","type-page","status-publish","hentry"],"_links":{"self":[{"href":"https:\/\/eveniments.es\/home\/wp-json\/wp\/v2\/pages\/2535","targetHints":{"allow":["GET"]}}],"collection":[{"href":"https:\/\/eveniments.es\/home\/wp-json\/wp\/v2\/pages"}],"about":[{"href":"https:\/\/eveniments.es\/home\/wp-json\/wp\/v2\/types\/page"}],"author":[{"embeddable":true,"href":"https:\/\/eveniments.es\/home\/wp-json\/wp\/v2\/users\/1"}],"replies":[{"embeddable":true,"href":"https:\/\/eveniments.es\/home\/wp-json\/wp\/v2\/comments?post=2535"}],"version-history":[{"count":1,"href":"https:\/\/eveniments.es\/home\/wp-json\/wp\/v2\/pages\/2535\/revisions"}],"predecessor-version":[{"id":2539,"href":"https:\/\/eveniments.es\/home\/wp-json\/wp\/v2\/pages\/2535\/revisions\/2539"}],"wp:attachment":[{"href":"https:\/\/eveniments.es\/home\/wp-json\/wp\/v2\/media?parent=2535"}],"curies":[{"name":"wp","href":"https:\/\/api.w.org\/{rel}","templated":true}]}}