{"id":2541,"date":"2020-06-22T08:18:46","date_gmt":"2020-06-22T08:18:46","guid":{"rendered":"https:\/\/eveniments.es\/?page_id=2541"},"modified":"2020-06-30T14:00:12","modified_gmt":"2020-06-30T14:00:12","slug":"aeroplaneando","status":"publish","type":"page","link":"https:\/\/eveniments.es\/home\/aeroplaneando","title":{"rendered":"Aeroplaneando"},"content":{"rendered":"\n<p>Retrocedemos en el tiempo para volver al a\u00f1o 1903 donde encontraremos a los famosos&nbsp;&nbsp;hermanos Wright. Reconocidos por tener un taller de bicicletas y \u00e9stos nos trasladar\u00e1n a presenciar el primer vuelo en aeroplano de la historia. Les acompa\u00f1an el Gobernador en un zeppelin y Julianna (que es la prometida del peque\u00f1o de los hermanos) en un atractivo globo aeroest\u00e1tico.<\/p>\n<p><img loading=\"lazy\" decoding=\"async\" class=\"alignnone wp-image-2542\" src=\"https:\/\/eveniments.es\/wp-content\/uploads\/2020\/06\/aeroplano2.jpg\" alt=\"\" width=\"1024\" height=\"668\" srcset=\"https:\/\/eveniments.es\/wp-content\/uploads\/2020\/06\/aeroplano2.jpg 800w, https:\/\/eveniments.es\/wp-content\/uploads\/2020\/06\/aeroplano2-300x196.jpg 300w, https:\/\/eveniments.es\/wp-content\/uploads\/2020\/06\/aeroplano2-768x501.jpg 768w\" sizes=\"auto, (max-width: 1024px) 100vw, 1024px\" \/><img loading=\"lazy\" decoding=\"async\" class=\"alignnone wp-image-2543\" src=\"https:\/\/eveniments.es\/wp-content\/uploads\/2020\/06\/aeroplano.jpg\" alt=\"\" width=\"1024\" height=\"668\" srcset=\"https:\/\/eveniments.es\/wp-content\/uploads\/2020\/06\/aeroplano.jpg 800w, https:\/\/eveniments.es\/wp-content\/uploads\/2020\/06\/aeroplano-300x196.jpg 300w, https:\/\/eveniments.es\/wp-content\/uploads\/2020\/06\/aeroplano-768x501.jpg 768w\" sizes=\"auto, (max-width: 1024px) 100vw, 1024px\" \/><\/p>\n","protected":false},"excerpt":{"rendered":"<div class=\"mh-excerpt\"><\/div>","protected":false},"author":1,"featured_media":0,"parent":0,"menu_order":0,"comment_status":"closed","ping_status":"closed","template":"template-full.php","meta":{"footnotes":""},"class_list":["post-2541","page","type-page","status-publish","hentry"],"_links":{"self":[{"href":"https:\/\/eveniments.es\/home\/wp-json\/wp\/v2\/pages\/2541","targetHints":{"allow":["GET"]}}],"collection":[{"href":"https:\/\/eveniments.es\/home\/wp-json\/wp\/v2\/pages"}],"about":[{"href":"https:\/\/eveniments.es\/home\/wp-json\/wp\/v2\/types\/page"}],"author":[{"embeddable":true,"href":"https:\/\/eveniments.es\/home\/wp-json\/wp\/v2\/users\/1"}],"replies":[{"embeddable":true,"href":"https:\/\/eveniments.es\/home\/wp-json\/wp\/v2\/comments?post=2541"}],"version-history":[{"count":3,"href":"https:\/\/eveniments.es\/home\/wp-json\/wp\/v2\/pages\/2541\/revisions"}],"predecessor-version":[{"id":3148,"href":"https:\/\/eveniments.es\/home\/wp-json\/wp\/v2\/pages\/2541\/revisions\/3148"}],"wp:attachment":[{"href":"https:\/\/eveniments.es\/home\/wp-json\/wp\/v2\/media?parent=2541"}],"curies":[{"name":"wp","href":"https:\/\/api.w.org\/{rel}","templated":true}]}}