{"id":2546,"date":"2020-06-22T08:23:17","date_gmt":"2020-06-22T08:23:17","guid":{"rendered":"https:\/\/eveniments.es\/?page_id=2546"},"modified":"2020-06-30T13:24:09","modified_gmt":"2020-06-30T13:24:09","slug":"abishala","status":"publish","type":"page","link":"https:\/\/eveniments.es\/home\/abishala","title":{"rendered":"Abishala"},"content":{"rendered":"\n<p>El espect\u00e1culo esta dividido en dos partes: Una primera que ser\u00eda itinerante y una segunda esc\u00e9nica. En la primera se realizan acrobacias, coreograf\u00edas, malabares, manipulaci\u00f3n de objetos de luces y juegos que interaccionan con el p\u00fablico.<\/p>\n<p>La segunda parte se representa en un espacio esc\u00e9nico preestablecido y consta de el espect\u00e1culo de fuego y artificio, el ritual de acrobacias y el encantamiento de la serpiente (acrobacias con cuerdas).<\/p>\n<p><img loading=\"lazy\" decoding=\"async\" class=\"alignnone  wp-image-2547\" src=\"https:\/\/eveniments.es\/wp-content\/uploads\/2020\/06\/Abilasha-300x220.jpg\" alt=\"\" width=\"591\" height=\"433\" srcset=\"https:\/\/eveniments.es\/wp-content\/uploads\/2020\/06\/Abilasha-300x220.jpg 300w, https:\/\/eveniments.es\/wp-content\/uploads\/2020\/06\/Abilasha-768x563.jpg 768w, https:\/\/eveniments.es\/wp-content\/uploads\/2020\/06\/Abilasha-80x60.jpg 80w, https:\/\/eveniments.es\/wp-content\/uploads\/2020\/06\/Abilasha.jpg 840w\" sizes=\"auto, (max-width: 591px) 100vw, 591px\" \/><\/p>\n<p><iframe loading=\"lazy\" title=\"Abilasha    Fiesta Hind\u00fa   D\u00eda\" width=\"500\" height=\"281\" src=\"https:\/\/www.youtube.com\/embed\/i9RP-cbS3nc?feature=oembed\" frameborder=\"0\" allow=\"accelerometer; autoplay; clipboard-write; encrypted-media; gyroscope; picture-in-picture; web-share\" referrerpolicy=\"strict-origin-when-cross-origin\" allowfullscreen><\/iframe><\/p>\n<p><iframe loading=\"lazy\" title=\"Abilasha Fiesta Hind\u00fa\" width=\"500\" height=\"281\" src=\"https:\/\/www.youtube.com\/embed\/NJPNWigyF3c?feature=oembed\" frameborder=\"0\" allow=\"accelerometer; autoplay; clipboard-write; encrypted-media; gyroscope; picture-in-picture; web-share\" referrerpolicy=\"strict-origin-when-cross-origin\" allowfullscreen><\/iframe><\/p>\n","protected":false},"excerpt":{"rendered":"<div class=\"mh-excerpt\"><\/div>","protected":false},"author":1,"featured_media":0,"parent":0,"menu_order":0,"comment_status":"closed","ping_status":"closed","template":"template-full.php","meta":{"footnotes":""},"class_list":["post-2546","page","type-page","status-publish","hentry"],"_links":{"self":[{"href":"https:\/\/eveniments.es\/home\/wp-json\/wp\/v2\/pages\/2546","targetHints":{"allow":["GET"]}}],"collection":[{"href":"https:\/\/eveniments.es\/home\/wp-json\/wp\/v2\/pages"}],"about":[{"href":"https:\/\/eveniments.es\/home\/wp-json\/wp\/v2\/types\/page"}],"author":[{"embeddable":true,"href":"https:\/\/eveniments.es\/home\/wp-json\/wp\/v2\/users\/1"}],"replies":[{"embeddable":true,"href":"https:\/\/eveniments.es\/home\/wp-json\/wp\/v2\/comments?post=2546"}],"version-history":[{"count":1,"href":"https:\/\/eveniments.es\/home\/wp-json\/wp\/v2\/pages\/2546\/revisions"}],"predecessor-version":[{"id":2548,"href":"https:\/\/eveniments.es\/home\/wp-json\/wp\/v2\/pages\/2546\/revisions\/2548"}],"wp:attachment":[{"href":"https:\/\/eveniments.es\/home\/wp-json\/wp\/v2\/media?parent=2546"}],"curies":[{"name":"wp","href":"https:\/\/api.w.org\/{rel}","templated":true}]}}