{"id":2550,"date":"2020-06-22T08:36:16","date_gmt":"2020-06-22T08:36:16","guid":{"rendered":"https:\/\/eveniments.es\/?page_id=2550"},"modified":"2020-06-30T16:36:44","modified_gmt":"2020-06-30T16:36:44","slug":"alejibres","status":"publish","type":"page","link":"https:\/\/eveniments.es\/home\/alejibres","title":{"rendered":"Alejibres"},"content":{"rendered":"\n<p><br>Espect\u00e1culo itinerante iluminado, la combinaci\u00f3n de m\u00e1scaras y grandes marionetas. Inspirado en los alebriJes, estos son seres imaginarios conformados por elementos fison\u00f3micos de animales diferentes, una combinaci\u00f3n de varios animales, no solo fant\u00e1sticos sino tambi\u00e9n reales.<\/p>\n<p><img loading=\"lazy\" decoding=\"async\" class=\"alignnone wp-image-2552\" src=\"https:\/\/eveniments.es\/wp-content\/uploads\/2020\/06\/Alejibre3.jpg\" alt=\"\" width=\"1024\" height=\"674\"> <br><img loading=\"lazy\" decoding=\"async\" class=\"alignnone wp-image-2554\" src=\"https:\/\/eveniments.es\/wp-content\/uploads\/2020\/06\/Alejibre-300x203.jpg\" alt=\"\" width=\"1024\" height=\"692\" srcset=\"https:\/\/eveniments.es\/wp-content\/uploads\/2020\/06\/Alejibre-300x203.jpg 300w, https:\/\/eveniments.es\/wp-content\/uploads\/2020\/06\/Alejibre.jpg 339w\" sizes=\"auto, (max-width: 1024px) 100vw, 1024px\" \/><\/p>\n<p><img loading=\"lazy\" decoding=\"async\" class=\"alignnone wp-image-2551\" src=\"https:\/\/eveniments.es\/wp-content\/uploads\/2020\/06\/Alejibre4-300x98.jpg\" alt=\"\" width=\"1024\" height=\"333\" srcset=\"https:\/\/eveniments.es\/wp-content\/uploads\/2020\/06\/Alejibre4-300x98.jpg 300w, https:\/\/eveniments.es\/wp-content\/uploads\/2020\/06\/Alejibre4-1024x333.jpg 1024w, https:\/\/eveniments.es\/wp-content\/uploads\/2020\/06\/Alejibre4-768x250.jpg 768w, https:\/\/eveniments.es\/wp-content\/uploads\/2020\/06\/Alejibre4.jpg 1255w\" sizes=\"auto, (max-width: 1024px) 100vw, 1024px\" \/><\/p>\n<p><img loading=\"lazy\" decoding=\"async\" class=\"alignnone wp-image-2553\" src=\"https:\/\/eveniments.es\/wp-content\/uploads\/2020\/06\/Alejibre2.jpg\" alt=\"\" width=\"1024\" height=\"1002\"><\/p>\n<p>&nbsp;<\/p>\n","protected":false},"excerpt":{"rendered":"<div class=\"mh-excerpt\"><\/div>","protected":false},"author":1,"featured_media":0,"parent":0,"menu_order":0,"comment_status":"closed","ping_status":"closed","template":"template-full.php","meta":{"footnotes":""},"class_list":["post-2550","page","type-page","status-publish","hentry"],"_links":{"self":[{"href":"https:\/\/eveniments.es\/home\/wp-json\/wp\/v2\/pages\/2550","targetHints":{"allow":["GET"]}}],"collection":[{"href":"https:\/\/eveniments.es\/home\/wp-json\/wp\/v2\/pages"}],"about":[{"href":"https:\/\/eveniments.es\/home\/wp-json\/wp\/v2\/types\/page"}],"author":[{"embeddable":true,"href":"https:\/\/eveniments.es\/home\/wp-json\/wp\/v2\/users\/1"}],"replies":[{"embeddable":true,"href":"https:\/\/eveniments.es\/home\/wp-json\/wp\/v2\/comments?post=2550"}],"version-history":[{"count":2,"href":"https:\/\/eveniments.es\/home\/wp-json\/wp\/v2\/pages\/2550\/revisions"}],"predecessor-version":[{"id":3203,"href":"https:\/\/eveniments.es\/home\/wp-json\/wp\/v2\/pages\/2550\/revisions\/3203"}],"wp:attachment":[{"href":"https:\/\/eveniments.es\/home\/wp-json\/wp\/v2\/media?parent=2550"}],"curies":[{"name":"wp","href":"https:\/\/api.w.org\/{rel}","templated":true}]}}