{"id":2557,"date":"2020-06-22T08:42:48","date_gmt":"2020-06-22T08:42:48","guid":{"rendered":"https:\/\/eveniments.es\/?page_id=2557"},"modified":"2020-06-30T16:56:35","modified_gmt":"2020-06-30T16:56:35","slug":"les-nomades","status":"publish","type":"page","link":"https:\/\/eveniments.es\/home\/les-nomades","title":{"rendered":"Les Nomades"},"content":{"rendered":"\n<p>Con una gran puesta en escena, dos criaturas de grandes dimensiones llegadas de Tierra de Fantas\u00eda nos invitan a hacer un sorprendente viaje visual y sonoro a trav\u00e9s de los 5 Continentes. Dejar que os sorprendan con cada paso, en cada movimiento&#8230; transformando el espacio en un mundo imaginario lleno de nuevas sensaciones. <br>Un espect\u00e1culo sorprendente y a la vez innovador donde dejar volar la imaginaci\u00f3n por unos instantes y pasear entre estos espectaculares seres fant\u00e1sticos. <br>Les Nomades es un espect\u00e1culo itinerante de gran formato, interactivo con el p\u00fablico y para disfrutar en familia. <br>Espect\u00e1culo de calle itinerante ( Opcional-noche : iluminado ) <br>DATOS T\u00c9CNICOS: <br>2 N\u00f3mades (Marionetas gigantes articuladas de 6m de longitud) <br>6 T\u00e9cnicos manipuladores de los n\u00f3mades <br>Carro \u201cBosque de fantas\u00eda\u201d con equipo de sonido 1000Watts y m\u00fasica del espect\u00e1culo <br>+1 T\u00e9cnico manipulador del carro \/ t\u00e9cnico sonido \/ t\u00e9cnico adicional.<\/p>\n<p><iframe loading=\"lazy\" title=\"Pasacalles   Les nomades\" width=\"500\" height=\"281\" src=\"https:\/\/www.youtube.com\/embed\/0xmVbTRzJrE?feature=oembed\" frameborder=\"0\" allow=\"accelerometer; autoplay; clipboard-write; encrypted-media; gyroscope; picture-in-picture; web-share\" referrerpolicy=\"strict-origin-when-cross-origin\" allowfullscreen><\/iframe><\/p>\n<p><img loading=\"lazy\" decoding=\"async\" class=\"alignnone wp-image-2558\" src=\"https:\/\/eveniments.es\/wp-content\/uploads\/2020\/06\/Nomades4-300x179.jpg\" alt=\"\" width=\"1024\" height=\"611\" srcset=\"https:\/\/eveniments.es\/wp-content\/uploads\/2020\/06\/Nomades4-300x179.jpg 300w, https:\/\/eveniments.es\/wp-content\/uploads\/2020\/06\/Nomades4-768x458.jpg 768w, https:\/\/eveniments.es\/wp-content\/uploads\/2020\/06\/Nomades4.jpg 800w\" sizes=\"auto, (max-width: 1024px) 100vw, 1024px\" \/><img loading=\"lazy\" decoding=\"async\" class=\"alignnone wp-image-2559\" src=\"https:\/\/eveniments.es\/wp-content\/uploads\/2020\/06\/Les-Nomades-3-300x179.jpg\" alt=\"\" width=\"1024\" height=\"611\" srcset=\"https:\/\/eveniments.es\/wp-content\/uploads\/2020\/06\/Les-Nomades-3-300x179.jpg 300w, https:\/\/eveniments.es\/wp-content\/uploads\/2020\/06\/Les-Nomades-3.jpg 717w\" sizes=\"auto, (max-width: 1024px) 100vw, 1024px\" \/><img loading=\"lazy\" decoding=\"async\" class=\"alignnone wp-image-2560\" src=\"https:\/\/eveniments.es\/wp-content\/uploads\/2020\/06\/Les-Nomades-2-300x155.jpg\" alt=\"\" width=\"1024\" height=\"528\" srcset=\"https:\/\/eveniments.es\/wp-content\/uploads\/2020\/06\/Les-Nomades-2-300x155.jpg 300w, https:\/\/eveniments.es\/wp-content\/uploads\/2020\/06\/Les-Nomades-2-768x396.jpg 768w, https:\/\/eveniments.es\/wp-content\/uploads\/2020\/06\/Les-Nomades-2.jpg 941w\" sizes=\"auto, (max-width: 1024px) 100vw, 1024px\" \/><img loading=\"lazy\" decoding=\"async\" class=\"alignnone wp-image-2561\" src=\"https:\/\/eveniments.es\/wp-content\/uploads\/2020\/06\/Les-Nomades1-300x263.jpg\" alt=\"\" width=\"1024\" height=\"897\" srcset=\"https:\/\/eveniments.es\/wp-content\/uploads\/2020\/06\/Les-Nomades1-300x263.jpg 300w, https:\/\/eveniments.es\/wp-content\/uploads\/2020\/06\/Les-Nomades1-768x673.jpg 768w, https:\/\/eveniments.es\/wp-content\/uploads\/2020\/06\/Les-Nomades1.jpg 889w\" sizes=\"auto, (max-width: 1024px) 100vw, 1024px\" \/><\/p>\n","protected":false},"excerpt":{"rendered":"<div class=\"mh-excerpt\"><\/div>","protected":false},"author":1,"featured_media":0,"parent":0,"menu_order":0,"comment_status":"closed","ping_status":"closed","template":"template-full.php","meta":{"footnotes":""},"class_list":["post-2557","page","type-page","status-publish","hentry"],"_links":{"self":[{"href":"https:\/\/eveniments.es\/home\/wp-json\/wp\/v2\/pages\/2557","targetHints":{"allow":["GET"]}}],"collection":[{"href":"https:\/\/eveniments.es\/home\/wp-json\/wp\/v2\/pages"}],"about":[{"href":"https:\/\/eveniments.es\/home\/wp-json\/wp\/v2\/types\/page"}],"author":[{"embeddable":true,"href":"https:\/\/eveniments.es\/home\/wp-json\/wp\/v2\/users\/1"}],"replies":[{"embeddable":true,"href":"https:\/\/eveniments.es\/home\/wp-json\/wp\/v2\/comments?post=2557"}],"version-history":[{"count":2,"href":"https:\/\/eveniments.es\/home\/wp-json\/wp\/v2\/pages\/2557\/revisions"}],"predecessor-version":[{"id":3217,"href":"https:\/\/eveniments.es\/home\/wp-json\/wp\/v2\/pages\/2557\/revisions\/3217"}],"wp:attachment":[{"href":"https:\/\/eveniments.es\/home\/wp-json\/wp\/v2\/media?parent=2557"}],"curies":[{"name":"wp","href":"https:\/\/api.w.org\/{rel}","templated":true}]}}