{"id":2564,"date":"2020-06-22T08:54:17","date_gmt":"2020-06-22T08:54:17","guid":{"rendered":"https:\/\/eveniments.es\/?page_id=2564"},"modified":"2020-06-30T16:46:36","modified_gmt":"2020-06-30T16:46:36","slug":"hambrientosaurius","status":"publish","type":"page","link":"https:\/\/eveniments.es\/home\/hambrientosaurius","title":{"rendered":"Hambrientosaurius"},"content":{"rendered":"\n<p>Se supone que est\u00e1n extinguidos, sin embargo, las grandes bestias que una vez caminaron sobre la Tierra vuelven a hacerlo en pleno siglo XXI. Con un rugido ensordecedor, cargan a trav\u00e9s de la multitud en busca de comida para calmar su hambre. La gente salta r\u00e1pidamente, jam\u00e1s hab\u00edan visto antes tales bestias gigantes. Suspirar\u00e1n de alivio al darse cuenta de que comienzan a comer plantas. \u00a1Menos mal, vegetarianos!. <br><br>FORMACI\u00d3: 3 Dinosaurios <br>ORIGEN: Pa\u00edses Bajos<\/p>\n<p><iframe loading=\"lazy\" title=\"Hambrientosaurios\" width=\"500\" height=\"281\" src=\"https:\/\/www.youtube.com\/embed\/EqRcsy8peRE?feature=oembed\" frameborder=\"0\" allow=\"accelerometer; autoplay; clipboard-write; encrypted-media; gyroscope; picture-in-picture; web-share\" referrerpolicy=\"strict-origin-when-cross-origin\" allowfullscreen><\/iframe><\/p>\n<p><img loading=\"lazy\" decoding=\"async\" class=\"alignnone wp-image-2567\" src=\"https:\/\/eveniments.es\/wp-content\/uploads\/2020\/06\/Hambrientosaurius2.jpg\" alt=\"\" width=\"1024\" height=\"684\"><img loading=\"lazy\" decoding=\"async\" class=\"alignnone wp-image-2565\" src=\"https:\/\/eveniments.es\/wp-content\/uploads\/2020\/06\/Hambrientosaurius4-300x209.jpg\" alt=\"\" width=\"1024\" height=\"714\" srcset=\"https:\/\/eveniments.es\/wp-content\/uploads\/2020\/06\/Hambrientosaurius4-300x209.jpg 300w, https:\/\/eveniments.es\/wp-content\/uploads\/2020\/06\/Hambrientosaurius4.jpg 353w\" sizes=\"auto, (max-width: 1024px) 100vw, 1024px\" \/><\/p>\n<p><img loading=\"lazy\" decoding=\"async\" class=\"alignnone wp-image-2566\" src=\"https:\/\/eveniments.es\/wp-content\/uploads\/2020\/06\/Hambrientosaurius.jpg\" alt=\"\" width=\"1024\" height=\"644\"><\/p>\n<p><img loading=\"lazy\" decoding=\"async\" class=\"alignnone wp-image-2568\" src=\"https:\/\/eveniments.es\/wp-content\/uploads\/2020\/06\/Hambrientosaurius1.jpg\" alt=\"\" width=\"1024\" height=\"693\"><\/p>\n","protected":false},"excerpt":{"rendered":"<div class=\"mh-excerpt\"><\/div>","protected":false},"author":1,"featured_media":0,"parent":0,"menu_order":0,"comment_status":"closed","ping_status":"closed","template":"template-full.php","meta":{"footnotes":""},"class_list":["post-2564","page","type-page","status-publish","hentry"],"_links":{"self":[{"href":"https:\/\/eveniments.es\/home\/wp-json\/wp\/v2\/pages\/2564","targetHints":{"allow":["GET"]}}],"collection":[{"href":"https:\/\/eveniments.es\/home\/wp-json\/wp\/v2\/pages"}],"about":[{"href":"https:\/\/eveniments.es\/home\/wp-json\/wp\/v2\/types\/page"}],"author":[{"embeddable":true,"href":"https:\/\/eveniments.es\/home\/wp-json\/wp\/v2\/users\/1"}],"replies":[{"embeddable":true,"href":"https:\/\/eveniments.es\/home\/wp-json\/wp\/v2\/comments?post=2564"}],"version-history":[{"count":3,"href":"https:\/\/eveniments.es\/home\/wp-json\/wp\/v2\/pages\/2564\/revisions"}],"predecessor-version":[{"id":3208,"href":"https:\/\/eveniments.es\/home\/wp-json\/wp\/v2\/pages\/2564\/revisions\/3208"}],"wp:attachment":[{"href":"https:\/\/eveniments.es\/home\/wp-json\/wp\/v2\/media?parent=2564"}],"curies":[{"name":"wp","href":"https:\/\/api.w.org\/{rel}","templated":true}]}}