{"id":2571,"date":"2020-06-22T09:11:46","date_gmt":"2020-06-22T09:11:46","guid":{"rendered":"https:\/\/eveniments.es\/?page_id=2571"},"modified":"2020-06-30T17:38:47","modified_gmt":"2020-06-30T17:38:47","slug":"medievo","status":"publish","type":"page","link":"https:\/\/eveniments.es\/home\/medievo","title":{"rendered":"Medievo"},"content":{"rendered":"\n<p>Espect\u00e1culo que destaca por su belleza, realismo y una continuada interacci\u00f3n entre figurantes y elementos.<br>Cuando el Reinado se encuentra en peligro, su Rey, temeroso por cual ser\u00e1 el final de su hija y sus tierras, decide buscar un digno sucesor al trono de entre los Caballeros m\u00e1s aguerridos del Reino. Para decidir quien re\u00fane las mejores cualidades organiza una espectacular Justa, en la que los Caballeros se han de enfrentar los unos a los otros hasta que el Rey tome una decisi\u00f3n. Pero la Princesa Ingrid no se encuentra conforme con la repentina obligaci\u00f3n de contraer matrimonio, considerando que lo que<br>se est\u00e1 realizando es una \u2018In\u2019 Justa, y trata de desalentar a los Caballeros con sus mordaces comentarios hasta que uno de ellos le hace una propuesta que s\u00ed parece resultarle interesante.<br>El Espect\u00e1culo \u201cLa \u2018In\u2019 Justa\u201d est\u00e1 formado por un grupo de SEIS CABALLEROS MEDIEVALES, ataviados con sus trajes de batalla, y SEIS CABALLOS cuyas guadrapas y detalles metalizados van acorde con el Caballero que los monta. Los Caballos son conducidos mediante Segways, ocultos bajo las guadrapas, logrando crear la sensaci\u00f3n,gracias a los efectos de sonidos de los que est\u00e1n provistos, de que es un Caballo real. Los modelos X2 de Segway est\u00e1n preparados para cualquier terreno y son de gran maniobrabilidad, con las modificaciones realizadas para el Espect\u00e1culo,pueden conducirse sin la necesidad de usar las manos, permitiendo a los operarios una mayor libertad de movimientos para<br>interactuar con el p\u00fablico.<br>Tras ellos se abrir\u00e1 paso un peque\u00f1o TORRE\u00d3N montado sobre un carro motorizadooculto bajo su base, sobre el que se encuentran EL REY y LA PRINCESA, encargados de decidir que Caballeros se batir\u00e1n en duelo para demostrar que son dignos de luchar por el Reino. Ambos est\u00e1n provistos de un sistema de sonido \u2018In-Head\u2019, con el que relatar\u00e1n los acontecimientos que se vayan sucediendo.<br>Cada Caballo est\u00e1 dotado de un potente equipo de sonido gracias al cual, mediante un sistema de emisi\u00f3n y recepci\u00f3n (elTorre\u00f3n es el emisor), sonar\u00e1 al un\u00edsono una banda sonora que arrastrar\u00e1 al p\u00fablico asistente al Medievo, haci\u00e9ndolosparticipar con sus v\u00edtores y \u00e1nimos en cada enfrentamiento.<br><img loading=\"lazy\" decoding=\"async\" class=\"alignnone wp-image-2572\" src=\"https:\/\/eveniments.es\/wp-content\/uploads\/2020\/06\/Medievo5-300x208.jpg\" alt=\"\" width=\"1024\" height=\"710\" srcset=\"https:\/\/eveniments.es\/wp-content\/uploads\/2020\/06\/Medievo5-300x208.jpg 300w, https:\/\/eveniments.es\/wp-content\/uploads\/2020\/06\/Medievo5-768x532.jpg 768w, https:\/\/eveniments.es\/wp-content\/uploads\/2020\/06\/Medievo5.jpg 912w\" sizes=\"auto, (max-width: 1024px) 100vw, 1024px\" \/><img loading=\"lazy\" decoding=\"async\" class=\"alignnone wp-image-2573\" src=\"https:\/\/eveniments.es\/wp-content\/uploads\/2020\/06\/Medievo4-300x218.jpg\" alt=\"\" width=\"1024\" height=\"745\" srcset=\"https:\/\/eveniments.es\/wp-content\/uploads\/2020\/06\/Medievo4-300x218.jpg 300w, https:\/\/eveniments.es\/wp-content\/uploads\/2020\/06\/Medievo4-768x559.jpg 768w, https:\/\/eveniments.es\/wp-content\/uploads\/2020\/06\/Medievo4.jpg 896w\" sizes=\"auto, (max-width: 1024px) 100vw, 1024px\" \/><img loading=\"lazy\" decoding=\"async\" class=\"alignnone wp-image-2574\" src=\"https:\/\/eveniments.es\/wp-content\/uploads\/2020\/06\/Medievo3-300x207.jpg\" alt=\"\" width=\"1024\" height=\"707\" srcset=\"https:\/\/eveniments.es\/wp-content\/uploads\/2020\/06\/Medievo3-300x207.jpg 300w, https:\/\/eveniments.es\/wp-content\/uploads\/2020\/06\/Medievo3-768x530.jpg 768w, https:\/\/eveniments.es\/wp-content\/uploads\/2020\/06\/Medievo3.jpg 918w\" sizes=\"auto, (max-width: 1024px) 100vw, 1024px\" \/><img loading=\"lazy\" decoding=\"async\" class=\"alignnone wp-image-2575\" src=\"https:\/\/eveniments.es\/wp-content\/uploads\/2020\/06\/Medieo2-219x300.jpg\" alt=\"\" width=\"1024\" height=\"1401\" srcset=\"https:\/\/eveniments.es\/wp-content\/uploads\/2020\/06\/Medieo2-219x300.jpg 219w, https:\/\/eveniments.es\/wp-content\/uploads\/2020\/06\/Medieo2-749x1024.jpg 749w, https:\/\/eveniments.es\/wp-content\/uploads\/2020\/06\/Medieo2-768x1051.jpg 768w, https:\/\/eveniments.es\/wp-content\/uploads\/2020\/06\/Medieo2.jpg 908w\" sizes=\"auto, (max-width: 1024px) 100vw, 1024px\" \/><img loading=\"lazy\" decoding=\"async\" class=\"alignnone wp-image-2576\" src=\"https:\/\/eveniments.es\/wp-content\/uploads\/2020\/06\/Medievo1-300x216.jpg\" alt=\"\" width=\"1024\" height=\"737\" srcset=\"https:\/\/eveniments.es\/wp-content\/uploads\/2020\/06\/Medievo1-300x216.jpg 300w, https:\/\/eveniments.es\/wp-content\/uploads\/2020\/06\/Medievo1-768x553.jpg 768w, https:\/\/eveniments.es\/wp-content\/uploads\/2020\/06\/Medievo1.jpg 907w\" sizes=\"auto, (max-width: 1024px) 100vw, 1024px\" \/><\/p>\n<p><iframe loading=\"lazy\" title=\"Especta\u0301culo Caballeros Medievales\" width=\"500\" height=\"281\" src=\"https:\/\/www.youtube.com\/embed\/RnW8GT67wIY?feature=oembed\" frameborder=\"0\" allow=\"accelerometer; autoplay; clipboard-write; encrypted-media; gyroscope; picture-in-picture; web-share\" referrerpolicy=\"strict-origin-when-cross-origin\" allowfullscreen><\/iframe><\/p>\n","protected":false},"excerpt":{"rendered":"<div class=\"mh-excerpt\"><\/div>","protected":false},"author":1,"featured_media":0,"parent":0,"menu_order":0,"comment_status":"closed","ping_status":"closed","template":"template-full.php","meta":{"footnotes":""},"class_list":["post-2571","page","type-page","status-publish","hentry"],"_links":{"self":[{"href":"https:\/\/eveniments.es\/home\/wp-json\/wp\/v2\/pages\/2571","targetHints":{"allow":["GET"]}}],"collection":[{"href":"https:\/\/eveniments.es\/home\/wp-json\/wp\/v2\/pages"}],"about":[{"href":"https:\/\/eveniments.es\/home\/wp-json\/wp\/v2\/types\/page"}],"author":[{"embeddable":true,"href":"https:\/\/eveniments.es\/home\/wp-json\/wp\/v2\/users\/1"}],"replies":[{"embeddable":true,"href":"https:\/\/eveniments.es\/home\/wp-json\/wp\/v2\/comments?post=2571"}],"version-history":[{"count":2,"href":"https:\/\/eveniments.es\/home\/wp-json\/wp\/v2\/pages\/2571\/revisions"}],"predecessor-version":[{"id":3263,"href":"https:\/\/eveniments.es\/home\/wp-json\/wp\/v2\/pages\/2571\/revisions\/3263"}],"wp:attachment":[{"href":"https:\/\/eveniments.es\/home\/wp-json\/wp\/v2\/media?parent=2571"}],"curies":[{"name":"wp","href":"https:\/\/api.w.org\/{rel}","templated":true}]}}