{"id":2579,"date":"2020-06-22T09:21:18","date_gmt":"2020-06-22T09:21:18","guid":{"rendered":"https:\/\/eveniments.es\/?page_id=2579"},"modified":"2020-06-30T17:53:27","modified_gmt":"2020-06-30T17:53:27","slug":"future-metal","status":"publish","type":"page","link":"https:\/\/eveniments.es\/home\/future-metal","title":{"rendered":"Future Metal"},"content":{"rendered":"\n<p>Este Pasacalles est\u00e1 formado por cinco Gigantescas Figuras Mitol\u00f3gicas y Futuristas ataviadas con efectos de corazas y armaduras met\u00e1licas. Dichas figuras est\u00e1n provistas de diferentes efectos especiales que asombrar\u00e1n y emocionar\u00e1n al p\u00fablico, tales como m\u00e1quinas de humo y de rayos l\u00e1ser. Acompa\u00f1ando a los elementos m\u00f3viles Figuras ir\u00e1 un grupo de Guerreros Met\u00e1licos, que deber\u00e1n controlar y enfrentarse a las bestias con ayuda de los m\u00e1s peque\u00f1os del Desfile. <br>\u201cFutur Metal\u201d es un Pasacalles que impresionar\u00e1 tanto por sus dimensiones como por sus novedosas t\u00e9cnicas de sonido, ya que consta de un sistema de emisores y receptores capaz de hacer que suene, adem\u00e1s del sonido propio de cada una de los elementos que lo forman, la misma animada Banda Sonora al un\u00edsono en cada uno de ellos, produciendo un sonido envolvente que llevar\u00e1 al p\u00fablico a sumergirse en un nuevo universo lleno de fantas\u00eda, dragones y seres de otra realidad. Otros de los novedosos efectos de que dispone este Pasacalles es el de m\u00e1quinas de humo y rayos l\u00e1ser multicolor que dan a\u00fan mayor realce a este espectacular Pasacalles. <br>Cabe destacar el hecho de que, al tratarse de mu\u00f1ecos hinchables montados <br>sobre carros motorizados, es f\u00e1cil y r\u00e1pido su replegado si fuese necesario para pasar por cualquier zona que no se encuentre adecuada a sus dimensiones.<\/p>\n<p><img loading=\"lazy\" decoding=\"async\" class=\"alignnone wp-image-2582\" src=\"https:\/\/eveniments.es\/wp-content\/uploads\/2020\/06\/future-metal-3-300x216.jpg\" alt=\"\" width=\"1024\" height=\"736\" srcset=\"https:\/\/eveniments.es\/wp-content\/uploads\/2020\/06\/future-metal-3-300x216.jpg 300w, https:\/\/eveniments.es\/wp-content\/uploads\/2020\/06\/future-metal-3-768x552.jpg 768w, https:\/\/eveniments.es\/wp-content\/uploads\/2020\/06\/future-metal-3.jpg 978w\" sizes=\"auto, (max-width: 1024px) 100vw, 1024px\" \/><img loading=\"lazy\" decoding=\"async\" class=\"alignnone wp-image-2580 size-large\" src=\"https:\/\/eveniments.es\/wp-content\/uploads\/2020\/06\/future-metal-5-1024x738.jpg\" alt=\"\" width=\"1024\" height=\"738\" srcset=\"https:\/\/eveniments.es\/wp-content\/uploads\/2020\/06\/future-metal-5-1024x738.jpg 1024w, https:\/\/eveniments.es\/wp-content\/uploads\/2020\/06\/future-metal-5-300x216.jpg 300w, https:\/\/eveniments.es\/wp-content\/uploads\/2020\/06\/future-metal-5-768x553.jpg 768w, https:\/\/eveniments.es\/wp-content\/uploads\/2020\/06\/future-metal-5.jpg 1382w\" sizes=\"auto, (max-width: 1024px) 100vw, 1024px\" \/><img loading=\"lazy\" decoding=\"async\" class=\"alignnone wp-image-2581 size-full\" src=\"https:\/\/eveniments.es\/wp-content\/uploads\/2020\/06\/future-metal-4.jpg\" alt=\"\" width=\"1042\" height=\"750\" srcset=\"https:\/\/eveniments.es\/wp-content\/uploads\/2020\/06\/future-metal-4.jpg 1042w, https:\/\/eveniments.es\/wp-content\/uploads\/2020\/06\/future-metal-4-300x216.jpg 300w, https:\/\/eveniments.es\/wp-content\/uploads\/2020\/06\/future-metal-4-1024x737.jpg 1024w, https:\/\/eveniments.es\/wp-content\/uploads\/2020\/06\/future-metal-4-768x553.jpg 768w\" sizes=\"auto, (max-width: 1042px) 100vw, 1042px\" \/><\/p>\n<p><img loading=\"lazy\" decoding=\"async\" class=\"alignnone wp-image-2584\" src=\"https:\/\/eveniments.es\/wp-content\/uploads\/2020\/06\/Future-metal1-210x300.jpg\" alt=\"\" width=\"1024\" height=\"1465\" srcset=\"https:\/\/eveniments.es\/wp-content\/uploads\/2020\/06\/Future-metal1-210x300.jpg 210w, https:\/\/eveniments.es\/wp-content\/uploads\/2020\/06\/Future-metal1.jpg 692w\" sizes=\"auto, (max-width: 1024px) 100vw, 1024px\" \/><img loading=\"lazy\" decoding=\"async\" class=\"alignnone wp-image-2583\" src=\"https:\/\/eveniments.es\/wp-content\/uploads\/2020\/06\/future-metal2-208x300.jpg\" alt=\"\" width=\"1024\" height=\"1474\" srcset=\"https:\/\/eveniments.es\/wp-content\/uploads\/2020\/06\/future-metal2-208x300.jpg 208w, https:\/\/eveniments.es\/wp-content\/uploads\/2020\/06\/future-metal2.jpg 692w\" sizes=\"auto, (max-width: 1024px) 100vw, 1024px\" \/><\/p>\n","protected":false},"excerpt":{"rendered":"<div class=\"mh-excerpt\"><\/div>","protected":false},"author":1,"featured_media":0,"parent":0,"menu_order":0,"comment_status":"closed","ping_status":"closed","template":"template-full.php","meta":{"footnotes":""},"class_list":["post-2579","page","type-page","status-publish","hentry"],"_links":{"self":[{"href":"https:\/\/eveniments.es\/home\/wp-json\/wp\/v2\/pages\/2579","targetHints":{"allow":["GET"]}}],"collection":[{"href":"https:\/\/eveniments.es\/home\/wp-json\/wp\/v2\/pages"}],"about":[{"href":"https:\/\/eveniments.es\/home\/wp-json\/wp\/v2\/types\/page"}],"author":[{"embeddable":true,"href":"https:\/\/eveniments.es\/home\/wp-json\/wp\/v2\/users\/1"}],"replies":[{"embeddable":true,"href":"https:\/\/eveniments.es\/home\/wp-json\/wp\/v2\/comments?post=2579"}],"version-history":[{"count":3,"href":"https:\/\/eveniments.es\/home\/wp-json\/wp\/v2\/pages\/2579\/revisions"}],"predecessor-version":[{"id":3277,"href":"https:\/\/eveniments.es\/home\/wp-json\/wp\/v2\/pages\/2579\/revisions\/3277"}],"wp:attachment":[{"href":"https:\/\/eveniments.es\/home\/wp-json\/wp\/v2\/media?parent=2579"}],"curies":[{"name":"wp","href":"https:\/\/api.w.org\/{rel}","templated":true}]}}