{"id":2597,"date":"2020-06-22T09:37:10","date_gmt":"2020-06-22T09:37:10","guid":{"rendered":"https:\/\/eveniments.es\/?page_id=2597"},"modified":"2020-06-30T13:40:26","modified_gmt":"2020-06-30T13:40:26","slug":"osos-polares-berenge","status":"publish","type":"page","link":"https:\/\/eveniments.es\/home\/osos-polares-berenge","title":{"rendered":"Osos Polares-Berenge"},"content":{"rendered":"\n<p>Espect\u00e1culo que traslada al p\u00fablico al mundo polar, mediante construcciones mec\u00e1nicas que representan su fauna e intentan evocar su h\u00e1bitat. <br>Con el espect\u00e1culo pretendemos concienciar sobre la situaci\u00f3n del \u00c1rtico, y conseguir crear en el p\u00fablico sensaciones intensas como ternura, miedo y diversi\u00f3n. La idea general es que los habitantes del \u00c1rtico nos visitan para exigir un poco de respeto hacia su espacio de vida o su ecosistema, antes de que acabemos con \u00e9l. Son, por lo tanto, embajadores que luchan por su medio ambiente. <br>Este espect\u00e1culo se cre\u00f3 en coproducci\u00f3n con el Festival Santiago a Mil de Chile, lugar d\u00f3nde se estren\u00f3 en el a\u00f1o 2016. <br>ELEMENTOS <br>\u2022 Nanuka, la osa <br>\u2022 Oso Nanuket (la cr\u00eda de la osa) <br>\u2022 Glaciares m\u00f3viles que sirven de apoyo a los sistemas de sonido y a los efectos especiales <br>M\u00daSICA <br>Banda sonora de m\u00fasica que mezcla ritmos como el drum&amp;Bass, funky y m\u00fasica electr\u00f3nica intentando conseguir una intensidad durante el recorrido del pasacalles sin olvidar el aspecto festivo. <br>EFECTOS <br>Todos los efectos pretenden sugestionar al p\u00fablico. B\u00e1sicamente hay m\u00e1quinas de humo, efectos con CO2 y pirot\u00e9cnicos* realizados con bengalas de mano de diferentes colores. Todos ellos estar\u00e1n distribuidos sobre las estructuras m\u00f3viles (torres y carro de sonido).<\/p>\n<p><img loading=\"lazy\" decoding=\"async\" class=\"alignnone  wp-image-2598\" src=\"https:\/\/eveniments.es\/wp-content\/uploads\/2020\/06\/Berenge3.jpg\" alt=\"\" width=\"604\" height=\"453\" srcset=\"https:\/\/eveniments.es\/wp-content\/uploads\/2020\/06\/Berenge3.jpg 272w, https:\/\/eveniments.es\/wp-content\/uploads\/2020\/06\/Berenge3-80x60.jpg 80w\" sizes=\"auto, (max-width: 604px) 100vw, 604px\" \/><img loading=\"lazy\" decoding=\"async\" class=\"alignnone  wp-image-2599\" src=\"https:\/\/eveniments.es\/wp-content\/uploads\/2020\/06\/Berenge1-300x200.jpg\" alt=\"\" width=\"611\" height=\"407\" srcset=\"https:\/\/eveniments.es\/wp-content\/uploads\/2020\/06\/Berenge1-300x200.jpg 300w, https:\/\/eveniments.es\/wp-content\/uploads\/2020\/06\/Berenge1.jpg 306w\" sizes=\"auto, (max-width: 611px) 100vw, 611px\" \/><img loading=\"lazy\" decoding=\"async\" class=\"alignnone  wp-image-2600\" src=\"https:\/\/eveniments.es\/wp-content\/uploads\/2020\/06\/Berenge-300x200.jpg\" alt=\"\" width=\"579\" height=\"386\" srcset=\"https:\/\/eveniments.es\/wp-content\/uploads\/2020\/06\/Berenge-300x200.jpg 300w, https:\/\/eveniments.es\/wp-content\/uploads\/2020\/06\/Berenge.jpg 306w\" sizes=\"auto, (max-width: 579px) 100vw, 579px\" \/><\/p>\n","protected":false},"excerpt":{"rendered":"<div class=\"mh-excerpt\"><\/div>","protected":false},"author":1,"featured_media":0,"parent":0,"menu_order":0,"comment_status":"closed","ping_status":"closed","template":"template-full.php","meta":{"footnotes":""},"class_list":["post-2597","page","type-page","status-publish","hentry"],"_links":{"self":[{"href":"https:\/\/eveniments.es\/home\/wp-json\/wp\/v2\/pages\/2597","targetHints":{"allow":["GET"]}}],"collection":[{"href":"https:\/\/eveniments.es\/home\/wp-json\/wp\/v2\/pages"}],"about":[{"href":"https:\/\/eveniments.es\/home\/wp-json\/wp\/v2\/types\/page"}],"author":[{"embeddable":true,"href":"https:\/\/eveniments.es\/home\/wp-json\/wp\/v2\/users\/1"}],"replies":[{"embeddable":true,"href":"https:\/\/eveniments.es\/home\/wp-json\/wp\/v2\/comments?post=2597"}],"version-history":[{"count":1,"href":"https:\/\/eveniments.es\/home\/wp-json\/wp\/v2\/pages\/2597\/revisions"}],"predecessor-version":[{"id":2601,"href":"https:\/\/eveniments.es\/home\/wp-json\/wp\/v2\/pages\/2597\/revisions\/2601"}],"wp:attachment":[{"href":"https:\/\/eveniments.es\/home\/wp-json\/wp\/v2\/media?parent=2597"}],"curies":[{"name":"wp","href":"https:\/\/api.w.org\/{rel}","templated":true}]}}