{"id":2603,"date":"2020-06-22T09:47:51","date_gmt":"2020-06-22T09:47:51","guid":{"rendered":"https:\/\/eveniments.es\/?page_id=2603"},"modified":"2020-06-30T13:43:00","modified_gmt":"2020-06-30T13:43:00","slug":"safari","status":"publish","type":"page","link":"https:\/\/eveniments.es\/home\/safari","title":{"rendered":"Safari"},"content":{"rendered":"\n<p><a href=\"https:\/\/eveniments.es\/wp-admin\/edit.php?post_type=page\"><\/a><\/p>\n\n\n\n<p>Despu\u00e9s de trabajar con insectos, peces y reptiles gigantes, ahora nos adentramos en la vida de los grandes mam\u00edferos africanos. Queremos trasladar la sabana africana a las calles de las ciudades. Para llevar a cabo este proyecto hemos seguido trabajando en la l\u00ednea habitual de la compa\u00f1\u00eda. Es decir, con grandes animales mec\u00e1nicos, con estructuras gigantes que soportan el sonido y la iluminaci\u00f3n, con un m\u00fasica original que nos permite una buena base r\u00edtmica, y sobre todo buscando la participaci\u00f3n directa del p\u00fablico. <br>Los elementos del espect\u00e1culo Hannavas son: <br>\u2022 Twiga <br>\u2022 Jirafa madre <br>\u2022 Hija Sambah, <br>\u2022 Elefante Tembo <br>\u2022 Cr\u00eda, <br>\u2022 Tembito. <br>\u2022 Van acompa\u00f1ados de un carro de sonido<\/p>\n<p><img loading=\"lazy\" decoding=\"async\" class=\"alignnone  wp-image-2604\" src=\"https:\/\/eveniments.es\/wp-content\/uploads\/2020\/06\/safari4-300x200.jpg\" alt=\"\" width=\"606\" height=\"404\" srcset=\"https:\/\/eveniments.es\/wp-content\/uploads\/2020\/06\/safari4-300x200.jpg 300w, https:\/\/eveniments.es\/wp-content\/uploads\/2020\/06\/safari4.jpg 317w\" sizes=\"auto, (max-width: 606px) 100vw, 606px\" \/><img loading=\"lazy\" decoding=\"async\" class=\"alignnone  wp-image-2605\" src=\"https:\/\/eveniments.es\/wp-content\/uploads\/2020\/06\/Safari3-300x199.jpg\" alt=\"\" width=\"583\" height=\"387\" srcset=\"https:\/\/eveniments.es\/wp-content\/uploads\/2020\/06\/Safari3-300x199.jpg 300w, https:\/\/eveniments.es\/wp-content\/uploads\/2020\/06\/Safari3.jpg 318w\" sizes=\"auto, (max-width: 583px) 100vw, 583px\" \/><img loading=\"lazy\" decoding=\"async\" class=\"alignnone  wp-image-2606\" src=\"https:\/\/eveniments.es\/wp-content\/uploads\/2020\/06\/Safari2-300x200.jpg\" alt=\"\" width=\"582\" height=\"388\" srcset=\"https:\/\/eveniments.es\/wp-content\/uploads\/2020\/06\/Safari2-300x200.jpg 300w, https:\/\/eveniments.es\/wp-content\/uploads\/2020\/06\/Safari2.jpg 317w\" sizes=\"auto, (max-width: 582px) 100vw, 582px\" \/><img loading=\"lazy\" decoding=\"async\" class=\"alignnone  wp-image-2607\" src=\"https:\/\/eveniments.es\/wp-content\/uploads\/2020\/06\/Safari1-300x200.jpg\" alt=\"\" width=\"587\" height=\"391\" srcset=\"https:\/\/eveniments.es\/wp-content\/uploads\/2020\/06\/Safari1-300x200.jpg 300w, https:\/\/eveniments.es\/wp-content\/uploads\/2020\/06\/Safari1.jpg 317w\" sizes=\"auto, (max-width: 587px) 100vw, 587px\" \/><\/p>\n","protected":false},"excerpt":{"rendered":"<div class=\"mh-excerpt\"><\/div>","protected":false},"author":1,"featured_media":0,"parent":0,"menu_order":0,"comment_status":"closed","ping_status":"closed","template":"template-full.php","meta":{"footnotes":""},"class_list":["post-2603","page","type-page","status-publish","hentry"],"_links":{"self":[{"href":"https:\/\/eveniments.es\/home\/wp-json\/wp\/v2\/pages\/2603","targetHints":{"allow":["GET"]}}],"collection":[{"href":"https:\/\/eveniments.es\/home\/wp-json\/wp\/v2\/pages"}],"about":[{"href":"https:\/\/eveniments.es\/home\/wp-json\/wp\/v2\/types\/page"}],"author":[{"embeddable":true,"href":"https:\/\/eveniments.es\/home\/wp-json\/wp\/v2\/users\/1"}],"replies":[{"embeddable":true,"href":"https:\/\/eveniments.es\/home\/wp-json\/wp\/v2\/comments?post=2603"}],"version-history":[{"count":2,"href":"https:\/\/eveniments.es\/home\/wp-json\/wp\/v2\/pages\/2603\/revisions"}],"predecessor-version":[{"id":2609,"href":"https:\/\/eveniments.es\/home\/wp-json\/wp\/v2\/pages\/2603\/revisions\/2609"}],"wp:attachment":[{"href":"https:\/\/eveniments.es\/home\/wp-json\/wp\/v2\/media?parent=2603"}],"curies":[{"name":"wp","href":"https:\/\/api.w.org\/{rel}","templated":true}]}}