{"id":2617,"date":"2020-06-22T10:00:03","date_gmt":"2020-06-22T10:00:03","guid":{"rendered":"https:\/\/eveniments.es\/?page_id=2617"},"modified":"2020-06-30T17:47:22","modified_gmt":"2020-06-30T17:47:22","slug":"dragonia","status":"publish","type":"page","link":"https:\/\/eveniments.es\/home\/dragonia","title":{"rendered":"Dragonia"},"content":{"rendered":"\r\n<p>Pasacalles de drag\u00f3n con fuego y espect\u00e1culo final de fuego con duraci\u00f3n 15 minutos muy visual. En este caso al ser 4 horas de duraci\u00f3n, los personajes no ir\u00edan en zancos, sino a pie. <br>El vestuario seria el azul verdoso que sale en el video del drag\u00f3n. Los artistas suben y bajan del drag\u00f3n. Serian 5 artistas + el drag\u00f3n + el n\u00famero final de fuego, pero los artistas ir\u00edan a pie con pirotecnia,Chiperos y Bengalas. <br>En total 8\/9 personas (camionero que transporta el trailer para el drag\u00f3n de la carroza y mec\u00e1nico).<\/p>\r\n<p>&nbsp;<\/p>\r\n<p><img loading=\"lazy\" decoding=\"async\" class=\"alignnone wp-image-2618 size-large\" src=\"https:\/\/eveniments.es\/wp-content\/uploads\/2020\/06\/Dragonia2-1024x692.jpg\" alt=\"\" width=\"1024\" height=\"692\" srcset=\"https:\/\/eveniments.es\/wp-content\/uploads\/2020\/06\/Dragonia2-1024x692.jpg 1024w, https:\/\/eveniments.es\/wp-content\/uploads\/2020\/06\/Dragonia2-300x203.jpg 300w, https:\/\/eveniments.es\/wp-content\/uploads\/2020\/06\/Dragonia2-768x519.jpg 768w, https:\/\/eveniments.es\/wp-content\/uploads\/2020\/06\/Dragonia2.jpg 1297w\" sizes=\"auto, (max-width: 1024px) 100vw, 1024px\" \/><img loading=\"lazy\" decoding=\"async\" class=\"alignnone wp-image-2619\" src=\"https:\/\/eveniments.es\/wp-content\/uploads\/2020\/06\/Dragonia1-300x170.jpg\" alt=\"\" width=\"1024\" height=\"579\" srcset=\"https:\/\/eveniments.es\/wp-content\/uploads\/2020\/06\/Dragonia1-300x170.jpg 300w, https:\/\/eveniments.es\/wp-content\/uploads\/2020\/06\/Dragonia1-768x434.jpg 768w, https:\/\/eveniments.es\/wp-content\/uploads\/2020\/06\/Dragonia1.jpg 849w\" sizes=\"auto, (max-width: 1024px) 100vw, 1024px\" \/><\/p>\r\n<p><iframe loading=\"lazy\" title=\"Pasacalles de drag\u00f3n escupiendo fuego\" width=\"500\" height=\"281\" src=\"https:\/\/www.youtube.com\/embed\/pP31kwrKWX8?feature=oembed\" frameborder=\"0\" allow=\"accelerometer; autoplay; clipboard-write; encrypted-media; gyroscope; picture-in-picture; web-share\" referrerpolicy=\"strict-origin-when-cross-origin\" allowfullscreen><\/iframe><\/p>\r\n","protected":false},"excerpt":{"rendered":"<div class=\"mh-excerpt\"><\/div>","protected":false},"author":1,"featured_media":0,"parent":0,"menu_order":0,"comment_status":"closed","ping_status":"closed","template":"template-full.php","meta":{"footnotes":""},"class_list":["post-2617","page","type-page","status-publish","hentry"],"_links":{"self":[{"href":"https:\/\/eveniments.es\/home\/wp-json\/wp\/v2\/pages\/2617","targetHints":{"allow":["GET"]}}],"collection":[{"href":"https:\/\/eveniments.es\/home\/wp-json\/wp\/v2\/pages"}],"about":[{"href":"https:\/\/eveniments.es\/home\/wp-json\/wp\/v2\/types\/page"}],"author":[{"embeddable":true,"href":"https:\/\/eveniments.es\/home\/wp-json\/wp\/v2\/users\/1"}],"replies":[{"embeddable":true,"href":"https:\/\/eveniments.es\/home\/wp-json\/wp\/v2\/comments?post=2617"}],"version-history":[{"count":5,"href":"https:\/\/eveniments.es\/home\/wp-json\/wp\/v2\/pages\/2617\/revisions"}],"predecessor-version":[{"id":3273,"href":"https:\/\/eveniments.es\/home\/wp-json\/wp\/v2\/pages\/2617\/revisions\/3273"}],"wp:attachment":[{"href":"https:\/\/eveniments.es\/home\/wp-json\/wp\/v2\/media?parent=2617"}],"curies":[{"name":"wp","href":"https:\/\/api.w.org\/{rel}","templated":true}]}}