{"id":2629,"date":"2020-06-22T10:10:30","date_gmt":"2020-06-22T10:10:30","guid":{"rendered":"https:\/\/eveniments.es\/?page_id=2629"},"modified":"2020-06-30T16:32:09","modified_gmt":"2020-06-30T16:32:09","slug":"meninas","status":"publish","type":"page","link":"https:\/\/eveniments.es\/home\/meninas","title":{"rendered":"Meninas"},"content":{"rendered":"\n<p>TRIBUTO \u201cMENINAS\u201d <br>Propuesta de marionetas inspiradas en las Meninas de Vel\u00e1zquez<\/p>\n<p>\u00bfQUE INCLUYE? <br>\u2022 4 marionetas <br>\u2022 60 -90 min-m\u00e1ximo <br>\u2022 2000 W Sonido port\u00e1til <br>DURACI\u00d3N: 60 -90 min-m\u00e1ximo<\/p>\n<p><img loading=\"lazy\" decoding=\"async\" class=\"alignnone wp-image-2630\" src=\"https:\/\/eveniments.es\/wp-content\/uploads\/2020\/06\/Meninas3-300x246.jpg\" alt=\"\" width=\"1024\" height=\"840\" srcset=\"https:\/\/eveniments.es\/wp-content\/uploads\/2020\/06\/Meninas3-300x246.jpg 300w, https:\/\/eveniments.es\/wp-content\/uploads\/2020\/06\/Meninas3.jpg 563w\" sizes=\"auto, (max-width: 1024px) 100vw, 1024px\" \/><img loading=\"lazy\" decoding=\"async\" class=\"alignnone wp-image-2631\" src=\"https:\/\/eveniments.es\/wp-content\/uploads\/2020\/06\/Meninas2-300x262.jpg\" alt=\"\" width=\"1024\" height=\"893\" srcset=\"https:\/\/eveniments.es\/wp-content\/uploads\/2020\/06\/Meninas2-300x262.jpg 300w, https:\/\/eveniments.es\/wp-content\/uploads\/2020\/06\/Meninas2-768x670.jpg 768w, https:\/\/eveniments.es\/wp-content\/uploads\/2020\/06\/Meninas2.jpg 961w\" sizes=\"auto, (max-width: 1024px) 100vw, 1024px\" \/><img loading=\"lazy\" decoding=\"async\" class=\"alignnone wp-image-2632\" src=\"https:\/\/eveniments.es\/wp-content\/uploads\/2020\/06\/Meninas1-224x300.jpg\" alt=\"\" width=\"1024\" height=\"1370\" srcset=\"https:\/\/eveniments.es\/wp-content\/uploads\/2020\/06\/Meninas1-224x300.jpg 224w, https:\/\/eveniments.es\/wp-content\/uploads\/2020\/06\/Meninas1-765x1024.jpg 765w, https:\/\/eveniments.es\/wp-content\/uploads\/2020\/06\/Meninas1-768x1027.jpg 768w, https:\/\/eveniments.es\/wp-content\/uploads\/2020\/06\/Meninas1-1148x1536.jpg 1148w, https:\/\/eveniments.es\/wp-content\/uploads\/2020\/06\/Meninas1.jpg 1196w\" sizes=\"auto, (max-width: 1024px) 100vw, 1024px\" \/><\/p>\n","protected":false},"excerpt":{"rendered":"<div class=\"mh-excerpt\"><\/div>","protected":false},"author":1,"featured_media":0,"parent":0,"menu_order":0,"comment_status":"closed","ping_status":"closed","template":"template-full.php","meta":{"footnotes":""},"class_list":["post-2629","page","type-page","status-publish","hentry"],"_links":{"self":[{"href":"https:\/\/eveniments.es\/home\/wp-json\/wp\/v2\/pages\/2629","targetHints":{"allow":["GET"]}}],"collection":[{"href":"https:\/\/eveniments.es\/home\/wp-json\/wp\/v2\/pages"}],"about":[{"href":"https:\/\/eveniments.es\/home\/wp-json\/wp\/v2\/types\/page"}],"author":[{"embeddable":true,"href":"https:\/\/eveniments.es\/home\/wp-json\/wp\/v2\/users\/1"}],"replies":[{"embeddable":true,"href":"https:\/\/eveniments.es\/home\/wp-json\/wp\/v2\/comments?post=2629"}],"version-history":[{"count":5,"href":"https:\/\/eveniments.es\/home\/wp-json\/wp\/v2\/pages\/2629\/revisions"}],"predecessor-version":[{"id":3199,"href":"https:\/\/eveniments.es\/home\/wp-json\/wp\/v2\/pages\/2629\/revisions\/3199"}],"wp:attachment":[{"href":"https:\/\/eveniments.es\/home\/wp-json\/wp\/v2\/media?parent=2629"}],"curies":[{"name":"wp","href":"https:\/\/api.w.org\/{rel}","templated":true}]}}