{"id":2647,"date":"2020-06-22T10:47:38","date_gmt":"2020-06-22T10:47:38","guid":{"rendered":"https:\/\/eveniments.es\/?page_id=2647"},"modified":"2020-06-30T17:35:50","modified_gmt":"2020-06-30T17:35:50","slug":"dragosaurius","status":"publish","type":"page","link":"https:\/\/eveniments.es\/home\/dragosaurius","title":{"rendered":"Dragosaurius"},"content":{"rendered":"\n<p>Un pasacalles espectacular en el que tres personajes divertidos y entra\u00f1ables recorren las ciudades con una familia de criaturas fascinantes de hasta cinco metros de altura. El profesor Cop\u00e9rnico ha creado una m\u00e1quina del tiempo y de una era a otra acompa\u00f1ado del desastroso contramaestre y la cautivadora mujer p\u00e1jaro. Cuando llegan a nuestro presente aparecen con tres alucinantes dragosaurios de hasta 5m de altura de los m\u00e1s curiosos. <br>Entre todo el equipo, sorprender\u00e1n al espectador con sus peripecias , andando sobre una bola gigante de hojalata, haciendo acrobacias a\u00e9reas e incluso dejan cabalgar a un ni\u00f1o a lomos del m\u00e1s grande de los dragosaurios. <br><br>Duraci\u00f3n m\u00e1xima: 1h y 30min m\u00e1ximo al ser elementos muy pesados.<\/p>\n<p><img loading=\"lazy\" decoding=\"async\" class=\"alignnone wp-image-2648\" src=\"https:\/\/eveniments.es\/wp-content\/uploads\/2020\/06\/Dragosaurius7-300x200.jpg\" alt=\"\" width=\"1024\" height=\"683\" srcset=\"https:\/\/eveniments.es\/wp-content\/uploads\/2020\/06\/Dragosaurius7-300x200.jpg 300w, https:\/\/eveniments.es\/wp-content\/uploads\/2020\/06\/Dragosaurius7-768x512.jpg 768w, https:\/\/eveniments.es\/wp-content\/uploads\/2020\/06\/Dragosaurius7.jpg 844w\" sizes=\"auto, (max-width: 1024px) 100vw, 1024px\" \/><img loading=\"lazy\" decoding=\"async\" class=\"alignnone wp-image-2649\" src=\"https:\/\/eveniments.es\/wp-content\/uploads\/2020\/06\/Dragosaurius6-300x200.jpg\" alt=\"\" width=\"1024\" height=\"683\" srcset=\"https:\/\/eveniments.es\/wp-content\/uploads\/2020\/06\/Dragosaurius6-300x200.jpg 300w, https:\/\/eveniments.es\/wp-content\/uploads\/2020\/06\/Dragosaurius6-768x512.jpg 768w, https:\/\/eveniments.es\/wp-content\/uploads\/2020\/06\/Dragosaurius6.jpg 844w\" sizes=\"auto, (max-width: 1024px) 100vw, 1024px\" \/><img loading=\"lazy\" decoding=\"async\" class=\"alignnone wp-image-2651 size-large\" src=\"https:\/\/eveniments.es\/wp-content\/uploads\/2020\/06\/Dragosaurius4-1024x683.jpg\" alt=\"\" width=\"1024\" height=\"683\" srcset=\"https:\/\/eveniments.es\/wp-content\/uploads\/2020\/06\/Dragosaurius4-1024x683.jpg 1024w, https:\/\/eveniments.es\/wp-content\/uploads\/2020\/06\/Dragosaurius4-300x200.jpg 300w, https:\/\/eveniments.es\/wp-content\/uploads\/2020\/06\/Dragosaurius4-768x512.jpg 768w, https:\/\/eveniments.es\/wp-content\/uploads\/2020\/06\/Dragosaurius4.jpg 1028w\" sizes=\"auto, (max-width: 1024px) 100vw, 1024px\" \/><img loading=\"lazy\" decoding=\"async\" class=\"alignnone wp-image-2653 size-large\" src=\"https:\/\/eveniments.es\/wp-content\/uploads\/2020\/06\/Dragosaurius2-1024x683.jpg\" alt=\"\" width=\"1024\" height=\"683\" srcset=\"https:\/\/eveniments.es\/wp-content\/uploads\/2020\/06\/Dragosaurius2-1024x683.jpg 1024w, https:\/\/eveniments.es\/wp-content\/uploads\/2020\/06\/Dragosaurius2-300x200.jpg 300w, https:\/\/eveniments.es\/wp-content\/uploads\/2020\/06\/Dragosaurius2-768x512.jpg 768w, https:\/\/eveniments.es\/wp-content\/uploads\/2020\/06\/Dragosaurius2.jpg 1138w\" sizes=\"auto, (max-width: 1024px) 100vw, 1024px\" \/><img loading=\"lazy\" decoding=\"async\" class=\"alignnone wp-image-2654 size-large\" src=\"https:\/\/eveniments.es\/wp-content\/uploads\/2020\/06\/Dragosaurius-1024x353.jpg\" alt=\"\" width=\"1024\" height=\"353\" srcset=\"https:\/\/eveniments.es\/wp-content\/uploads\/2020\/06\/Dragosaurius-1024x353.jpg 1024w, https:\/\/eveniments.es\/wp-content\/uploads\/2020\/06\/Dragosaurius-300x103.jpg 300w, https:\/\/eveniments.es\/wp-content\/uploads\/2020\/06\/Dragosaurius-768x265.jpg 768w, https:\/\/eveniments.es\/wp-content\/uploads\/2020\/06\/Dragosaurius.jpg 1280w\" sizes=\"auto, (max-width: 1024px) 100vw, 1024px\" \/><\/p>\n<p><iframe loading=\"lazy\" title=\"Dragonosaurios\" width=\"500\" height=\"281\" src=\"https:\/\/www.youtube.com\/embed\/_elDQcsvby8?feature=oembed\" frameborder=\"0\" allow=\"accelerometer; autoplay; clipboard-write; encrypted-media; gyroscope; picture-in-picture; web-share\" referrerpolicy=\"strict-origin-when-cross-origin\" allowfullscreen><\/iframe><\/p>\n","protected":false},"excerpt":{"rendered":"<div class=\"mh-excerpt\"><\/div>","protected":false},"author":1,"featured_media":0,"parent":0,"menu_order":0,"comment_status":"closed","ping_status":"closed","template":"template-full.php","meta":{"footnotes":""},"class_list":["post-2647","page","type-page","status-publish","hentry"],"_links":{"self":[{"href":"https:\/\/eveniments.es\/home\/wp-json\/wp\/v2\/pages\/2647","targetHints":{"allow":["GET"]}}],"collection":[{"href":"https:\/\/eveniments.es\/home\/wp-json\/wp\/v2\/pages"}],"about":[{"href":"https:\/\/eveniments.es\/home\/wp-json\/wp\/v2\/types\/page"}],"author":[{"embeddable":true,"href":"https:\/\/eveniments.es\/home\/wp-json\/wp\/v2\/users\/1"}],"replies":[{"embeddable":true,"href":"https:\/\/eveniments.es\/home\/wp-json\/wp\/v2\/comments?post=2647"}],"version-history":[{"count":5,"href":"https:\/\/eveniments.es\/home\/wp-json\/wp\/v2\/pages\/2647\/revisions"}],"predecessor-version":[{"id":3261,"href":"https:\/\/eveniments.es\/home\/wp-json\/wp\/v2\/pages\/2647\/revisions\/3261"}],"wp:attachment":[{"href":"https:\/\/eveniments.es\/home\/wp-json\/wp\/v2\/media?parent=2647"}],"curies":[{"name":"wp","href":"https:\/\/api.w.org\/{rel}","templated":true}]}}