{"id":2689,"date":"2020-06-22T13:32:41","date_gmt":"2020-06-22T13:32:41","guid":{"rendered":"https:\/\/eveniments.es\/?page_id=2689"},"modified":"2020-09-09T11:43:38","modified_gmt":"2020-09-09T11:43:38","slug":"circodelia","status":"publish","type":"page","link":"https:\/\/eveniments.es\/home\/circodelia","title":{"rendered":"Circodelia"},"content":{"rendered":"\r\n<h3>El circo sale a la calle<\/h3>\r\n<p>Espect\u00e1culo de circo en la calle para todos los p\u00fablicos:<\/p>\r\n<p>Los personajes llenar\u00e1n de vida a la calle repartiendo alegr\u00eda en cada paso que den e invitando a la gente a unirse a la fiesta.<\/p>\r\n<p>Al llegar al punto final del recorrido reunir\u00e1n a los espectadores para realizar un show final y firmar la uni\u00f3n entre artistas y p\u00fablico.<\/p>\r\n<p>6 artistas:<\/p>\r\n<ul>\r\n<li>Pareja de mano a amo<\/li>\r\n<li>1 Zancudo Arlequ\u00edn<\/li>\r\n<li>1 Malabarista<\/li>\r\n<li>1 Bola equilibrios<\/li>\r\n<li>1 Rueda alemana<\/li>\r\n<\/ul>\r\n<p>12 artistas:<\/p>\r\n<ul>\r\n<li>Pareja de mano a amo<\/li>\r\n<li>2 Zancudo Arlequ\u00edn<\/li>\r\n<li>1 Malabarista<\/li>\r\n<li>1 Bola equilibrios<\/li>\r\n<li>1 Rueda alemana<\/li>\r\n<li>2 Zancudos power<\/li>\r\n<li>2 zancudos copa<\/li>\r\n<\/ul>\r\n<p><img loading=\"lazy\" decoding=\"async\" class=\"alignnone wp-image-2690\" src=\"https:\/\/eveniments.es\/wp-content\/uploads\/2020\/06\/circodelia8-720x1024.jpg\" alt=\"\" width=\"1024\" height=\"1456\" srcset=\"https:\/\/eveniments.es\/wp-content\/uploads\/2020\/06\/circodelia8-720x1024.jpg 720w, https:\/\/eveniments.es\/wp-content\/uploads\/2020\/06\/circodelia8-211x300.jpg 211w, https:\/\/eveniments.es\/wp-content\/uploads\/2020\/06\/circodelia8.jpg 746w\" sizes=\"auto, (max-width: 1024px) 100vw, 1024px\" \/><img loading=\"lazy\" decoding=\"async\" class=\"alignnone wp-image-2691\" src=\"https:\/\/eveniments.es\/wp-content\/uploads\/2020\/06\/circodelia7-300x285.jpg\" alt=\"\" width=\"1024\" height=\"972\" srcset=\"https:\/\/eveniments.es\/wp-content\/uploads\/2020\/06\/circodelia7-300x285.jpg 300w, https:\/\/eveniments.es\/wp-content\/uploads\/2020\/06\/circodelia7.jpg 723w\" sizes=\"auto, (max-width: 1024px) 100vw, 1024px\" \/><img loading=\"lazy\" decoding=\"async\" class=\"alignnone wp-image-2692\" src=\"https:\/\/eveniments.es\/wp-content\/uploads\/2020\/06\/circodelia6-210x300.jpg\" alt=\"\" width=\"1024\" height=\"1460\" srcset=\"https:\/\/eveniments.es\/wp-content\/uploads\/2020\/06\/circodelia6-210x300.jpg 210w, https:\/\/eveniments.es\/wp-content\/uploads\/2020\/06\/circodelia6.jpg 481w\" sizes=\"auto, (max-width: 1024px) 100vw, 1024px\" \/><img loading=\"lazy\" decoding=\"async\" class=\"alignnone wp-image-2693\" src=\"https:\/\/eveniments.es\/wp-content\/uploads\/2020\/06\/circodelia5-256x300.jpg\" alt=\"\" width=\"1024\" height=\"1198\" srcset=\"https:\/\/eveniments.es\/wp-content\/uploads\/2020\/06\/circodelia5-256x300.jpg 256w, https:\/\/eveniments.es\/wp-content\/uploads\/2020\/06\/circodelia5.jpg 734w\" sizes=\"auto, (max-width: 1024px) 100vw, 1024px\" \/><img loading=\"lazy\" decoding=\"async\" class=\"alignnone wp-image-2694\" src=\"https:\/\/eveniments.es\/wp-content\/uploads\/2020\/06\/circodelia4-248x300.jpg\" alt=\"\" width=\"1024\" height=\"1239\" srcset=\"https:\/\/eveniments.es\/wp-content\/uploads\/2020\/06\/circodelia4-248x300.jpg 248w, https:\/\/eveniments.es\/wp-content\/uploads\/2020\/06\/circodelia4.jpg 567w\" sizes=\"auto, (max-width: 1024px) 100vw, 1024px\" \/><img loading=\"lazy\" decoding=\"async\" class=\"alignnone wp-image-2695\" src=\"https:\/\/eveniments.es\/wp-content\/uploads\/2020\/06\/circodelia3-300x275.jpg\" alt=\"\" width=\"1024\" height=\"937\" srcset=\"https:\/\/eveniments.es\/wp-content\/uploads\/2020\/06\/circodelia3-300x275.jpg 300w, https:\/\/eveniments.es\/wp-content\/uploads\/2020\/06\/circodelia3.jpg 590w\" sizes=\"auto, (max-width: 1024px) 100vw, 1024px\" \/><img loading=\"lazy\" decoding=\"async\" class=\"alignnone wp-image-2696\" src=\"https:\/\/eveniments.es\/wp-content\/uploads\/2020\/06\/circodelia2-284x300.jpg\" alt=\"\" width=\"1024\" height=\"1081\" srcset=\"https:\/\/eveniments.es\/wp-content\/uploads\/2020\/06\/circodelia2-284x300.jpg 284w, https:\/\/eveniments.es\/wp-content\/uploads\/2020\/06\/circodelia2.jpg 553w\" sizes=\"auto, (max-width: 1024px) 100vw, 1024px\" \/><img loading=\"lazy\" decoding=\"async\" class=\"alignnone wp-image-2697\" src=\"https:\/\/eveniments.es\/wp-content\/uploads\/2020\/06\/circodelia1-268x300.jpg\" alt=\"\" width=\"1024\" height=\"1146\" srcset=\"https:\/\/eveniments.es\/wp-content\/uploads\/2020\/06\/circodelia1-268x300.jpg 268w, https:\/\/eveniments.es\/wp-content\/uploads\/2020\/06\/circodelia1.jpg 589w\" sizes=\"auto, (max-width: 1024px) 100vw, 1024px\" \/><\/p>\r\n","protected":false},"excerpt":{"rendered":"<div class=\"mh-excerpt\"><\/div>","protected":false},"author":1,"featured_media":0,"parent":0,"menu_order":0,"comment_status":"closed","ping_status":"closed","template":"template-full.php","meta":{"footnotes":""},"class_list":["post-2689","page","type-page","status-publish","hentry"],"_links":{"self":[{"href":"https:\/\/eveniments.es\/home\/wp-json\/wp\/v2\/pages\/2689","targetHints":{"allow":["GET"]}}],"collection":[{"href":"https:\/\/eveniments.es\/home\/wp-json\/wp\/v2\/pages"}],"about":[{"href":"https:\/\/eveniments.es\/home\/wp-json\/wp\/v2\/types\/page"}],"author":[{"embeddable":true,"href":"https:\/\/eveniments.es\/home\/wp-json\/wp\/v2\/users\/1"}],"replies":[{"embeddable":true,"href":"https:\/\/eveniments.es\/home\/wp-json\/wp\/v2\/comments?post=2689"}],"version-history":[{"count":5,"href":"https:\/\/eveniments.es\/home\/wp-json\/wp\/v2\/pages\/2689\/revisions"}],"predecessor-version":[{"id":4157,"href":"https:\/\/eveniments.es\/home\/wp-json\/wp\/v2\/pages\/2689\/revisions\/4157"}],"wp:attachment":[{"href":"https:\/\/eveniments.es\/home\/wp-json\/wp\/v2\/media?parent=2689"}],"curies":[{"name":"wp","href":"https:\/\/api.w.org\/{rel}","templated":true}]}}