{"id":2703,"date":"2020-06-22T13:39:31","date_gmt":"2020-06-22T13:39:31","guid":{"rendered":"https:\/\/eveniments.es\/?page_id=2703"},"modified":"2020-06-30T14:23:18","modified_gmt":"2020-06-30T14:23:18","slug":"circoloco","status":"publish","type":"page","link":"https:\/\/eveniments.es\/home\/circoloco","title":{"rendered":"Circoloco"},"content":{"rendered":"\n<p><br>9 personajes caracterizados de nuevo circo, donde mezcla, fuego, acr\u00f3batas, zancudos, y mucho m\u00e1s buscando la m\u00e1xima diversi\u00f3n y locura.<\/p>\n<p><img loading=\"lazy\" decoding=\"async\" class=\"alignnone wp-image-2706\" src=\"https:\/\/eveniments.es\/wp-content\/uploads\/2020\/06\/circoloco-1.jpg\" alt=\"\" width=\"1024\" height=\"1365\" srcset=\"https:\/\/eveniments.es\/wp-content\/uploads\/2020\/06\/circoloco-1.jpg 720w, https:\/\/eveniments.es\/wp-content\/uploads\/2020\/06\/circoloco-1-225x300.jpg 225w\" sizes=\"auto, (max-width: 1024px) 100vw, 1024px\" \/><br><img loading=\"lazy\" decoding=\"async\" class=\"alignnone wp-image-2704\" src=\"https:\/\/eveniments.es\/wp-content\/uploads\/2020\/06\/circolloco3-169x300.jpg\" alt=\"\" width=\"1024\" height=\"1820\" srcset=\"https:\/\/eveniments.es\/wp-content\/uploads\/2020\/06\/circolloco3-169x300.jpg 169w, https:\/\/eveniments.es\/wp-content\/uploads\/2020\/06\/circolloco3-576x1024.jpg 576w, https:\/\/eveniments.es\/wp-content\/uploads\/2020\/06\/circolloco3-768x1365.jpg 768w, https:\/\/eveniments.es\/wp-content\/uploads\/2020\/06\/circolloco3-864x1536.jpg 864w, https:\/\/eveniments.es\/wp-content\/uploads\/2020\/06\/circolloco3.jpg 992w\" sizes=\"auto, (max-width: 1024px) 100vw, 1024px\" \/><img loading=\"lazy\" decoding=\"async\" class=\"alignnone wp-image-2705\" src=\"https:\/\/eveniments.es\/wp-content\/uploads\/2020\/06\/circoloco2.jpg\" alt=\"\" width=\"1024\" height=\"1365\" srcset=\"https:\/\/eveniments.es\/wp-content\/uploads\/2020\/06\/circoloco2.jpg 720w, https:\/\/eveniments.es\/wp-content\/uploads\/2020\/06\/circoloco2-225x300.jpg 225w\" sizes=\"auto, (max-width: 1024px) 100vw, 1024px\" \/><\/p>\n","protected":false},"excerpt":{"rendered":"<div class=\"mh-excerpt\"><\/div>","protected":false},"author":1,"featured_media":0,"parent":0,"menu_order":0,"comment_status":"closed","ping_status":"closed","template":"template-full.php","meta":{"footnotes":""},"class_list":["post-2703","page","type-page","status-publish","hentry"],"_links":{"self":[{"href":"https:\/\/eveniments.es\/home\/wp-json\/wp\/v2\/pages\/2703","targetHints":{"allow":["GET"]}}],"collection":[{"href":"https:\/\/eveniments.es\/home\/wp-json\/wp\/v2\/pages"}],"about":[{"href":"https:\/\/eveniments.es\/home\/wp-json\/wp\/v2\/types\/page"}],"author":[{"embeddable":true,"href":"https:\/\/eveniments.es\/home\/wp-json\/wp\/v2\/users\/1"}],"replies":[{"embeddable":true,"href":"https:\/\/eveniments.es\/home\/wp-json\/wp\/v2\/comments?post=2703"}],"version-history":[{"count":2,"href":"https:\/\/eveniments.es\/home\/wp-json\/wp\/v2\/pages\/2703\/revisions"}],"predecessor-version":[{"id":3171,"href":"https:\/\/eveniments.es\/home\/wp-json\/wp\/v2\/pages\/2703\/revisions\/3171"}],"wp:attachment":[{"href":"https:\/\/eveniments.es\/home\/wp-json\/wp\/v2\/media?parent=2703"}],"curies":[{"name":"wp","href":"https:\/\/api.w.org\/{rel}","templated":true}]}}