{"id":2709,"date":"2020-06-22T13:48:35","date_gmt":"2020-06-22T13:48:35","guid":{"rendered":"https:\/\/eveniments.es\/?page_id=2709"},"modified":"2020-06-30T17:43:00","modified_gmt":"2020-06-30T17:43:00","slug":"corsarios","status":"publish","type":"page","link":"https:\/\/eveniments.es\/home\/corsarios","title":{"rendered":"Corsarios"},"content":{"rendered":"\n<p>Animaci\u00f3n, pasacalles, ambientaci\u00f3n de inspiraci\u00f3n pirata donde se realizar\u00e1n acrobacias, pir\u00e1mides humanas y coreograf\u00edas grupales con actores e interacciones con el p\u00fablico.<\/p>\n<p><img loading=\"lazy\" decoding=\"async\" class=\"alignnone wp-image-2714\" src=\"https:\/\/eveniments.es\/wp-content\/uploads\/2020\/06\/corsarios-9-674x1024.jpg\" alt=\"\" width=\"1024\" height=\"1555\" srcset=\"https:\/\/eveniments.es\/wp-content\/uploads\/2020\/06\/corsarios-9-674x1024.jpg 674w, https:\/\/eveniments.es\/wp-content\/uploads\/2020\/06\/corsarios-9-198x300.jpg 198w, https:\/\/eveniments.es\/wp-content\/uploads\/2020\/06\/corsarios-9.jpg 690w\" sizes=\"auto, (max-width: 1024px) 100vw, 1024px\" \/><img loading=\"lazy\" decoding=\"async\" class=\"alignnone wp-image-2715\" src=\"https:\/\/eveniments.es\/wp-content\/uploads\/2020\/06\/corsarios8-235x300.jpg\" alt=\"\" width=\"1024\" height=\"1308\" srcset=\"https:\/\/eveniments.es\/wp-content\/uploads\/2020\/06\/corsarios8-235x300.jpg 235w, https:\/\/eveniments.es\/wp-content\/uploads\/2020\/06\/corsarios8.jpg 677w\" sizes=\"auto, (max-width: 1024px) 100vw, 1024px\" \/><img loading=\"lazy\" decoding=\"async\" class=\"alignnone wp-image-2716\" src=\"https:\/\/eveniments.es\/wp-content\/uploads\/2020\/06\/corsarios7-247x300.jpg\" alt=\"\" width=\"1024\" height=\"1244\" srcset=\"https:\/\/eveniments.es\/wp-content\/uploads\/2020\/06\/corsarios7-247x300.jpg 247w, https:\/\/eveniments.es\/wp-content\/uploads\/2020\/06\/corsarios7.jpg 712w\" sizes=\"auto, (max-width: 1024px) 100vw, 1024px\" \/><img loading=\"lazy\" decoding=\"async\" class=\"alignnone wp-image-2717\" src=\"https:\/\/eveniments.es\/wp-content\/uploads\/2020\/06\/corsarios5-234x300.jpg\" alt=\"\" width=\"1024\" height=\"1311\" srcset=\"https:\/\/eveniments.es\/wp-content\/uploads\/2020\/06\/corsarios5-234x300.jpg 234w, https:\/\/eveniments.es\/wp-content\/uploads\/2020\/06\/corsarios5.jpg 659w\" sizes=\"auto, (max-width: 1024px) 100vw, 1024px\" \/><img loading=\"lazy\" decoding=\"async\" class=\"alignnone wp-image-2718\" src=\"https:\/\/eveniments.es\/wp-content\/uploads\/2020\/06\/corsarios4-202x300.jpg\" alt=\"\" width=\"1024\" height=\"1517\" srcset=\"https:\/\/eveniments.es\/wp-content\/uploads\/2020\/06\/corsarios4-202x300.jpg 202w, https:\/\/eveniments.es\/wp-content\/uploads\/2020\/06\/corsarios4.jpg 677w\" sizes=\"auto, (max-width: 1024px) 100vw, 1024px\" \/><img loading=\"lazy\" decoding=\"async\" class=\"alignnone wp-image-2710 size-large\" src=\"https:\/\/eveniments.es\/wp-content\/uploads\/2020\/06\/corsarios6-1024x625.jpg\" alt=\"\" width=\"1024\" height=\"625\" srcset=\"https:\/\/eveniments.es\/wp-content\/uploads\/2020\/06\/corsarios6-1024x625.jpg 1024w, https:\/\/eveniments.es\/wp-content\/uploads\/2020\/06\/corsarios6-300x183.jpg 300w, https:\/\/eveniments.es\/wp-content\/uploads\/2020\/06\/corsarios6-768x469.jpg 768w, https:\/\/eveniments.es\/wp-content\/uploads\/2020\/06\/corsarios6.jpg 1444w\" sizes=\"auto, (max-width: 1024px) 100vw, 1024px\" \/><img loading=\"lazy\" decoding=\"async\" class=\"alignnone wp-image-2711\" src=\"https:\/\/eveniments.es\/wp-content\/uploads\/2020\/06\/corsarios3-300x201.jpg\" alt=\"\" width=\"1024\" height=\"685\" srcset=\"https:\/\/eveniments.es\/wp-content\/uploads\/2020\/06\/corsarios3-300x201.jpg 300w, https:\/\/eveniments.es\/wp-content\/uploads\/2020\/06\/corsarios3.jpg 765w\" sizes=\"auto, (max-width: 1024px) 100vw, 1024px\" \/><img loading=\"lazy\" decoding=\"async\" class=\"alignnone wp-image-2712\" src=\"https:\/\/eveniments.es\/wp-content\/uploads\/2020\/06\/corsarios2-300x244.jpg\" alt=\"\" width=\"1024\" height=\"832\" srcset=\"https:\/\/eveniments.es\/wp-content\/uploads\/2020\/06\/corsarios2-300x244.jpg 300w, https:\/\/eveniments.es\/wp-content\/uploads\/2020\/06\/corsarios2.jpg 623w\" sizes=\"auto, (max-width: 1024px) 100vw, 1024px\" \/><img loading=\"lazy\" decoding=\"async\" class=\"alignnone wp-image-2713\" src=\"https:\/\/eveniments.es\/wp-content\/uploads\/2020\/06\/corsarios1-300x207.jpg\" alt=\"\" width=\"1024\" height=\"706\" srcset=\"https:\/\/eveniments.es\/wp-content\/uploads\/2020\/06\/corsarios1-300x207.jpg 300w, https:\/\/eveniments.es\/wp-content\/uploads\/2020\/06\/corsarios1.jpg 741w\" sizes=\"auto, (max-width: 1024px) 100vw, 1024px\" \/><\/p>\n<p><iframe loading=\"lazy\" title=\"PASACALLES CIRCENSE &#039;CORSARIOS&#039;\" width=\"500\" height=\"281\" src=\"https:\/\/www.youtube.com\/embed\/zG8PcljcJGo?feature=oembed\" frameborder=\"0\" allow=\"accelerometer; autoplay; clipboard-write; encrypted-media; gyroscope; picture-in-picture; web-share\" referrerpolicy=\"strict-origin-when-cross-origin\" allowfullscreen><\/iframe><\/p>\n","protected":false},"excerpt":{"rendered":"<div class=\"mh-excerpt\"><\/div>","protected":false},"author":1,"featured_media":0,"parent":0,"menu_order":0,"comment_status":"closed","ping_status":"closed","template":"template-full.php","meta":{"footnotes":""},"class_list":["post-2709","page","type-page","status-publish","hentry"],"_links":{"self":[{"href":"https:\/\/eveniments.es\/home\/wp-json\/wp\/v2\/pages\/2709","targetHints":{"allow":["GET"]}}],"collection":[{"href":"https:\/\/eveniments.es\/home\/wp-json\/wp\/v2\/pages"}],"about":[{"href":"https:\/\/eveniments.es\/home\/wp-json\/wp\/v2\/types\/page"}],"author":[{"embeddable":true,"href":"https:\/\/eveniments.es\/home\/wp-json\/wp\/v2\/users\/1"}],"replies":[{"embeddable":true,"href":"https:\/\/eveniments.es\/home\/wp-json\/wp\/v2\/comments?post=2709"}],"version-history":[{"count":4,"href":"https:\/\/eveniments.es\/home\/wp-json\/wp\/v2\/pages\/2709\/revisions"}],"predecessor-version":[{"id":3267,"href":"https:\/\/eveniments.es\/home\/wp-json\/wp\/v2\/pages\/2709\/revisions\/3267"}],"wp:attachment":[{"href":"https:\/\/eveniments.es\/home\/wp-json\/wp\/v2\/media?parent=2709"}],"curies":[{"name":"wp","href":"https:\/\/api.w.org\/{rel}","templated":true}]}}