{"id":2734,"date":"2020-06-22T14:02:42","date_gmt":"2020-06-22T14:02:42","guid":{"rendered":"https:\/\/eveniments.es\/?page_id=2734"},"modified":"2020-06-30T13:29:36","modified_gmt":"2020-06-30T13:29:36","slug":"danzalia","status":"publish","type":"page","link":"https:\/\/eveniments.es\/home\/danzalia","title":{"rendered":"Danzalia"},"content":{"rendered":"\n<p><br>Espect\u00e1culo de baile que combina danza urbana con la vanguardia tecnol\u00f3gica lo que hace de este show un aut\u00e9ntico espect\u00e1culo. Recientemente han actuado en el programa GOT TALENT, obteniendo un gran \u00e9xito tanto por parte del jurado como p\u00fablico.&nbsp;<\/p>\n<p>\u00bfQUE INCLUYE? <br>\u2022 4 Bailarines led <br>\u2022 4 Damas con alas led en Patines <br>\u2022 1 Zancudo Led<\/p>\n<p><img loading=\"lazy\" decoding=\"async\" class=\"alignnone wp-image-2735 size-large\" src=\"https:\/\/eveniments.es\/wp-content\/uploads\/2020\/06\/Danzalia4-1024x649.jpg\" alt=\"\" width=\"1024\" height=\"649\" srcset=\"https:\/\/eveniments.es\/wp-content\/uploads\/2020\/06\/Danzalia4-1024x649.jpg 1024w, https:\/\/eveniments.es\/wp-content\/uploads\/2020\/06\/Danzalia4-300x190.jpg 300w, https:\/\/eveniments.es\/wp-content\/uploads\/2020\/06\/Danzalia4-768x487.jpg 768w, https:\/\/eveniments.es\/wp-content\/uploads\/2020\/06\/Danzalia4.jpg 1080w\" sizes=\"auto, (max-width: 1024px) 100vw, 1024px\" \/><img loading=\"lazy\" decoding=\"async\" class=\"alignnone wp-image-2736\" src=\"https:\/\/eveniments.es\/wp-content\/uploads\/2020\/06\/Danzalia3-300x300.jpg\" alt=\"\" width=\"649\" height=\"649\" srcset=\"https:\/\/eveniments.es\/wp-content\/uploads\/2020\/06\/Danzalia3-300x300.jpg 300w, https:\/\/eveniments.es\/wp-content\/uploads\/2020\/06\/Danzalia3-150x150.jpg 150w, https:\/\/eveniments.es\/wp-content\/uploads\/2020\/06\/Danzalia3-768x768.jpg 768w, https:\/\/eveniments.es\/wp-content\/uploads\/2020\/06\/Danzalia3.jpg 932w\" sizes=\"auto, (max-width: 649px) 100vw, 649px\" \/><img loading=\"lazy\" decoding=\"async\" class=\"alignnone wp-image-2737\" src=\"https:\/\/eveniments.es\/wp-content\/uploads\/2020\/06\/Danzalia2-300x300.jpg\" alt=\"\" width=\"649\" height=\"649\" srcset=\"https:\/\/eveniments.es\/wp-content\/uploads\/2020\/06\/Danzalia2-300x300.jpg 300w, https:\/\/eveniments.es\/wp-content\/uploads\/2020\/06\/Danzalia2-150x150.jpg 150w, https:\/\/eveniments.es\/wp-content\/uploads\/2020\/06\/Danzalia2-768x768.jpg 768w, https:\/\/eveniments.es\/wp-content\/uploads\/2020\/06\/Danzalia2.jpg 930w\" sizes=\"auto, (max-width: 649px) 100vw, 649px\" \/><img loading=\"lazy\" decoding=\"async\" class=\"alignnone wp-image-2738 size-large\" src=\"https:\/\/eveniments.es\/wp-content\/uploads\/2020\/06\/Danzalia1-1024x683.jpg\" alt=\"\" width=\"1024\" height=\"683\" srcset=\"https:\/\/eveniments.es\/wp-content\/uploads\/2020\/06\/Danzalia1-1024x683.jpg 1024w, https:\/\/eveniments.es\/wp-content\/uploads\/2020\/06\/Danzalia1-300x200.jpg 300w, https:\/\/eveniments.es\/wp-content\/uploads\/2020\/06\/Danzalia1-768x512.jpg 768w, https:\/\/eveniments.es\/wp-content\/uploads\/2020\/06\/Danzalia1.jpg 1413w\" sizes=\"auto, (max-width: 1024px) 100vw, 1024px\" \/><\/p>\n","protected":false},"excerpt":{"rendered":"<div class=\"mh-excerpt\"><\/div>","protected":false},"author":1,"featured_media":0,"parent":0,"menu_order":0,"comment_status":"closed","ping_status":"closed","template":"template-full.php","meta":{"footnotes":""},"class_list":["post-2734","page","type-page","status-publish","hentry"],"_links":{"self":[{"href":"https:\/\/eveniments.es\/home\/wp-json\/wp\/v2\/pages\/2734","targetHints":{"allow":["GET"]}}],"collection":[{"href":"https:\/\/eveniments.es\/home\/wp-json\/wp\/v2\/pages"}],"about":[{"href":"https:\/\/eveniments.es\/home\/wp-json\/wp\/v2\/types\/page"}],"author":[{"embeddable":true,"href":"https:\/\/eveniments.es\/home\/wp-json\/wp\/v2\/users\/1"}],"replies":[{"embeddable":true,"href":"https:\/\/eveniments.es\/home\/wp-json\/wp\/v2\/comments?post=2734"}],"version-history":[{"count":1,"href":"https:\/\/eveniments.es\/home\/wp-json\/wp\/v2\/pages\/2734\/revisions"}],"predecessor-version":[{"id":2739,"href":"https:\/\/eveniments.es\/home\/wp-json\/wp\/v2\/pages\/2734\/revisions\/2739"}],"wp:attachment":[{"href":"https:\/\/eveniments.es\/home\/wp-json\/wp\/v2\/media?parent=2734"}],"curies":[{"name":"wp","href":"https:\/\/api.w.org\/{rel}","templated":true}]}}