{"id":2741,"date":"2020-06-22T14:07:51","date_gmt":"2020-06-22T14:07:51","guid":{"rendered":"https:\/\/eveniments.es\/?page_id=2741"},"modified":"2020-06-30T13:29:24","modified_gmt":"2020-06-30T13:29:24","slug":"dancer-led","status":"publish","type":"page","link":"https:\/\/eveniments.es\/home\/dancer-led","title":{"rendered":"Dancer Led"},"content":{"rendered":"\n<p>Espect\u00e1culo de baile que combina danza urbana con la vanguardia tecnol\u00f3gica lo que hace de este show un aut\u00e9ntico espect\u00e1culo. Recientemente han actuado en el programa GOT TALENT, obteniendo un gran \u00e9xito tanto por parte del jurado como p\u00fablico<br>\u00bfQUE INCLUYE?<br>\u2022Coreograf\u00eda sincronizada con la m\u00fasica<br>\u2022Multitud de efectos visuales con iluminaci\u00f3n en diversos colores<br>\u20225 bailarines en escena<br>\u20225 trajes de led sincronizados por ordenador<br>\u2022Sistemas de transmisi\u00f3n de frecuencias<br>\u20221 T\u00e9cnico de espect\u00e1culo + 1persona de producci\u00f3n<br>EXTRA MAQUINAS FX:<br>\u2022 Cartuchos de confeti el\u00e9ctrico ( M\u00e1quinas lanzadoras + 8 cartuchos el\u00e9ctricos + instalaci\u00f3n)<br><br><\/p>\n<p><img loading=\"lazy\" decoding=\"async\" class=\"alignnone wp-image-2742 size-full\" src=\"https:\/\/eveniments.es\/wp-content\/uploads\/2020\/06\/dancer-led1.jpg\" alt=\"\" width=\"820\" height=\"1080\" srcset=\"https:\/\/eveniments.es\/wp-content\/uploads\/2020\/06\/dancer-led1.jpg 820w, https:\/\/eveniments.es\/wp-content\/uploads\/2020\/06\/dancer-led1-228x300.jpg 228w, https:\/\/eveniments.es\/wp-content\/uploads\/2020\/06\/dancer-led1-777x1024.jpg 777w, https:\/\/eveniments.es\/wp-content\/uploads\/2020\/06\/dancer-led1-768x1012.jpg 768w\" sizes=\"auto, (max-width: 820px) 100vw, 820px\" \/><\/p>\n","protected":false},"excerpt":{"rendered":"<div class=\"mh-excerpt\"><\/div>","protected":false},"author":1,"featured_media":0,"parent":0,"menu_order":0,"comment_status":"closed","ping_status":"closed","template":"template-full.php","meta":{"footnotes":""},"class_list":["post-2741","page","type-page","status-publish","hentry"],"_links":{"self":[{"href":"https:\/\/eveniments.es\/home\/wp-json\/wp\/v2\/pages\/2741","targetHints":{"allow":["GET"]}}],"collection":[{"href":"https:\/\/eveniments.es\/home\/wp-json\/wp\/v2\/pages"}],"about":[{"href":"https:\/\/eveniments.es\/home\/wp-json\/wp\/v2\/types\/page"}],"author":[{"embeddable":true,"href":"https:\/\/eveniments.es\/home\/wp-json\/wp\/v2\/users\/1"}],"replies":[{"embeddable":true,"href":"https:\/\/eveniments.es\/home\/wp-json\/wp\/v2\/comments?post=2741"}],"version-history":[{"count":1,"href":"https:\/\/eveniments.es\/home\/wp-json\/wp\/v2\/pages\/2741\/revisions"}],"predecessor-version":[{"id":2743,"href":"https:\/\/eveniments.es\/home\/wp-json\/wp\/v2\/pages\/2741\/revisions\/2743"}],"wp:attachment":[{"href":"https:\/\/eveniments.es\/home\/wp-json\/wp\/v2\/media?parent=2741"}],"curies":[{"name":"wp","href":"https:\/\/api.w.org\/{rel}","templated":true}]}}