{"id":3033,"date":"2020-06-26T10:19:23","date_gmt":"2020-06-26T10:19:23","guid":{"rendered":"https:\/\/eveniments.es\/?page_id=3033"},"modified":"2020-06-30T13:50:34","modified_gmt":"2020-06-30T13:50:34","slug":"show-violinista-aerea","status":"publish","type":"page","link":"https:\/\/eveniments.es\/home\/show-violinista-aerea","title":{"rendered":"Show Violinista A\u00e9rea"},"content":{"rendered":"\n<p>Podr\u00e1 elegir entre un amplio abanico de violinistas, algunos de ellos combinan su show con lo \u00faltimo en vanguardia tecnol\u00f3gica, usando vestuario de fibra \u00f3ptica o led.<\/p>\n<p>Contamos con varios n\u00fameros a\u00e9reos entre ellos:<\/p>\n<p><strong>VIOLINISTA A\u00c9REA SOBRE VESTIDO GIGANTE:<\/strong><\/p>\n<p>Una performance de impacto y muy visual en la que 2 bailarines tras el vestido bailan al ritmo de la m\u00fasica que interpreta la violinista. Para darle un toque mas art\u00edstico se crea una retro proyecci\u00f3n para que loso se vean las siluetas de los bailarines creando un efecto de sombra<\/p>\n<p><img loading=\"lazy\" decoding=\"async\" class=\"alignnone wp-image-3058 size-full\" src=\"https:\/\/eveniments.es\/wp-content\/uploads\/2020\/06\/Violinista-con-vestido-gigante.jpg\" alt=\"\" width=\"540\" height=\"960\" srcset=\"https:\/\/eveniments.es\/wp-content\/uploads\/2020\/06\/Violinista-con-vestido-gigante.jpg 540w, https:\/\/eveniments.es\/wp-content\/uploads\/2020\/06\/Violinista-con-vestido-gigante-169x300.jpg 169w\" sizes=\"auto, (max-width: 540px) 100vw, 540px\" \/><br><strong>VIOLINISTA SOBREVOLANDO EN GLOBO DE HELIO:<\/strong><\/p>\n<p>La violinista sobrevolar\u00e1 el espacio interpretando las canciones elegidas por el cliente.<\/p>\n<p><img loading=\"lazy\" decoding=\"async\" class=\"alignnone wp-image-3059\" src=\"https:\/\/eveniments.es\/wp-content\/uploads\/2020\/06\/Violinista-Globo-de-Helio-.jpg\" alt=\"\" width=\"540\" height=\"774\" srcset=\"https:\/\/eveniments.es\/wp-content\/uploads\/2020\/06\/Violinista-Globo-de-Helio-.jpg 640w, https:\/\/eveniments.es\/wp-content\/uploads\/2020\/06\/Violinista-Globo-de-Helio--209x300.jpg 209w\" sizes=\"auto, (max-width: 540px) 100vw, 540px\" \/><br><strong>VIOLINISTA CON ACR\u00d3BATAS EN BOLA LED:<\/strong><\/p>\n<p>La violinista se elevar\u00e1 junto con los acr\u00f3batas al punto mas alto del espacio. Tocando en el interior de una bola led mientras los acr\u00f3batas realizan diferentes movimientos acrob\u00e1ticos. <br>El color de la iluminaci\u00f3n led se puede elegir acorde a las necesidades de cada cliente. <br><img loading=\"lazy\" decoding=\"async\" class=\"alignnone wp-image-3060\" src=\"https:\/\/eveniments.es\/wp-content\/uploads\/2020\/06\/Violinista-Bola-Led--300x184.jpg\" alt=\"\" width=\"540\" height=\"331\" srcset=\"https:\/\/eveniments.es\/wp-content\/uploads\/2020\/06\/Violinista-Bola-Led--300x184.jpg 300w, https:\/\/eveniments.es\/wp-content\/uploads\/2020\/06\/Violinista-Bola-Led-.jpg 652w\" sizes=\"auto, (max-width: 540px) 100vw, 540px\" \/><br><strong>VIOLINISTA EN MOVIMIENTO SOBRE PERCHA:<\/strong><\/p>\n<p>La violinista tocar\u00e1 boca abajo y en movimiento de un lado para otro<\/p>\n<p><img loading=\"lazy\" decoding=\"async\" class=\"alignnone wp-image-3061\" src=\"https:\/\/eveniments.es\/wp-content\/uploads\/2020\/06\/Violinista-sobre-Perchea-225x300.jpg\" alt=\"\" width=\"540\" height=\"720\" srcset=\"https:\/\/eveniments.es\/wp-content\/uploads\/2020\/06\/Violinista-sobre-Perchea-225x300.jpg 225w, https:\/\/eveniments.es\/wp-content\/uploads\/2020\/06\/Violinista-sobre-Perchea.jpg 720w\" sizes=\"auto, (max-width: 540px) 100vw, 540px\" \/><\/p>\n<p>PROPUESTA HABITUAL <br>PASE 1: Show a\u00e9reo violinista con Vestido led <br>PASE 2: Show a\u00e9reo violinista sobre percha movi\u00e9ndose boca abajo PASE 3: Show a\u00e9reo violinista con Vestido Gigante <br>FORMACI\u00d3N: 1 Artista + 2 riggers + 1 coordinador <br><br><\/p>\n<p><iframe loading=\"lazy\" title=\"B LINDA    show de viol\u00edn a\u00e9reo con acr\u00f3batas\" width=\"500\" height=\"281\" src=\"https:\/\/www.youtube.com\/embed\/rOAr672ukgk?feature=oembed\" frameborder=\"0\" allow=\"accelerometer; autoplay; clipboard-write; encrypted-media; gyroscope; picture-in-picture; web-share\" referrerpolicy=\"strict-origin-when-cross-origin\" allowfullscreen><\/iframe><\/p>\n<p><iframe loading=\"lazy\" title=\"Violinista linda\" width=\"500\" height=\"281\" src=\"https:\/\/www.youtube.com\/embed\/KOdLs2hKLzQ?feature=oembed\" frameborder=\"0\" allow=\"accelerometer; autoplay; clipboard-write; encrypted-media; gyroscope; picture-in-picture; web-share\" referrerpolicy=\"strict-origin-when-cross-origin\" allowfullscreen><\/iframe><\/p>\n<p><iframe loading=\"lazy\" title=\"Violinista Aereo Esfera Led\" width=\"500\" height=\"281\" src=\"https:\/\/www.youtube.com\/embed\/I61zvl37JXw?feature=oembed\" frameborder=\"0\" allow=\"accelerometer; autoplay; clipboard-write; encrypted-media; gyroscope; picture-in-picture; web-share\" referrerpolicy=\"strict-origin-when-cross-origin\" allowfullscreen><\/iframe><\/p>\n","protected":false},"excerpt":{"rendered":"<div class=\"mh-excerpt\"><\/div>","protected":false},"author":1,"featured_media":0,"parent":0,"menu_order":0,"comment_status":"closed","ping_status":"closed","template":"template-full.php","meta":{"footnotes":""},"class_list":["post-3033","page","type-page","status-publish","hentry"],"_links":{"self":[{"href":"https:\/\/eveniments.es\/home\/wp-json\/wp\/v2\/pages\/3033","targetHints":{"allow":["GET"]}}],"collection":[{"href":"https:\/\/eveniments.es\/home\/wp-json\/wp\/v2\/pages"}],"about":[{"href":"https:\/\/eveniments.es\/home\/wp-json\/wp\/v2\/types\/page"}],"author":[{"embeddable":true,"href":"https:\/\/eveniments.es\/home\/wp-json\/wp\/v2\/users\/1"}],"replies":[{"embeddable":true,"href":"https:\/\/eveniments.es\/home\/wp-json\/wp\/v2\/comments?post=3033"}],"version-history":[{"count":7,"href":"https:\/\/eveniments.es\/home\/wp-json\/wp\/v2\/pages\/3033\/revisions"}],"predecessor-version":[{"id":3062,"href":"https:\/\/eveniments.es\/home\/wp-json\/wp\/v2\/pages\/3033\/revisions\/3062"}],"wp:attachment":[{"href":"https:\/\/eveniments.es\/home\/wp-json\/wp\/v2\/media?parent=3033"}],"curies":[{"name":"wp","href":"https:\/\/api.w.org\/{rel}","templated":true}]}}