{"id":3038,"date":"2020-06-26T10:29:43","date_gmt":"2020-06-26T10:29:43","guid":{"rendered":"https:\/\/eveniments.es\/?page_id=3038"},"modified":"2020-06-30T13:40:46","modified_gmt":"2020-06-30T13:40:46","slug":"piano-flotante","status":"publish","type":"page","link":"https:\/\/eveniments.es\/home\/piano-flotante","title":{"rendered":"Piano Flotante"},"content":{"rendered":"\n<div class=\"wp-block-group\"><div class=\"wp-block-group__inner-container is-layout-flow wp-block-group-is-layout-flow\">\n<p>Se trata del espect\u00e1culo musical y cinematogr\u00e1fico de un pianista que se situar\u00eda suspendido a 6 metros de altura desde una gr\u00faa y tocar\u00eda el piano en posici\u00f3n vertical, de manera que la tapa del piano de cola se transforma en una pantalla sobre la que se proyectan las im\u00e1genes que acompa\u00f1an el espect\u00e1culo musical. Licenciado en jazz y m\u00fasica moderna, la m\u00fasica de este pianista catal\u00e1n es ecl\u00e9ctica, descriptiva, directa y sincera lo que hace que el teatro, el circo y el cine sean un destinatario habitual de sus creaciones. <br>Un espect\u00e1culo t\u00e9cnicamente complejo pero visualmente accesible que sorprender\u00e1 a todos por su originalidad. <br>DURACI\u00d3N: Inicialmente 2 pases de 15 a 20 minutos. Se puede adaptar a las necesidades del evento <br>ARTISTAS: 1 m\u00fasico + 1 acr\u00f3bata <br>NOTA: Posteriormente al show si el cliente lo dese se pueden seguir proyectando im\u00e1genes del evento sobre el piano. <br>OPCIONAL: V\u00eddeo proyecciones a media.<\/p>\n<p><img loading=\"lazy\" decoding=\"async\" class=\"alignnone wp-image-3067\" src=\"https:\/\/eveniments.es\/wp-content\/uploads\/2020\/06\/Piano-Flotante-1.jpg\" alt=\"\" width=\"569\" height=\"904\" srcset=\"https:\/\/eveniments.es\/wp-content\/uploads\/2020\/06\/Piano-Flotante-1.jpg 282w, https:\/\/eveniments.es\/wp-content\/uploads\/2020\/06\/Piano-Flotante-1-189x300.jpg 189w\" sizes=\"auto, (max-width: 569px) 100vw, 569px\" \/><\/p>\n<p><img loading=\"lazy\" decoding=\"async\" class=\"alignnone wp-image-3066\" src=\"https:\/\/eveniments.es\/wp-content\/uploads\/2020\/06\/Piano-Flotante-2-300x292.jpg\" alt=\"\" width=\"571\" height=\"556\" srcset=\"https:\/\/eveniments.es\/wp-content\/uploads\/2020\/06\/Piano-Flotante-2-300x292.jpg 300w, https:\/\/eveniments.es\/wp-content\/uploads\/2020\/06\/Piano-Flotante-2.jpg 730w\" sizes=\"auto, (max-width: 571px) 100vw, 571px\" \/><\/p>\n<p><img loading=\"lazy\" decoding=\"async\" class=\"alignnone wp-image-3065\" src=\"https:\/\/eveniments.es\/wp-content\/uploads\/2020\/06\/Piano-Flotante3-263x300.jpg\" alt=\"\" width=\"589\" height=\"672\" srcset=\"https:\/\/eveniments.es\/wp-content\/uploads\/2020\/06\/Piano-Flotante3-263x300.jpg 263w, https:\/\/eveniments.es\/wp-content\/uploads\/2020\/06\/Piano-Flotante3.jpg 397w\" sizes=\"auto, (max-width: 589px) 100vw, 589px\" \/><\/p>\n<p><img loading=\"lazy\" decoding=\"async\" class=\"alignleft wp-image-3064\" src=\"https:\/\/eveniments.es\/wp-content\/uploads\/2020\/06\/Piano-Flotante-4-150x300.jpg\" alt=\"\" width=\"234\" height=\"468\" srcset=\"https:\/\/eveniments.es\/wp-content\/uploads\/2020\/06\/Piano-Flotante-4-150x300.jpg 150w, https:\/\/eveniments.es\/wp-content\/uploads\/2020\/06\/Piano-Flotante-4.jpg 197w\" sizes=\"auto, (max-width: 234px) 100vw, 234px\" \/><\/p>\n<p><img loading=\"lazy\" decoding=\"async\" class=\"alignleft wp-image-3063\" src=\"https:\/\/eveniments.es\/wp-content\/uploads\/2020\/06\/Piano-Flotante5-200x300.jpg\" alt=\"\" width=\"312\" height=\"468\" srcset=\"https:\/\/eveniments.es\/wp-content\/uploads\/2020\/06\/Piano-Flotante5-200x300.jpg 200w, https:\/\/eveniments.es\/wp-content\/uploads\/2020\/06\/Piano-Flotante5.jpg 297w\" sizes=\"auto, (max-width: 312px) 100vw, 312px\" \/><\/p>\n<p><iframe loading=\"lazy\" title=\"Espect\u00e1culo piano flotante con mapping\" width=\"500\" height=\"281\" src=\"https:\/\/www.youtube.com\/embed\/vjXzTSdu4qs?feature=oembed\" frameborder=\"0\" allow=\"accelerometer; autoplay; clipboard-write; encrypted-media; gyroscope; picture-in-picture; web-share\" referrerpolicy=\"strict-origin-when-cross-origin\" allowfullscreen><\/iframe><\/p>\n<p><iframe loading=\"lazy\" title=\"Espectaculo flotante con piano\" width=\"500\" height=\"281\" src=\"https:\/\/www.youtube.com\/embed\/HAZbQcauAmw?feature=oembed\" frameborder=\"0\" allow=\"accelerometer; autoplay; clipboard-write; encrypted-media; gyroscope; picture-in-picture; web-share\" referrerpolicy=\"strict-origin-when-cross-origin\" allowfullscreen><\/iframe><\/p>\n<\/div><\/div>\n","protected":false},"excerpt":{"rendered":"<div class=\"mh-excerpt\"><p>Se trata del espect\u00e1culo musical y cinematogr\u00e1fico de un pianista que se situar\u00eda suspendido a 6 metros de altura desde una gr\u00faa y tocar\u00eda el <a class=\"mh-excerpt-more\" href=\"https:\/\/eveniments.es\/home\/piano-flotante\" title=\"Piano Flotante\">[&#8230;]<\/a><\/p>\n<\/div>","protected":false},"author":1,"featured_media":0,"parent":0,"menu_order":0,"comment_status":"closed","ping_status":"closed","template":"template-full.php","meta":{"footnotes":""},"class_list":["post-3038","page","type-page","status-publish","hentry"],"_links":{"self":[{"href":"https:\/\/eveniments.es\/home\/wp-json\/wp\/v2\/pages\/3038","targetHints":{"allow":["GET"]}}],"collection":[{"href":"https:\/\/eveniments.es\/home\/wp-json\/wp\/v2\/pages"}],"about":[{"href":"https:\/\/eveniments.es\/home\/wp-json\/wp\/v2\/types\/page"}],"author":[{"embeddable":true,"href":"https:\/\/eveniments.es\/home\/wp-json\/wp\/v2\/users\/1"}],"replies":[{"embeddable":true,"href":"https:\/\/eveniments.es\/home\/wp-json\/wp\/v2\/comments?post=3038"}],"version-history":[{"count":11,"href":"https:\/\/eveniments.es\/home\/wp-json\/wp\/v2\/pages\/3038\/revisions"}],"predecessor-version":[{"id":3076,"href":"https:\/\/eveniments.es\/home\/wp-json\/wp\/v2\/pages\/3038\/revisions\/3076"}],"wp:attachment":[{"href":"https:\/\/eveniments.es\/home\/wp-json\/wp\/v2\/media?parent=3038"}],"curies":[{"name":"wp","href":"https:\/\/api.w.org\/{rel}","templated":true}]}}