{"id":3077,"date":"2020-06-26T17:39:23","date_gmt":"2020-06-26T17:39:23","guid":{"rendered":"https:\/\/eveniments.es\/?page_id=3077"},"modified":"2020-06-30T13:40:39","modified_gmt":"2020-06-30T13:40:39","slug":"percusion-industrial-toompak","status":"publish","type":"page","link":"https:\/\/eveniments.es\/home\/percusion-industrial-toompak","title":{"rendered":"Percusi\u00f3n Industrial ToomPak"},"content":{"rendered":"<p>TOOM PAK es percusi\u00f3n en estado puro, comedia visual y ritmo combinado en un espect\u00e1culo musical. La energ\u00eda y el ingenio se dan la mano para dotar de vida a los objetos, que, en manos de los TOOM PAK, se transforman en una propuesta teatral en d\u00f3nde la basura y los residuos son\u2026 Belleza.<br \/>\n<strong>PROPUESTA:<\/strong><br \/>\nUn show a la llegada y otro al fin de la fiesta. Todos los elementos en metal y con instrumentos hechos con tuber\u00edas. El vestuario en color negro, neutro, para resaltar los elementos met\u00e1licos en color gris plata. Se puede colocar alg\u00fan vinilo corporativo sobre los elementos y hacer alg\u00fan gui\u00f1o a la empresa.<br \/>\nLa primera parte se realiza una puesta en escena desde los espacios adyacentes, sorprendiendo al p\u00fablico y despu\u00e9s una parte interactiva.<br \/>\nEl final es muy contundente y espectacular con versiones de temas superconocidos pero tocadas con instrumentos de tubos.<br \/>\nRECICLART 2.0.<br \/>\nReciclart 2.0 es un espect\u00e1culo en el que la emoci\u00f3n provocada por la m\u00fasica se funde con la sorpresa que causan los instrumentos, y con la energ\u00eda transmitida por los Toom-Pak.Bidones, radiales, tuber\u00edas, llantas, cubos, palos, botellas\u2026 objetos todos procedentes de la basura y convertidos por arte de los Toom-Pak en instrumentos sonoros, en portadores de vigor, felicidad y emoci\u00f3n.<\/p>\n<p>DURACI\u00d3N: Inicialmente 2 pases de 5 a 10 minutos. Se puede adaptar a las necesidades del evento<br \/>\nARTISTAS: 5 m\u00fasicos<br \/>\nNO INCLUYE: Sonido, iluminaci\u00f3n, escenario<\/p>\n<p><img loading=\"lazy\" decoding=\"async\" class=\"alignnone wp-image-3080\" src=\"https:\/\/eveniments.es\/wp-content\/uploads\/2020\/06\/Toompak-2-300x186.jpg\" alt=\"\" width=\"1024\" height=\"635\" srcset=\"https:\/\/eveniments.es\/wp-content\/uploads\/2020\/06\/Toompak-2-300x186.jpg 300w, https:\/\/eveniments.es\/wp-content\/uploads\/2020\/06\/Toompak-2-768x476.jpg 768w, https:\/\/eveniments.es\/wp-content\/uploads\/2020\/06\/Toompak-2.jpg 898w\" sizes=\"auto, (max-width: 1024px) 100vw, 1024px\" \/><img loading=\"lazy\" decoding=\"async\" class=\"alignnone wp-image-3079 size-large\" src=\"https:\/\/eveniments.es\/wp-content\/uploads\/2020\/06\/ToomPak--1024x767.jpg\" alt=\"\" width=\"1024\" height=\"767\" srcset=\"https:\/\/eveniments.es\/wp-content\/uploads\/2020\/06\/ToomPak--1024x767.jpg 1024w, https:\/\/eveniments.es\/wp-content\/uploads\/2020\/06\/ToomPak--300x225.jpg 300w, https:\/\/eveniments.es\/wp-content\/uploads\/2020\/06\/ToomPak--768x575.jpg 768w, https:\/\/eveniments.es\/wp-content\/uploads\/2020\/06\/ToomPak--1536x1150.jpg 1536w, https:\/\/eveniments.es\/wp-content\/uploads\/2020\/06\/ToomPak--2048x1534.jpg 2048w, https:\/\/eveniments.es\/wp-content\/uploads\/2020\/06\/ToomPak--678x509.jpg 678w, https:\/\/eveniments.es\/wp-content\/uploads\/2020\/06\/ToomPak--326x245.jpg 326w, https:\/\/eveniments.es\/wp-content\/uploads\/2020\/06\/ToomPak--80x60.jpg 80w\" sizes=\"auto, (max-width: 1024px) 100vw, 1024px\" \/><\/p>\n<p><iframe loading=\"lazy\" title=\"Toom Pack &#039;Percusi\u00f3n con Elementos Reciclados&#039;\" width=\"500\" height=\"281\" src=\"https:\/\/www.youtube.com\/embed\/eJDX1Ichdhw?feature=oembed\" frameborder=\"0\" allow=\"accelerometer; autoplay; clipboard-write; encrypted-media; gyroscope; picture-in-picture; web-share\" referrerpolicy=\"strict-origin-when-cross-origin\" allowfullscreen><\/iframe><\/p>\n<p><iframe loading=\"lazy\" title=\"THE 3R\u00b4S Eco sound factory  TOOM PAK percussion show\" width=\"500\" height=\"281\" src=\"https:\/\/www.youtube.com\/embed\/2vLu16cdvxA?feature=oembed\" frameborder=\"0\" allow=\"accelerometer; autoplay; clipboard-write; encrypted-media; gyroscope; picture-in-picture; web-share\" referrerpolicy=\"strict-origin-when-cross-origin\" allowfullscreen><\/iframe><\/p>\n","protected":false},"excerpt":{"rendered":"<div class=\"mh-excerpt\"><p>TOOM PAK es percusi\u00f3n en estado puro, comedia visual y ritmo combinado en un espect\u00e1culo musical. La energ\u00eda y el ingenio se dan la mano <a class=\"mh-excerpt-more\" href=\"https:\/\/eveniments.es\/home\/percusion-industrial-toompak\" title=\"Percusi\u00f3n Industrial ToomPak\">[&#8230;]<\/a><\/p>\n<\/div>","protected":false},"author":1,"featured_media":0,"parent":0,"menu_order":0,"comment_status":"closed","ping_status":"closed","template":"template-full.php","meta":{"footnotes":""},"class_list":["post-3077","page","type-page","status-publish","hentry"],"_links":{"self":[{"href":"https:\/\/eveniments.es\/home\/wp-json\/wp\/v2\/pages\/3077","targetHints":{"allow":["GET"]}}],"collection":[{"href":"https:\/\/eveniments.es\/home\/wp-json\/wp\/v2\/pages"}],"about":[{"href":"https:\/\/eveniments.es\/home\/wp-json\/wp\/v2\/types\/page"}],"author":[{"embeddable":true,"href":"https:\/\/eveniments.es\/home\/wp-json\/wp\/v2\/users\/1"}],"replies":[{"embeddable":true,"href":"https:\/\/eveniments.es\/home\/wp-json\/wp\/v2\/comments?post=3077"}],"version-history":[{"count":4,"href":"https:\/\/eveniments.es\/home\/wp-json\/wp\/v2\/pages\/3077\/revisions"}],"predecessor-version":[{"id":3084,"href":"https:\/\/eveniments.es\/home\/wp-json\/wp\/v2\/pages\/3077\/revisions\/3084"}],"wp:attachment":[{"href":"https:\/\/eveniments.es\/home\/wp-json\/wp\/v2\/media?parent=3077"}],"curies":[{"name":"wp","href":"https:\/\/api.w.org\/{rel}","templated":true}]}}