{"id":3286,"date":"2020-07-03T16:05:13","date_gmt":"2020-07-03T16:05:13","guid":{"rendered":"https:\/\/eveniments.es\/?page_id=3286"},"modified":"2024-04-19T09:19:58","modified_gmt":"2024-04-19T09:19:58","slug":"masquerade","status":"publish","type":"page","link":"https:\/\/eveniments.es\/home\/masquerade","title":{"rendered":"Masquerade"},"content":{"rendered":"<p>Tem\u00e1tica inspirada en el carnaval m\u00e1s importante de Europa, el carnaval veneciano, conocido por su elegancia y su antig\u00fcedad. Movimientos lentos y elegantes caracterizan a esta tem\u00e1tica, digna de nobles y arist\u00f3cratas. Nuestros actores convertir\u00e1n el lugar en un escenario teatral transport\u00e1ndonos a las elegantes fiestas del siglo XVII. Para ello contaremos con dos damas barrocas, dos caballeros venecianos, una bailarina de ballet, bailar\u00edn barroco, arlequ\u00edn malabarista, los cuales Llevar\u00e1n vestuarios inspirados en trajes del barroco veneciano, como si estuvieran reci\u00e9n salidos de un cuadro de Canaletto. <br>La bailarina, de toque rom\u00e1ntico, ir\u00e1 abriendo el recorrido con sus delicados movimientos y un candelabro. Ser\u00eda interesante que las damas y los caballeros repartieran antifaces venecianos o barrocos y rosas naturales para que los invitados puedan revivir esta fiesta de las m\u00e1scaras.<\/p>\n<p><img loading=\"lazy\" decoding=\"async\" class=\"alignnone wp-image-3292 size-large\" src=\"https:\/\/eveniments.es\/wp-content\/uploads\/2020\/07\/Dossier-Eveniments-Masquerade-1024x749.jpg\" alt=\"\" width=\"1024\" height=\"749\" srcset=\"https:\/\/eveniments.es\/wp-content\/uploads\/2020\/07\/Dossier-Eveniments-Masquerade-1024x749.jpg 1024w, https:\/\/eveniments.es\/wp-content\/uploads\/2020\/07\/Dossier-Eveniments-Masquerade-300x219.jpg 300w, https:\/\/eveniments.es\/wp-content\/uploads\/2020\/07\/Dossier-Eveniments-Masquerade-768x562.jpg 768w, https:\/\/eveniments.es\/wp-content\/uploads\/2020\/07\/Dossier-Eveniments-Masquerade-1536x1123.jpg 1536w, https:\/\/eveniments.es\/wp-content\/uploads\/2020\/07\/Dossier-Eveniments-Masquerade-2048x1498.jpg 2048w, https:\/\/eveniments.es\/wp-content\/uploads\/2020\/07\/Dossier-Eveniments-Masquerade-80x60.jpg 80w\" sizes=\"auto, (max-width: 1024px) 100vw, 1024px\" \/><\/p>\n<p>[pdf-embedder url=\u00bbhttps:\/\/eveniments.es\/wp-content\/uploads\/2020\/07\/Dossier-Eveniments-Masquerade.pdf\u00bb title=\u00bbDossier Eveniments Masquerade\u00bb]<\/p>\n<p>&nbsp;<\/p>\n\n","protected":false},"excerpt":{"rendered":"<div class=\"mh-excerpt\"><p>Tem\u00e1tica inspirada en el carnaval m\u00e1s importante de Europa, el carnaval veneciano, conocido por su elegancia y su antig\u00fcedad. Movimientos lentos y elegantes caracterizan a <a class=\"mh-excerpt-more\" href=\"https:\/\/eveniments.es\/home\/masquerade\" title=\"Masquerade\">[&#8230;]<\/a><\/p>\n<\/div>","protected":false},"author":1,"featured_media":0,"parent":0,"menu_order":0,"comment_status":"closed","ping_status":"closed","template":"template-full.php","meta":{"footnotes":""},"class_list":["post-3286","page","type-page","status-publish","hentry"],"_links":{"self":[{"href":"https:\/\/eveniments.es\/home\/wp-json\/wp\/v2\/pages\/3286","targetHints":{"allow":["GET"]}}],"collection":[{"href":"https:\/\/eveniments.es\/home\/wp-json\/wp\/v2\/pages"}],"about":[{"href":"https:\/\/eveniments.es\/home\/wp-json\/wp\/v2\/types\/page"}],"author":[{"embeddable":true,"href":"https:\/\/eveniments.es\/home\/wp-json\/wp\/v2\/users\/1"}],"replies":[{"embeddable":true,"href":"https:\/\/eveniments.es\/home\/wp-json\/wp\/v2\/comments?post=3286"}],"version-history":[{"count":4,"href":"https:\/\/eveniments.es\/home\/wp-json\/wp\/v2\/pages\/3286\/revisions"}],"predecessor-version":[{"id":3295,"href":"https:\/\/eveniments.es\/home\/wp-json\/wp\/v2\/pages\/3286\/revisions\/3295"}],"wp:attachment":[{"href":"https:\/\/eveniments.es\/home\/wp-json\/wp\/v2\/media?parent=3286"}],"curies":[{"name":"wp","href":"https:\/\/api.w.org\/{rel}","templated":true}]}}