{"id":3297,"date":"2020-07-03T16:18:04","date_gmt":"2020-07-03T16:18:04","guid":{"rendered":"https:\/\/eveniments.es\/?page_id=3297"},"modified":"2024-04-22T06:21:43","modified_gmt":"2024-04-22T06:21:43","slug":"time-machine-2","status":"publish","type":"page","link":"https:\/\/eveniments.es\/home\/time-machine-2","title":{"rendered":"Time Machine"},"content":{"rendered":"\n<p>Los invitado llegar\u00e1n al espacio y se encontrar\u00e1n en la puerta a un se\u00f1or con un vestuario tipo \u201cSteanpunk\u201d metido en una m\u00e1quina que parece el engranaje de un reloj. Les dar\u00e1 las buenas noches y les invitar\u00e1 a realizar un viaje en el tiempo, un viaje al futuro. <br>Los invitados pasar\u00e1n por un t\u00fanel dise\u00f1ado a medida para la ocasi\u00f3n en el que no faltar\u00e1 un decorado a medida, humo bajo y efectos visuales para sumergir al los invitados al futuro tras su paso.<\/p>\n<p><img loading=\"lazy\" decoding=\"async\" class=\"alignnone wp-image-3300 size-large\" src=\"https:\/\/eveniments.es\/wp-content\/uploads\/2020\/07\/Dossier-Eveniments-Time-Machine-1024x683.jpg\" alt=\"\" width=\"1024\" height=\"683\" srcset=\"https:\/\/eveniments.es\/wp-content\/uploads\/2020\/07\/Dossier-Eveniments-Time-Machine-1024x683.jpg 1024w, https:\/\/eveniments.es\/wp-content\/uploads\/2020\/07\/Dossier-Eveniments-Time-Machine-300x200.jpg 300w, https:\/\/eveniments.es\/wp-content\/uploads\/2020\/07\/Dossier-Eveniments-Time-Machine-768x512.jpg 768w, https:\/\/eveniments.es\/wp-content\/uploads\/2020\/07\/Dossier-Eveniments-Time-Machine-1536x1024.jpg 1536w, https:\/\/eveniments.es\/wp-content\/uploads\/2020\/07\/Dossier-Eveniments-Time-Machine.jpg 2048w\" sizes=\"auto, (max-width: 1024px) 100vw, 1024px\" \/><\/p>\n<p><img loading=\"lazy\" decoding=\"async\" class=\"alignnone wp-image-3299 size-large\" src=\"https:\/\/eveniments.es\/wp-content\/uploads\/2020\/07\/Dossier-Eveniments-Time-Machine1-1024x674.jpg\" alt=\"\" width=\"1024\" height=\"674\" srcset=\"https:\/\/eveniments.es\/wp-content\/uploads\/2020\/07\/Dossier-Eveniments-Time-Machine1-1024x674.jpg 1024w, https:\/\/eveniments.es\/wp-content\/uploads\/2020\/07\/Dossier-Eveniments-Time-Machine1-300x197.jpg 300w, https:\/\/eveniments.es\/wp-content\/uploads\/2020\/07\/Dossier-Eveniments-Time-Machine1-768x506.jpg 768w, https:\/\/eveniments.es\/wp-content\/uploads\/2020\/07\/Dossier-Eveniments-Time-Machine1.jpg 1106w\" sizes=\"auto, (max-width: 1024px) 100vw, 1024px\" \/><\/p>\n<p>[pdf-embedder url=\u00bbhttps:\/\/eveniments.es\/wp-content\/uploads\/2020\/07\/Dossier-Eveniments-Time-Machine.pdf\u00bb title=\u00bbDossier Eveniments Time Machine\u00bb]<\/p>\n","protected":false},"excerpt":{"rendered":"<div class=\"mh-excerpt\"><\/div>","protected":false},"author":1,"featured_media":0,"parent":0,"menu_order":0,"comment_status":"closed","ping_status":"closed","template":"template-full.php","meta":{"footnotes":""},"class_list":["post-3297","page","type-page","status-publish","hentry"],"_links":{"self":[{"href":"https:\/\/eveniments.es\/home\/wp-json\/wp\/v2\/pages\/3297","targetHints":{"allow":["GET"]}}],"collection":[{"href":"https:\/\/eveniments.es\/home\/wp-json\/wp\/v2\/pages"}],"about":[{"href":"https:\/\/eveniments.es\/home\/wp-json\/wp\/v2\/types\/page"}],"author":[{"embeddable":true,"href":"https:\/\/eveniments.es\/home\/wp-json\/wp\/v2\/users\/1"}],"replies":[{"embeddable":true,"href":"https:\/\/eveniments.es\/home\/wp-json\/wp\/v2\/comments?post=3297"}],"version-history":[{"count":1,"href":"https:\/\/eveniments.es\/home\/wp-json\/wp\/v2\/pages\/3297\/revisions"}],"predecessor-version":[{"id":3301,"href":"https:\/\/eveniments.es\/home\/wp-json\/wp\/v2\/pages\/3297\/revisions\/3301"}],"wp:attachment":[{"href":"https:\/\/eveniments.es\/home\/wp-json\/wp\/v2\/media?parent=3297"}],"curies":[{"name":"wp","href":"https:\/\/api.w.org\/{rel}","templated":true}]}}