{"id":3309,"date":"2020-07-03T16:40:09","date_gmt":"2020-07-03T16:40:09","guid":{"rendered":"https:\/\/eveniments.es\/?page_id=3309"},"modified":"2024-04-22T06:37:07","modified_gmt":"2024-04-22T06:37:07","slug":"la-vie-en-rouge-2","status":"publish","type":"page","link":"https:\/\/eveniments.es\/home\/la-vie-en-rouge-2","title":{"rendered":"La Vie en Rouge"},"content":{"rendered":"\n<p>Tem\u00e1tica inspirada en la belleza de la vida,el color rojo,la pasi\u00f3n,el glamour.Todo un conjunto de sensaciones que har\u00e1n que esta fiesta sea recordada durante mucho tiempo.<\/p>\n<p><a href=\"https:\/\/youtu.be\/vhlQyM1rzOI\"><img loading=\"lazy\" decoding=\"async\" class=\"alignnone wp-image-3312\" src=\"https:\/\/eveniments.es\/wp-content\/uploads\/2020\/07\/la-vie-en-rouge7-300x219.jpg\" alt=\"\" width=\"1024\" height=\"748\" srcset=\"https:\/\/eveniments.es\/wp-content\/uploads\/2020\/07\/la-vie-en-rouge7-300x219.jpg 300w, https:\/\/eveniments.es\/wp-content\/uploads\/2020\/07\/la-vie-en-rouge7-768x561.jpg 768w, https:\/\/eveniments.es\/wp-content\/uploads\/2020\/07\/la-vie-en-rouge7.jpg 800w\" sizes=\"auto, (max-width: 1024px) 100vw, 1024px\" \/><\/a><\/p>\n<p><a href=\"https:\/\/youtu.be\/0kR3uFejxTk\"><img loading=\"lazy\" decoding=\"async\" class=\"alignnone wp-image-3311\" src=\"https:\/\/eveniments.es\/wp-content\/uploads\/2020\/07\/la-vie-en-rouge2-300x203.jpg\" alt=\"\" width=\"1024\" height=\"693\" srcset=\"https:\/\/eveniments.es\/wp-content\/uploads\/2020\/07\/la-vie-en-rouge2-300x203.jpg 300w, https:\/\/eveniments.es\/wp-content\/uploads\/2020\/07\/la-vie-en-rouge2.jpg 731w\" sizes=\"auto, (max-width: 1024px) 100vw, 1024px\" \/><\/a><\/p>\n","protected":false},"excerpt":{"rendered":"<div class=\"mh-excerpt\"><\/div>","protected":false},"author":1,"featured_media":0,"parent":0,"menu_order":0,"comment_status":"closed","ping_status":"closed","template":"template-full.php","meta":{"footnotes":""},"class_list":["post-3309","page","type-page","status-publish","hentry"],"_links":{"self":[{"href":"https:\/\/eveniments.es\/home\/wp-json\/wp\/v2\/pages\/3309","targetHints":{"allow":["GET"]}}],"collection":[{"href":"https:\/\/eveniments.es\/home\/wp-json\/wp\/v2\/pages"}],"about":[{"href":"https:\/\/eveniments.es\/home\/wp-json\/wp\/v2\/types\/page"}],"author":[{"embeddable":true,"href":"https:\/\/eveniments.es\/home\/wp-json\/wp\/v2\/users\/1"}],"replies":[{"embeddable":true,"href":"https:\/\/eveniments.es\/home\/wp-json\/wp\/v2\/comments?post=3309"}],"version-history":[{"count":2,"href":"https:\/\/eveniments.es\/home\/wp-json\/wp\/v2\/pages\/3309\/revisions"}],"predecessor-version":[{"id":3314,"href":"https:\/\/eveniments.es\/home\/wp-json\/wp\/v2\/pages\/3309\/revisions\/3314"}],"wp:attachment":[{"href":"https:\/\/eveniments.es\/home\/wp-json\/wp\/v2\/media?parent=3309"}],"curies":[{"name":"wp","href":"https:\/\/api.w.org\/{rel}","templated":true}]}}