{"id":3316,"date":"2020-07-03T16:58:01","date_gmt":"2020-07-03T16:58:01","guid":{"rendered":"https:\/\/eveniments.es\/?page_id=3316"},"modified":"2024-04-22T06:23:12","modified_gmt":"2024-04-22T06:23:12","slug":"golden-circus-party","status":"publish","type":"page","link":"https:\/\/eveniments.es\/home\/golden-circus-party","title":{"rendered":"Golden Circus Party"},"content":{"rendered":"\r\n<p>Esta tem\u00e1tica tiene como base la Circus Party con pinceladas Burlesque en la que se le da un punto a\u00fan m\u00e1s elegante con los vestuarios color oro. <br>El espect\u00e1culo se compone de diferentes n\u00fameros circenses y de la animaci\u00f3n m\u00e1s din\u00e1mica. Una fiesta, llena de color en la que no falta detalle y combina tecnolog\u00eda con elementos circenses tradicionales como show de fuego y show de led. <br>El desarrollo de la acci\u00f3n ser\u00eda 2 zancudos en la apertura recibiendo a los invitados e interactuando con ellos.<\/p>\r\n<p><img loading=\"lazy\" decoding=\"async\" class=\"alignnone wp-image-3317\" src=\"https:\/\/eveniments.es\/wp-content\/uploads\/2020\/07\/agua-1-300x181.jpg\" alt=\"\" width=\"1024\" height=\"618\" srcset=\"https:\/\/eveniments.es\/wp-content\/uploads\/2020\/07\/agua-1-300x181.jpg 300w, https:\/\/eveniments.es\/wp-content\/uploads\/2020\/07\/agua-1-768x463.jpg 768w, https:\/\/eveniments.es\/wp-content\/uploads\/2020\/07\/agua-1.jpg 902w\" sizes=\"auto, (max-width: 1024px) 100vw, 1024px\" \/><img loading=\"lazy\" decoding=\"async\" class=\"alignnone wp-image-3318 size-large\" src=\"https:\/\/eveniments.es\/wp-content\/uploads\/2020\/07\/Circus2-1024x862.jpg\" alt=\"\" width=\"1024\" height=\"862\" srcset=\"https:\/\/eveniments.es\/wp-content\/uploads\/2020\/07\/Circus2-1024x862.jpg 1024w, https:\/\/eveniments.es\/wp-content\/uploads\/2020\/07\/Circus2-300x252.jpg 300w, https:\/\/eveniments.es\/wp-content\/uploads\/2020\/07\/Circus2-768x646.jpg 768w, https:\/\/eveniments.es\/wp-content\/uploads\/2020\/07\/Circus2.jpg 1311w\" sizes=\"auto, (max-width: 1024px) 100vw, 1024px\" \/><img loading=\"lazy\" decoding=\"async\" class=\"alignnone wp-image-3319 size-large\" src=\"https:\/\/eveniments.es\/wp-content\/uploads\/2020\/07\/Circus3-1024x542.jpg\" alt=\"\" width=\"1024\" height=\"542\" srcset=\"https:\/\/eveniments.es\/wp-content\/uploads\/2020\/07\/Circus3-1024x542.jpg 1024w, https:\/\/eveniments.es\/wp-content\/uploads\/2020\/07\/Circus3-300x159.jpg 300w, https:\/\/eveniments.es\/wp-content\/uploads\/2020\/07\/Circus3-768x407.jpg 768w, https:\/\/eveniments.es\/wp-content\/uploads\/2020\/07\/Circus3.jpg 1080w\" sizes=\"auto, (max-width: 1024px) 100vw, 1024px\" \/><img loading=\"lazy\" decoding=\"async\" class=\"alignnone wp-image-3320\" src=\"https:\/\/eveniments.es\/wp-content\/uploads\/2020\/07\/circus4-300x187.jpg\" alt=\"\" width=\"1024\" height=\"639\" srcset=\"https:\/\/eveniments.es\/wp-content\/uploads\/2020\/07\/circus4-300x187.jpg 300w, https:\/\/eveniments.es\/wp-content\/uploads\/2020\/07\/circus4-768x479.jpg 768w, https:\/\/eveniments.es\/wp-content\/uploads\/2020\/07\/circus4.jpg 904w\" sizes=\"auto, (max-width: 1024px) 100vw, 1024px\" \/><img loading=\"lazy\" decoding=\"async\" class=\"alignnone wp-image-3321 size-large\" src=\"https:\/\/eveniments.es\/wp-content\/uploads\/2020\/07\/circus5-1024x583.jpg\" alt=\"\" width=\"1024\" height=\"583\" srcset=\"https:\/\/eveniments.es\/wp-content\/uploads\/2020\/07\/circus5-1024x583.jpg 1024w, https:\/\/eveniments.es\/wp-content\/uploads\/2020\/07\/circus5-300x171.jpg 300w, https:\/\/eveniments.es\/wp-content\/uploads\/2020\/07\/circus5-768x437.jpg 768w, https:\/\/eveniments.es\/wp-content\/uploads\/2020\/07\/circus5.jpg 1070w\" sizes=\"auto, (max-width: 1024px) 100vw, 1024px\" \/><img loading=\"lazy\" decoding=\"async\" class=\"alignnone wp-image-3322\" src=\"https:\/\/eveniments.es\/wp-content\/uploads\/2020\/07\/circus6-300x235.jpg\" alt=\"\" width=\"1024\" height=\"802\" srcset=\"https:\/\/eveniments.es\/wp-content\/uploads\/2020\/07\/circus6-300x235.jpg 300w, https:\/\/eveniments.es\/wp-content\/uploads\/2020\/07\/circus6-768x601.jpg 768w, https:\/\/eveniments.es\/wp-content\/uploads\/2020\/07\/circus6.jpg 852w\" sizes=\"auto, (max-width: 1024px) 100vw, 1024px\" \/><img loading=\"lazy\" decoding=\"async\" class=\"alignnone wp-image-3323 size-large\" src=\"https:\/\/eveniments.es\/wp-content\/uploads\/2020\/07\/circus7-1024x731.jpg\" alt=\"\" width=\"1024\" height=\"731\" srcset=\"https:\/\/eveniments.es\/wp-content\/uploads\/2020\/07\/circus7-1024x731.jpg 1024w, https:\/\/eveniments.es\/wp-content\/uploads\/2020\/07\/circus7-300x214.jpg 300w, https:\/\/eveniments.es\/wp-content\/uploads\/2020\/07\/circus7-768x548.jpg 768w, https:\/\/eveniments.es\/wp-content\/uploads\/2020\/07\/circus7.jpg 1207w\" sizes=\"auto, (max-width: 1024px) 100vw, 1024px\" \/><img loading=\"lazy\" decoding=\"async\" class=\"alignnone wp-image-3324 size-large\" src=\"https:\/\/eveniments.es\/wp-content\/uploads\/2020\/07\/circus8-1024x559.jpg\" alt=\"\" width=\"1024\" height=\"559\" srcset=\"https:\/\/eveniments.es\/wp-content\/uploads\/2020\/07\/circus8-1024x559.jpg 1024w, https:\/\/eveniments.es\/wp-content\/uploads\/2020\/07\/circus8-300x164.jpg 300w, https:\/\/eveniments.es\/wp-content\/uploads\/2020\/07\/circus8-768x419.jpg 768w, https:\/\/eveniments.es\/wp-content\/uploads\/2020\/07\/circus8.jpg 1054w\" sizes=\"auto, (max-width: 1024px) 100vw, 1024px\" \/><img loading=\"lazy\" decoding=\"async\" class=\"alignnone wp-image-3325 size-large\" src=\"https:\/\/eveniments.es\/wp-content\/uploads\/2020\/07\/circus9-1024x558.jpg\" alt=\"\" width=\"1024\" height=\"558\" srcset=\"https:\/\/eveniments.es\/wp-content\/uploads\/2020\/07\/circus9-1024x558.jpg 1024w, https:\/\/eveniments.es\/wp-content\/uploads\/2020\/07\/circus9-300x164.jpg 300w, https:\/\/eveniments.es\/wp-content\/uploads\/2020\/07\/circus9-768x419.jpg 768w, https:\/\/eveniments.es\/wp-content\/uploads\/2020\/07\/circus9.jpg 1080w\" sizes=\"auto, (max-width: 1024px) 100vw, 1024px\" \/><\/p>\r\n","protected":false},"excerpt":{"rendered":"<div class=\"mh-excerpt\"><\/div>","protected":false},"author":1,"featured_media":0,"parent":0,"menu_order":0,"comment_status":"closed","ping_status":"closed","template":"template-full.php","meta":{"footnotes":""},"class_list":["post-3316","page","type-page","status-publish","hentry"],"_links":{"self":[{"href":"https:\/\/eveniments.es\/home\/wp-json\/wp\/v2\/pages\/3316","targetHints":{"allow":["GET"]}}],"collection":[{"href":"https:\/\/eveniments.es\/home\/wp-json\/wp\/v2\/pages"}],"about":[{"href":"https:\/\/eveniments.es\/home\/wp-json\/wp\/v2\/types\/page"}],"author":[{"embeddable":true,"href":"https:\/\/eveniments.es\/home\/wp-json\/wp\/v2\/users\/1"}],"replies":[{"embeddable":true,"href":"https:\/\/eveniments.es\/home\/wp-json\/wp\/v2\/comments?post=3316"}],"version-history":[{"count":1,"href":"https:\/\/eveniments.es\/home\/wp-json\/wp\/v2\/pages\/3316\/revisions"}],"predecessor-version":[{"id":3326,"href":"https:\/\/eveniments.es\/home\/wp-json\/wp\/v2\/pages\/3316\/revisions\/3326"}],"wp:attachment":[{"href":"https:\/\/eveniments.es\/home\/wp-json\/wp\/v2\/media?parent=3316"}],"curies":[{"name":"wp","href":"https:\/\/api.w.org\/{rel}","templated":true}]}}