{"id":3376,"date":"2020-07-06T08:15:31","date_gmt":"2020-07-06T08:15:31","guid":{"rendered":"https:\/\/eveniments.es\/?page_id=3376"},"modified":"2024-04-22T06:40:25","modified_gmt":"2024-04-22T06:40:25","slug":"giant-puppet-led-drumers","status":"publish","type":"page","link":"https:\/\/eveniments.es\/home\/giant-puppet-led-drumers","title":{"rendered":"Giant Puppet &#8211; Led Drumers"},"content":{"rendered":"\n<p><strong>Giant Puppet<\/strong><\/p>\n<p>Cada movimiento es el resultado del impulso colectivo en el Aqu\u00ed y Ahora. \u00c9l es el prototipo de un tomador de decisiones global, que ilustra c\u00f3mo se toman las decisiones sostenibles: Por deseos y visiones trav\u00e9s de los valores, los objetivos y las actividades. <br>La estructura de la marioneta permite hacerse en espacios libres, que pueden ser llenados con ideas. La posibilidades de shows es infinita, se puede adaptar a muchos tipos de espect\u00e1culos creando una ilusi\u00f3n especial en el p\u00fablico.<\/p>\n<p><img loading=\"lazy\" decoding=\"async\" class=\"alignnone wp-image-2396\" src=\"https:\/\/eveniments.es\/wp-content\/uploads\/2020\/06\/giant-puppet-3-300x188.jpg\" alt=\"\" width=\"1024\" height=\"640\" srcset=\"https:\/\/eveniments.es\/wp-content\/uploads\/2020\/06\/giant-puppet-3-300x188.jpg 300w, https:\/\/eveniments.es\/wp-content\/uploads\/2020\/06\/giant-puppet-3-768x480.jpg 768w, https:\/\/eveniments.es\/wp-content\/uploads\/2020\/06\/giant-puppet-3.jpg 800w\" sizes=\"auto, (max-width: 1024px) 100vw, 1024px\" \/><img loading=\"lazy\" decoding=\"async\" class=\"alignnone wp-image-2395\" src=\"https:\/\/eveniments.es\/wp-content\/uploads\/2020\/06\/giant-puppet-2-300x188.jpg\" alt=\"\" width=\"1024\" height=\"640\" srcset=\"https:\/\/eveniments.es\/wp-content\/uploads\/2020\/06\/giant-puppet-2-300x188.jpg 300w, https:\/\/eveniments.es\/wp-content\/uploads\/2020\/06\/giant-puppet-2-768x480.jpg 768w, https:\/\/eveniments.es\/wp-content\/uploads\/2020\/06\/giant-puppet-2.jpg 800w\" sizes=\"auto, (max-width: 1024px) 100vw, 1024px\" \/><img loading=\"lazy\" decoding=\"async\" class=\"alignnone wp-image-2394\" src=\"https:\/\/eveniments.es\/wp-content\/uploads\/2020\/06\/giant-puppet-1-300x188.jpg\" alt=\"\" width=\"1024\" height=\"640\" srcset=\"https:\/\/eveniments.es\/wp-content\/uploads\/2020\/06\/giant-puppet-1-300x188.jpg 300w, https:\/\/eveniments.es\/wp-content\/uploads\/2020\/06\/giant-puppet-1-768x480.jpg 768w, https:\/\/eveniments.es\/wp-content\/uploads\/2020\/06\/giant-puppet-1.jpg 800w\" sizes=\"auto, (max-width: 1024px) 100vw, 1024px\" \/><img loading=\"lazy\" decoding=\"async\" class=\"alignnone wp-image-2393\" src=\"https:\/\/eveniments.es\/wp-content\/uploads\/2020\/06\/giant-puppet-300x188.jpg\" alt=\"\" width=\"1024\" height=\"640\" srcset=\"https:\/\/eveniments.es\/wp-content\/uploads\/2020\/06\/giant-puppet-300x188.jpg 300w, https:\/\/eveniments.es\/wp-content\/uploads\/2020\/06\/giant-puppet-768x480.jpg 768w, https:\/\/eveniments.es\/wp-content\/uploads\/2020\/06\/giant-puppet.jpg 800w\" sizes=\"auto, (max-width: 1024px) 100vw, 1024px\" \/><\/p>\n<p><img loading=\"lazy\" decoding=\"async\" class=\"alignnone wp-image-3377\" src=\"https:\/\/eveniments.es\/wp-content\/uploads\/2020\/07\/giant-pupet-5-300x169.jpg\" alt=\"\" width=\"1024\" height=\"577\" srcset=\"https:\/\/eveniments.es\/wp-content\/uploads\/2020\/07\/giant-pupet-5-300x169.jpg 300w, https:\/\/eveniments.es\/wp-content\/uploads\/2020\/07\/giant-pupet-5.jpg 563w\" sizes=\"auto, (max-width: 1024px) 100vw, 1024px\" \/><img loading=\"lazy\" decoding=\"async\" class=\"alignnone wp-image-3378\" src=\"https:\/\/eveniments.es\/wp-content\/uploads\/2020\/07\/giant-pupet-6-300x215.jpg\" alt=\"\" width=\"1024\" height=\"733\" srcset=\"https:\/\/eveniments.es\/wp-content\/uploads\/2020\/07\/giant-pupet-6-300x215.jpg 300w, https:\/\/eveniments.es\/wp-content\/uploads\/2020\/07\/giant-pupet-6.jpg 602w\" sizes=\"auto, (max-width: 1024px) 100vw, 1024px\" \/><\/p>\n<p><strong>Led Drummers<\/strong><\/p>\n<p>Los percusionistas LED hacen un espect\u00e1culo \u00fanico en su evento mezclando LEDS y ritmo en un show que har\u00e1 vibrar a todos los asistentes. La formaci\u00f3n puede ser hasta de 5 m\u00fasicos , todos con sus vestuarios LED y sus percusiones de luz.<\/p>\n<p><img loading=\"lazy\" decoding=\"async\" class=\"alignnone wp-image-3379 size-large\" src=\"https:\/\/eveniments.es\/wp-content\/uploads\/2020\/07\/Led-Drumers-1024x564.jpg\" alt=\"\" width=\"1024\" height=\"564\" srcset=\"https:\/\/eveniments.es\/wp-content\/uploads\/2020\/07\/Led-Drumers-1024x564.jpg 1024w, https:\/\/eveniments.es\/wp-content\/uploads\/2020\/07\/Led-Drumers-300x165.jpg 300w, https:\/\/eveniments.es\/wp-content\/uploads\/2020\/07\/Led-Drumers-768x423.jpg 768w, https:\/\/eveniments.es\/wp-content\/uploads\/2020\/07\/Led-Drumers.jpg 1094w\" sizes=\"auto, (max-width: 1024px) 100vw, 1024px\" \/><img loading=\"lazy\" decoding=\"async\" class=\"alignnone wp-image-3380\" src=\"https:\/\/eveniments.es\/wp-content\/uploads\/2020\/07\/Led-Drummers-3-300x200.jpg\" alt=\"\" width=\"1024\" height=\"684\" srcset=\"https:\/\/eveniments.es\/wp-content\/uploads\/2020\/07\/Led-Drummers-3-300x200.jpg 300w, https:\/\/eveniments.es\/wp-content\/uploads\/2020\/07\/Led-Drummers-3.jpg 632w\" sizes=\"auto, (max-width: 1024px) 100vw, 1024px\" \/><img loading=\"lazy\" decoding=\"async\" class=\"alignnone wp-image-3381 size-large\" src=\"https:\/\/eveniments.es\/wp-content\/uploads\/2020\/07\/Led-Drummers-1024x522.jpg\" alt=\"\" width=\"1024\" height=\"522\" srcset=\"https:\/\/eveniments.es\/wp-content\/uploads\/2020\/07\/Led-Drummers-1024x522.jpg 1024w, https:\/\/eveniments.es\/wp-content\/uploads\/2020\/07\/Led-Drummers-300x153.jpg 300w, https:\/\/eveniments.es\/wp-content\/uploads\/2020\/07\/Led-Drummers-768x392.jpg 768w, https:\/\/eveniments.es\/wp-content\/uploads\/2020\/07\/Led-Drummers.jpg 1096w\" sizes=\"auto, (max-width: 1024px) 100vw, 1024px\" \/><\/p>\n","protected":false},"excerpt":{"rendered":"<div class=\"mh-excerpt\"><\/div>","protected":false},"author":1,"featured_media":0,"parent":0,"menu_order":0,"comment_status":"closed","ping_status":"closed","template":"template-full.php","meta":{"footnotes":""},"class_list":["post-3376","page","type-page","status-publish","hentry"],"_links":{"self":[{"href":"https:\/\/eveniments.es\/home\/wp-json\/wp\/v2\/pages\/3376","targetHints":{"allow":["GET"]}}],"collection":[{"href":"https:\/\/eveniments.es\/home\/wp-json\/wp\/v2\/pages"}],"about":[{"href":"https:\/\/eveniments.es\/home\/wp-json\/wp\/v2\/types\/page"}],"author":[{"embeddable":true,"href":"https:\/\/eveniments.es\/home\/wp-json\/wp\/v2\/users\/1"}],"replies":[{"embeddable":true,"href":"https:\/\/eveniments.es\/home\/wp-json\/wp\/v2\/comments?post=3376"}],"version-history":[{"count":1,"href":"https:\/\/eveniments.es\/home\/wp-json\/wp\/v2\/pages\/3376\/revisions"}],"predecessor-version":[{"id":3382,"href":"https:\/\/eveniments.es\/home\/wp-json\/wp\/v2\/pages\/3376\/revisions\/3382"}],"wp:attachment":[{"href":"https:\/\/eveniments.es\/home\/wp-json\/wp\/v2\/media?parent=3376"}],"curies":[{"name":"wp","href":"https:\/\/api.w.org\/{rel}","templated":true}]}}