{"id":3385,"date":"2020-07-06T08:44:12","date_gmt":"2020-07-06T08:44:12","guid":{"rendered":"https:\/\/eveniments.es\/?page_id=3385"},"modified":"2024-04-22T06:29:34","modified_gmt":"2024-04-22T06:29:34","slug":"leyendas-del-mar","status":"publish","type":"page","link":"https:\/\/eveniments.es\/home\/leyendas-del-mar","title":{"rendered":"Leyendas del Mar"},"content":{"rendered":"\n<p>Performance que escenifica la mitolog\u00eda marina y donde incluiremos elementos a medida.Atlantes y el reino de Poseid\u00f3n formar\u00e1n parte de nuestra propuesta.<\/p>\n<p><img loading=\"lazy\" decoding=\"async\" class=\"alignnone wp-image-3391\" src=\"https:\/\/eveniments.es\/wp-content\/uploads\/2020\/07\/V14.-SP-PASACALLES-CREARTE-EVENTS1-1-231x300.jpg\" alt=\"\" width=\"1024\" height=\"1328\" srcset=\"https:\/\/eveniments.es\/wp-content\/uploads\/2020\/07\/V14.-SP-PASACALLES-CREARTE-EVENTS1-1-231x300.jpg 231w, https:\/\/eveniments.es\/wp-content\/uploads\/2020\/07\/V14.-SP-PASACALLES-CREARTE-EVENTS1-1.jpg 546w\" sizes=\"auto, (max-width: 1024px) 100vw, 1024px\" \/><img loading=\"lazy\" decoding=\"async\" class=\"alignnone wp-image-3392\" src=\"https:\/\/eveniments.es\/wp-content\/uploads\/2020\/07\/V14.-SP-PASACALLES-CREARTE-EVENTS2-1-212x300.jpg\" alt=\"\" width=\"1024\" height=\"1446\" srcset=\"https:\/\/eveniments.es\/wp-content\/uploads\/2020\/07\/V14.-SP-PASACALLES-CREARTE-EVENTS2-1-212x300.jpg 212w, https:\/\/eveniments.es\/wp-content\/uploads\/2020\/07\/V14.-SP-PASACALLES-CREARTE-EVENTS2-1.jpg 572w\" sizes=\"auto, (max-width: 1024px) 100vw, 1024px\" \/><img loading=\"lazy\" decoding=\"async\" class=\"alignnone wp-image-3394\" src=\"https:\/\/eveniments.es\/wp-content\/uploads\/2020\/07\/V14.-SP-PASACALLES-CREARTE-EVENTS4-300x275.jpg\" alt=\"\" width=\"1024\" height=\"938\" srcset=\"https:\/\/eveniments.es\/wp-content\/uploads\/2020\/07\/V14.-SP-PASACALLES-CREARTE-EVENTS4-300x275.jpg 300w, https:\/\/eveniments.es\/wp-content\/uploads\/2020\/07\/V14.-SP-PASACALLES-CREARTE-EVENTS4-768x703.jpg 768w, https:\/\/eveniments.es\/wp-content\/uploads\/2020\/07\/V14.-SP-PASACALLES-CREARTE-EVENTS4.jpg 1008w\" sizes=\"auto, (max-width: 1024px) 100vw, 1024px\" \/><img loading=\"lazy\" decoding=\"async\" class=\"alignnone wp-image-3396 size-large\" src=\"https:\/\/eveniments.es\/wp-content\/uploads\/2020\/07\/V14.-SP-PASACALLES-CREARTE-EVENTS6-1024x789.jpg\" alt=\"\" width=\"1024\" height=\"789\" srcset=\"https:\/\/eveniments.es\/wp-content\/uploads\/2020\/07\/V14.-SP-PASACALLES-CREARTE-EVENTS6-1024x789.jpg 1024w, https:\/\/eveniments.es\/wp-content\/uploads\/2020\/07\/V14.-SP-PASACALLES-CREARTE-EVENTS6-300x231.jpg 300w, https:\/\/eveniments.es\/wp-content\/uploads\/2020\/07\/V14.-SP-PASACALLES-CREARTE-EVENTS6-768x592.jpg 768w, https:\/\/eveniments.es\/wp-content\/uploads\/2020\/07\/V14.-SP-PASACALLES-CREARTE-EVENTS6.jpg 1205w\" sizes=\"auto, (max-width: 1024px) 100vw, 1024px\" \/><img loading=\"lazy\" decoding=\"async\" class=\"alignnone wp-image-3395\" src=\"https:\/\/eveniments.es\/wp-content\/uploads\/2020\/07\/V14.-SP-PASACALLES-CREARTE-EVENTS5-241x300.jpg\" alt=\"\" width=\"1024\" height=\"1272\" srcset=\"https:\/\/eveniments.es\/wp-content\/uploads\/2020\/07\/V14.-SP-PASACALLES-CREARTE-EVENTS5-241x300.jpg 241w, https:\/\/eveniments.es\/wp-content\/uploads\/2020\/07\/V14.-SP-PASACALLES-CREARTE-EVENTS5.jpg 763w\" sizes=\"auto, (max-width: 1024px) 100vw, 1024px\" \/><img loading=\"lazy\" decoding=\"async\" class=\"alignnone wp-image-3397\" src=\"https:\/\/eveniments.es\/wp-content\/uploads\/2020\/07\/V14.-SP-PASACALLES-CREARTE-EVENTS-1-248x300.jpg\" alt=\"\" width=\"1024\" height=\"1239\" srcset=\"https:\/\/eveniments.es\/wp-content\/uploads\/2020\/07\/V14.-SP-PASACALLES-CREARTE-EVENTS-1-248x300.jpg 248w, https:\/\/eveniments.es\/wp-content\/uploads\/2020\/07\/V14.-SP-PASACALLES-CREARTE-EVENTS-1-768x929.jpg 768w, https:\/\/eveniments.es\/wp-content\/uploads\/2020\/07\/V14.-SP-PASACALLES-CREARTE-EVENTS-1.jpg 796w\" sizes=\"auto, (max-width: 1024px) 100vw, 1024px\" \/><img loading=\"lazy\" decoding=\"async\" class=\"alignnone wp-image-3393\" src=\"https:\/\/eveniments.es\/wp-content\/uploads\/2020\/07\/V14.-SP-PASACALLES-CREARTE-EVENTS3-1-219x300.jpg\" alt=\"\" width=\"1024\" height=\"1405\" srcset=\"https:\/\/eveniments.es\/wp-content\/uploads\/2020\/07\/V14.-SP-PASACALLES-CREARTE-EVENTS3-1-219x300.jpg 219w, https:\/\/eveniments.es\/wp-content\/uploads\/2020\/07\/V14.-SP-PASACALLES-CREARTE-EVENTS3-1.jpg 640w\" sizes=\"auto, (max-width: 1024px) 100vw, 1024px\" \/><\/p>\n<p><img loading=\"lazy\" decoding=\"async\" class=\"alignnone wp-image-3386\" src=\"https:\/\/eveniments.es\/wp-content\/uploads\/2020\/07\/Albolea-2-300x260.jpg\" alt=\"\" width=\"1024\" height=\"886\" srcset=\"https:\/\/eveniments.es\/wp-content\/uploads\/2020\/07\/Albolea-2-300x260.jpg 300w, https:\/\/eveniments.es\/wp-content\/uploads\/2020\/07\/Albolea-2-768x664.jpg 768w, https:\/\/eveniments.es\/wp-content\/uploads\/2020\/07\/Albolea-2.jpg 771w\" sizes=\"auto, (max-width: 1024px) 100vw, 1024px\" \/><img loading=\"lazy\" decoding=\"async\" class=\"alignnone wp-image-3389\" src=\"https:\/\/eveniments.es\/wp-content\/uploads\/2020\/07\/V14.-SP-PASACALLES-CREARTE-EVENTS3-300x231.jpg\" alt=\"\" width=\"1024\" height=\"787\" srcset=\"https:\/\/eveniments.es\/wp-content\/uploads\/2020\/07\/V14.-SP-PASACALLES-CREARTE-EVENTS3-300x231.jpg 300w, https:\/\/eveniments.es\/wp-content\/uploads\/2020\/07\/V14.-SP-PASACALLES-CREARTE-EVENTS3-768x590.jpg 768w, https:\/\/eveniments.es\/wp-content\/uploads\/2020\/07\/V14.-SP-PASACALLES-CREARTE-EVENTS3-80x60.jpg 80w, https:\/\/eveniments.es\/wp-content\/uploads\/2020\/07\/V14.-SP-PASACALLES-CREARTE-EVENTS3.jpg 773w\" sizes=\"auto, (max-width: 1024px) 100vw, 1024px\" \/><img loading=\"lazy\" decoding=\"async\" class=\"alignnone wp-image-3388 size-large\" src=\"https:\/\/eveniments.es\/wp-content\/uploads\/2020\/07\/V14.-SP-PASACALLES-CREARTE-EVENTS2-1024x553.jpg\" alt=\"\" width=\"1024\" height=\"553\" srcset=\"https:\/\/eveniments.es\/wp-content\/uploads\/2020\/07\/V14.-SP-PASACALLES-CREARTE-EVENTS2-1024x553.jpg 1024w, https:\/\/eveniments.es\/wp-content\/uploads\/2020\/07\/V14.-SP-PASACALLES-CREARTE-EVENTS2-300x162.jpg 300w, https:\/\/eveniments.es\/wp-content\/uploads\/2020\/07\/V14.-SP-PASACALLES-CREARTE-EVENTS2-768x414.jpg 768w, https:\/\/eveniments.es\/wp-content\/uploads\/2020\/07\/V14.-SP-PASACALLES-CREARTE-EVENTS2.jpg 1086w\" sizes=\"auto, (max-width: 1024px) 100vw, 1024px\" \/><\/p>\n<p><img loading=\"lazy\" decoding=\"async\" class=\"alignnone wp-image-3387\" src=\"https:\/\/eveniments.es\/wp-content\/uploads\/2020\/07\/V14.-SP-PASACALLES-CREARTE-EVENTS1-300x263.jpg\" alt=\"\" width=\"1024\" height=\"897\" srcset=\"https:\/\/eveniments.es\/wp-content\/uploads\/2020\/07\/V14.-SP-PASACALLES-CREARTE-EVENTS1-300x263.jpg 300w, https:\/\/eveniments.es\/wp-content\/uploads\/2020\/07\/V14.-SP-PASACALLES-CREARTE-EVENTS1-768x673.jpg 768w, https:\/\/eveniments.es\/wp-content\/uploads\/2020\/07\/V14.-SP-PASACALLES-CREARTE-EVENTS1.jpg 773w\" sizes=\"auto, (max-width: 1024px) 100vw, 1024px\" \/><img loading=\"lazy\" decoding=\"async\" class=\"alignnone wp-image-3390 size-large\" src=\"https:\/\/eveniments.es\/wp-content\/uploads\/2020\/07\/V14.-SP-PASACALLES-CREARTE-EVENTS-1024x690.jpg\" alt=\"\" width=\"1024\" height=\"690\" srcset=\"https:\/\/eveniments.es\/wp-content\/uploads\/2020\/07\/V14.-SP-PASACALLES-CREARTE-EVENTS-1024x690.jpg 1024w, https:\/\/eveniments.es\/wp-content\/uploads\/2020\/07\/V14.-SP-PASACALLES-CREARTE-EVENTS-300x202.jpg 300w, https:\/\/eveniments.es\/wp-content\/uploads\/2020\/07\/V14.-SP-PASACALLES-CREARTE-EVENTS-768x518.jpg 768w, https:\/\/eveniments.es\/wp-content\/uploads\/2020\/07\/V14.-SP-PASACALLES-CREARTE-EVENTS.jpg 1478w\" sizes=\"auto, (max-width: 1024px) 100vw, 1024px\" \/><\/p>\n<p>&nbsp;<\/p>\n","protected":false},"excerpt":{"rendered":"<div class=\"mh-excerpt\"><\/div>","protected":false},"author":1,"featured_media":0,"parent":0,"menu_order":0,"comment_status":"closed","ping_status":"closed","template":"template-full.php","meta":{"footnotes":""},"class_list":["post-3385","page","type-page","status-publish","hentry"],"_links":{"self":[{"href":"https:\/\/eveniments.es\/home\/wp-json\/wp\/v2\/pages\/3385","targetHints":{"allow":["GET"]}}],"collection":[{"href":"https:\/\/eveniments.es\/home\/wp-json\/wp\/v2\/pages"}],"about":[{"href":"https:\/\/eveniments.es\/home\/wp-json\/wp\/v2\/types\/page"}],"author":[{"embeddable":true,"href":"https:\/\/eveniments.es\/home\/wp-json\/wp\/v2\/users\/1"}],"replies":[{"embeddable":true,"href":"https:\/\/eveniments.es\/home\/wp-json\/wp\/v2\/comments?post=3385"}],"version-history":[{"count":2,"href":"https:\/\/eveniments.es\/home\/wp-json\/wp\/v2\/pages\/3385\/revisions"}],"predecessor-version":[{"id":3399,"href":"https:\/\/eveniments.es\/home\/wp-json\/wp\/v2\/pages\/3385\/revisions\/3399"}],"wp:attachment":[{"href":"https:\/\/eveniments.es\/home\/wp-json\/wp\/v2\/media?parent=3385"}],"curies":[{"name":"wp","href":"https:\/\/api.w.org\/{rel}","templated":true}]}}