{"id":3409,"date":"2020-07-06T09:51:34","date_gmt":"2020-07-06T09:51:34","guid":{"rendered":"https:\/\/eveniments.es\/?page_id=3409"},"modified":"2024-04-22T06:10:45","modified_gmt":"2024-04-22T06:10:45","slug":"future-world","status":"publish","type":"page","link":"https:\/\/eveniments.es\/home\/future-world","title":{"rendered":"Future World"},"content":{"rendered":"\n<p>Entraremos en el mundo del futuro tecnol\u00f3gico para sorprender y vivir una experiencia \u00fanica.Producci\u00f3n adaptable a las necesidades de nuestros clientes.Seres del futuro se mezclar\u00e1n para hacerte viajar a otra realidad..<img loading=\"lazy\" decoding=\"async\" class=\"alignnone wp-image-3410 size-large\" src=\"https:\/\/eveniments.es\/wp-content\/uploads\/2020\/07\/V14.-SP-PASACALLES-CREARTE-EVENTS1-2-1024x683.jpg\" alt=\"\" width=\"1024\" height=\"683\" srcset=\"https:\/\/eveniments.es\/wp-content\/uploads\/2020\/07\/V14.-SP-PASACALLES-CREARTE-EVENTS1-2-1024x683.jpg 1024w, https:\/\/eveniments.es\/wp-content\/uploads\/2020\/07\/V14.-SP-PASACALLES-CREARTE-EVENTS1-2-300x200.jpg 300w, https:\/\/eveniments.es\/wp-content\/uploads\/2020\/07\/V14.-SP-PASACALLES-CREARTE-EVENTS1-2-768x512.jpg 768w, https:\/\/eveniments.es\/wp-content\/uploads\/2020\/07\/V14.-SP-PASACALLES-CREARTE-EVENTS1-2.jpg 1413w\" sizes=\"auto, (max-width: 1024px) 100vw, 1024px\" \/><img loading=\"lazy\" decoding=\"async\" class=\"alignnone wp-image-3411\" src=\"https:\/\/eveniments.es\/wp-content\/uploads\/2020\/07\/V14.-SP-PASACALLES-CREARTE-EVENTS3-2-300x216.jpg\" alt=\"\" width=\"1024\" height=\"736\" srcset=\"https:\/\/eveniments.es\/wp-content\/uploads\/2020\/07\/V14.-SP-PASACALLES-CREARTE-EVENTS3-2-300x216.jpg 300w, https:\/\/eveniments.es\/wp-content\/uploads\/2020\/07\/V14.-SP-PASACALLES-CREARTE-EVENTS3-2-768x552.jpg 768w, https:\/\/eveniments.es\/wp-content\/uploads\/2020\/07\/V14.-SP-PASACALLES-CREARTE-EVENTS3-2.jpg 774w\" sizes=\"auto, (max-width: 1024px) 100vw, 1024px\" \/><img loading=\"lazy\" decoding=\"async\" class=\"alignnone wp-image-3412 size-large\" src=\"https:\/\/eveniments.es\/wp-content\/uploads\/2020\/07\/V14.-SP-PASACALLES-CREARTE-EVENTS4-1-1024x520.jpg\" alt=\"\" width=\"1024\" height=\"520\" srcset=\"https:\/\/eveniments.es\/wp-content\/uploads\/2020\/07\/V14.-SP-PASACALLES-CREARTE-EVENTS4-1-1024x520.jpg 1024w, https:\/\/eveniments.es\/wp-content\/uploads\/2020\/07\/V14.-SP-PASACALLES-CREARTE-EVENTS4-1-300x152.jpg 300w, https:\/\/eveniments.es\/wp-content\/uploads\/2020\/07\/V14.-SP-PASACALLES-CREARTE-EVENTS4-1-768x390.jpg 768w, https:\/\/eveniments.es\/wp-content\/uploads\/2020\/07\/V14.-SP-PASACALLES-CREARTE-EVENTS4-1.jpg 1118w\" sizes=\"auto, (max-width: 1024px) 100vw, 1024px\" \/><img loading=\"lazy\" decoding=\"async\" class=\"alignnone wp-image-3413\" src=\"https:\/\/eveniments.es\/wp-content\/uploads\/2020\/07\/V14.-SP-PASACALLES-CREARTE-EVENTS5-1-300x183.jpg\" alt=\"\" width=\"1024\" height=\"626\" srcset=\"https:\/\/eveniments.es\/wp-content\/uploads\/2020\/07\/V14.-SP-PASACALLES-CREARTE-EVENTS5-1-300x183.jpg 300w, https:\/\/eveniments.es\/wp-content\/uploads\/2020\/07\/V14.-SP-PASACALLES-CREARTE-EVENTS5-1.jpg 762w\" sizes=\"auto, (max-width: 1024px) 100vw, 1024px\" \/><img loading=\"lazy\" decoding=\"async\" class=\"alignnone wp-image-3414\" src=\"https:\/\/eveniments.es\/wp-content\/uploads\/2020\/07\/V14.-SP-PASACALLES-CREARTE-EVENTS6-1-300x225.jpg\" alt=\"\" width=\"1024\" height=\"768\" srcset=\"https:\/\/eveniments.es\/wp-content\/uploads\/2020\/07\/V14.-SP-PASACALLES-CREARTE-EVENTS6-1-300x225.jpg 300w, https:\/\/eveniments.es\/wp-content\/uploads\/2020\/07\/V14.-SP-PASACALLES-CREARTE-EVENTS6-1-768x576.jpg 768w, https:\/\/eveniments.es\/wp-content\/uploads\/2020\/07\/V14.-SP-PASACALLES-CREARTE-EVENTS6-1-678x509.jpg 678w, https:\/\/eveniments.es\/wp-content\/uploads\/2020\/07\/V14.-SP-PASACALLES-CREARTE-EVENTS6-1-326x245.jpg 326w, https:\/\/eveniments.es\/wp-content\/uploads\/2020\/07\/V14.-SP-PASACALLES-CREARTE-EVENTS6-1-80x60.jpg 80w, https:\/\/eveniments.es\/wp-content\/uploads\/2020\/07\/V14.-SP-PASACALLES-CREARTE-EVENTS6-1.jpg 800w\" sizes=\"auto, (max-width: 1024px) 100vw, 1024px\" \/><img loading=\"lazy\" decoding=\"async\" class=\"alignnone wp-image-3415\" src=\"https:\/\/eveniments.es\/wp-content\/uploads\/2020\/07\/V14.-SP-PASACALLES-CREARTE-EVENTS8-300x206.jpg\" alt=\"\" width=\"1024\" height=\"704\" srcset=\"https:\/\/eveniments.es\/wp-content\/uploads\/2020\/07\/V14.-SP-PASACALLES-CREARTE-EVENTS8-300x206.jpg 300w, https:\/\/eveniments.es\/wp-content\/uploads\/2020\/07\/V14.-SP-PASACALLES-CREARTE-EVENTS8.jpg 733w\" sizes=\"auto, (max-width: 1024px) 100vw, 1024px\" \/><img loading=\"lazy\" decoding=\"async\" class=\"alignnone wp-image-3416 size-large\" src=\"https:\/\/eveniments.es\/wp-content\/uploads\/2020\/07\/V14.-SP-PASACALLES-CREARTE-EVENTS9-1024x498.jpg\" alt=\"\" width=\"1024\" height=\"498\" srcset=\"https:\/\/eveniments.es\/wp-content\/uploads\/2020\/07\/V14.-SP-PASACALLES-CREARTE-EVENTS9-1024x498.jpg 1024w, https:\/\/eveniments.es\/wp-content\/uploads\/2020\/07\/V14.-SP-PASACALLES-CREARTE-EVENTS9-300x146.jpg 300w, https:\/\/eveniments.es\/wp-content\/uploads\/2020\/07\/V14.-SP-PASACALLES-CREARTE-EVENTS9-768x373.jpg 768w, https:\/\/eveniments.es\/wp-content\/uploads\/2020\/07\/V14.-SP-PASACALLES-CREARTE-EVENTS9-1536x747.jpg 1536w, https:\/\/eveniments.es\/wp-content\/uploads\/2020\/07\/V14.-SP-PASACALLES-CREARTE-EVENTS9.jpg 1600w\" sizes=\"auto, (max-width: 1024px) 100vw, 1024px\" \/><img loading=\"lazy\" decoding=\"async\" class=\"alignnone wp-image-3417\" src=\"https:\/\/eveniments.es\/wp-content\/uploads\/2020\/07\/V14.-SP-PASACALLES-CREARTE-EVENTS10-300x291.jpg\" alt=\"\" width=\"1024\" height=\"992\" srcset=\"https:\/\/eveniments.es\/wp-content\/uploads\/2020\/07\/V14.-SP-PASACALLES-CREARTE-EVENTS10-300x291.jpg 300w, https:\/\/eveniments.es\/wp-content\/uploads\/2020\/07\/V14.-SP-PASACALLES-CREARTE-EVENTS10-768x744.jpg 768w, https:\/\/eveniments.es\/wp-content\/uploads\/2020\/07\/V14.-SP-PASACALLES-CREARTE-EVENTS10.jpg 963w\" sizes=\"auto, (max-width: 1024px) 100vw, 1024px\" \/><img loading=\"lazy\" decoding=\"async\" class=\"alignnone wp-image-3418\" src=\"https:\/\/eveniments.es\/wp-content\/uploads\/2020\/07\/V14.-SP-PASACALLES-CREARTE-EVENTS11-300x191.jpg\" alt=\"\" width=\"1024\" height=\"651\" srcset=\"https:\/\/eveniments.es\/wp-content\/uploads\/2020\/07\/V14.-SP-PASACALLES-CREARTE-EVENTS11-300x191.jpg 300w, https:\/\/eveniments.es\/wp-content\/uploads\/2020\/07\/V14.-SP-PASACALLES-CREARTE-EVENTS11-768x488.jpg 768w, https:\/\/eveniments.es\/wp-content\/uploads\/2020\/07\/V14.-SP-PASACALLES-CREARTE-EVENTS11.jpg 961w\" sizes=\"auto, (max-width: 1024px) 100vw, 1024px\" \/><img loading=\"lazy\" decoding=\"async\" class=\"alignnone wp-image-3419\" src=\"https:\/\/eveniments.es\/wp-content\/uploads\/2020\/07\/V14.-SP-PASACALLES-CREARTE-EVENTS17-300x200.jpg\" alt=\"\" width=\"1024\" height=\"684\" srcset=\"https:\/\/eveniments.es\/wp-content\/uploads\/2020\/07\/V14.-SP-PASACALLES-CREARTE-EVENTS17-300x200.jpg 300w, https:\/\/eveniments.es\/wp-content\/uploads\/2020\/07\/V14.-SP-PASACALLES-CREARTE-EVENTS17-768x513.jpg 768w, https:\/\/eveniments.es\/wp-content\/uploads\/2020\/07\/V14.-SP-PASACALLES-CREARTE-EVENTS17.jpg 960w\" sizes=\"auto, (max-width: 1024px) 100vw, 1024px\" \/><img loading=\"lazy\" decoding=\"async\" class=\"alignnone wp-image-3421\" src=\"https:\/\/eveniments.es\/wp-content\/uploads\/2020\/07\/V14.-SP-PASACALLES-CREARTE-EVENTS20-300x238.jpg\" alt=\"\" width=\"1024\" height=\"813\" srcset=\"https:\/\/eveniments.es\/wp-content\/uploads\/2020\/07\/V14.-SP-PASACALLES-CREARTE-EVENTS20-300x238.jpg 300w, https:\/\/eveniments.es\/wp-content\/uploads\/2020\/07\/V14.-SP-PASACALLES-CREARTE-EVENTS20-768x610.jpg 768w, https:\/\/eveniments.es\/wp-content\/uploads\/2020\/07\/V14.-SP-PASACALLES-CREARTE-EVENTS20.jpg 846w\" sizes=\"auto, (max-width: 1024px) 100vw, 1024px\" \/><\/p>\n<p><img loading=\"lazy\" decoding=\"async\" class=\"alignnone wp-image-3422\" src=\"https:\/\/eveniments.es\/wp-content\/uploads\/2020\/07\/Albolea-2-1-300x300.jpg\" alt=\"\" width=\"1024\" height=\"1024\" srcset=\"https:\/\/eveniments.es\/wp-content\/uploads\/2020\/07\/Albolea-2-1-300x300.jpg 300w, https:\/\/eveniments.es\/wp-content\/uploads\/2020\/07\/Albolea-2-1-150x150.jpg 150w, https:\/\/eveniments.es\/wp-content\/uploads\/2020\/07\/Albolea-2-1-768x768.jpg 768w, https:\/\/eveniments.es\/wp-content\/uploads\/2020\/07\/Albolea-2-1.jpg 932w\" sizes=\"auto, (max-width: 1024px) 100vw, 1024px\" \/><img loading=\"lazy\" decoding=\"async\" class=\"alignnone wp-image-3423\" src=\"https:\/\/eveniments.es\/wp-content\/uploads\/2020\/07\/V14.-SP-PASACALLES-CREARTE-EVENTS2-2-228x300.jpg\" alt=\"\" width=\"1024\" height=\"1349\" srcset=\"https:\/\/eveniments.es\/wp-content\/uploads\/2020\/07\/V14.-SP-PASACALLES-CREARTE-EVENTS2-2-228x300.jpg 228w, https:\/\/eveniments.es\/wp-content\/uploads\/2020\/07\/V14.-SP-PASACALLES-CREARTE-EVENTS2-2-777x1024.jpg 777w, https:\/\/eveniments.es\/wp-content\/uploads\/2020\/07\/V14.-SP-PASACALLES-CREARTE-EVENTS2-2-768x1012.jpg 768w, https:\/\/eveniments.es\/wp-content\/uploads\/2020\/07\/V14.-SP-PASACALLES-CREARTE-EVENTS2-2.jpg 820w\" sizes=\"auto, (max-width: 1024px) 100vw, 1024px\" \/><img loading=\"lazy\" decoding=\"async\" class=\"alignnone wp-image-3424\" src=\"https:\/\/eveniments.es\/wp-content\/uploads\/2020\/07\/V14.-SP-PASACALLES-CREARTE-EVENTS7-1-300x296.jpg\" alt=\"\" width=\"1024\" height=\"1011\" srcset=\"https:\/\/eveniments.es\/wp-content\/uploads\/2020\/07\/V14.-SP-PASACALLES-CREARTE-EVENTS7-1-300x296.jpg 300w, https:\/\/eveniments.es\/wp-content\/uploads\/2020\/07\/V14.-SP-PASACALLES-CREARTE-EVENTS7-1-768x758.jpg 768w, https:\/\/eveniments.es\/wp-content\/uploads\/2020\/07\/V14.-SP-PASACALLES-CREARTE-EVENTS7-1.jpg 840w\" sizes=\"auto, (max-width: 1024px) 100vw, 1024px\" \/><img loading=\"lazy\" decoding=\"async\" class=\"alignnone wp-image-3425\" src=\"https:\/\/eveniments.es\/wp-content\/uploads\/2020\/07\/V14.-SP-PASACALLES-CREARTE-EVENTS10-1-300x291.jpg\" alt=\"\" width=\"1024\" height=\"992\" srcset=\"https:\/\/eveniments.es\/wp-content\/uploads\/2020\/07\/V14.-SP-PASACALLES-CREARTE-EVENTS10-1-300x291.jpg 300w, https:\/\/eveniments.es\/wp-content\/uploads\/2020\/07\/V14.-SP-PASACALLES-CREARTE-EVENTS10-1-768x744.jpg 768w, https:\/\/eveniments.es\/wp-content\/uploads\/2020\/07\/V14.-SP-PASACALLES-CREARTE-EVENTS10-1.jpg 963w\" sizes=\"auto, (max-width: 1024px) 100vw, 1024px\" \/><img loading=\"lazy\" decoding=\"async\" class=\"alignnone wp-image-3426\" src=\"https:\/\/eveniments.es\/wp-content\/uploads\/2020\/07\/V14.-SP-PASACALLES-CREARTE-EVENTS15-228x300.jpg\" alt=\"\" width=\"1024\" height=\"1347\" srcset=\"https:\/\/eveniments.es\/wp-content\/uploads\/2020\/07\/V14.-SP-PASACALLES-CREARTE-EVENTS15-228x300.jpg 228w, https:\/\/eveniments.es\/wp-content\/uploads\/2020\/07\/V14.-SP-PASACALLES-CREARTE-EVENTS15-778x1024.jpg 778w, https:\/\/eveniments.es\/wp-content\/uploads\/2020\/07\/V14.-SP-PASACALLES-CREARTE-EVENTS15-768x1011.jpg 768w, https:\/\/eveniments.es\/wp-content\/uploads\/2020\/07\/V14.-SP-PASACALLES-CREARTE-EVENTS15.jpg 931w\" sizes=\"auto, (max-width: 1024px) 100vw, 1024px\" \/><img loading=\"lazy\" decoding=\"async\" class=\"alignnone wp-image-3427\" src=\"https:\/\/eveniments.es\/wp-content\/uploads\/2020\/07\/V14.-SP-PASACALLES-CREARTE-EVENTS18-225x300.jpg\" alt=\"\" width=\"1024\" height=\"1365\" srcset=\"https:\/\/eveniments.es\/wp-content\/uploads\/2020\/07\/V14.-SP-PASACALLES-CREARTE-EVENTS18-225x300.jpg 225w, https:\/\/eveniments.es\/wp-content\/uploads\/2020\/07\/V14.-SP-PASACALLES-CREARTE-EVENTS18.jpg 600w\" sizes=\"auto, (max-width: 1024px) 100vw, 1024px\" \/><img loading=\"lazy\" decoding=\"async\" class=\"alignnone wp-image-3428\" src=\"https:\/\/eveniments.es\/wp-content\/uploads\/2020\/07\/V14.-SP-PASACALLES-CREARTE-EVENTS-3-300x300.jpg\" alt=\"\" width=\"1024\" height=\"1024\" srcset=\"https:\/\/eveniments.es\/wp-content\/uploads\/2020\/07\/V14.-SP-PASACALLES-CREARTE-EVENTS-3-300x300.jpg 300w, https:\/\/eveniments.es\/wp-content\/uploads\/2020\/07\/V14.-SP-PASACALLES-CREARTE-EVENTS-3-150x150.jpg 150w, https:\/\/eveniments.es\/wp-content\/uploads\/2020\/07\/V14.-SP-PASACALLES-CREARTE-EVENTS-3-768x768.jpg 768w, https:\/\/eveniments.es\/wp-content\/uploads\/2020\/07\/V14.-SP-PASACALLES-CREARTE-EVENTS-3.jpg 930w\" sizes=\"auto, (max-width: 1024px) 100vw, 1024px\" \/><img loading=\"lazy\" decoding=\"async\" class=\"alignnone wp-image-3429\" src=\"https:\/\/eveniments.es\/wp-content\/uploads\/2020\/07\/V14.-SP-PASACALLES-CREARTE-EVENTS13-300x212.jpg\" alt=\"\" width=\"1024\" height=\"723\" srcset=\"https:\/\/eveniments.es\/wp-content\/uploads\/2020\/07\/V14.-SP-PASACALLES-CREARTE-EVENTS13-300x212.jpg 300w, https:\/\/eveniments.es\/wp-content\/uploads\/2020\/07\/V14.-SP-PASACALLES-CREARTE-EVENTS13-768x542.jpg 768w, https:\/\/eveniments.es\/wp-content\/uploads\/2020\/07\/V14.-SP-PASACALLES-CREARTE-EVENTS13.jpg 932w\" sizes=\"auto, (max-width: 1024px) 100vw, 1024px\" \/><img loading=\"lazy\" decoding=\"async\" class=\"alignnone wp-image-3430 size-large\" src=\"https:\/\/eveniments.es\/wp-content\/uploads\/2020\/07\/V14.-SP-PASACALLES-CREARTE-EVENTS14-1024x630.jpg\" alt=\"\" width=\"1024\" height=\"630\" srcset=\"https:\/\/eveniments.es\/wp-content\/uploads\/2020\/07\/V14.-SP-PASACALLES-CREARTE-EVENTS14-1024x630.jpg 1024w, https:\/\/eveniments.es\/wp-content\/uploads\/2020\/07\/V14.-SP-PASACALLES-CREARTE-EVENTS14-300x185.jpg 300w, https:\/\/eveniments.es\/wp-content\/uploads\/2020\/07\/V14.-SP-PASACALLES-CREARTE-EVENTS14-768x472.jpg 768w, https:\/\/eveniments.es\/wp-content\/uploads\/2020\/07\/V14.-SP-PASACALLES-CREARTE-EVENTS14.jpg 1278w\" sizes=\"auto, (max-width: 1024px) 100vw, 1024px\" \/><img loading=\"lazy\" decoding=\"async\" class=\"alignnone wp-image-3431\" src=\"https:\/\/eveniments.es\/wp-content\/uploads\/2020\/07\/V14.-SP-PASACALLES-CREARTE-EVENTS16-240x300.jpg\" alt=\"\" width=\"1024\" height=\"1279\" srcset=\"https:\/\/eveniments.es\/wp-content\/uploads\/2020\/07\/V14.-SP-PASACALLES-CREARTE-EVENTS16-240x300.jpg 240w, https:\/\/eveniments.es\/wp-content\/uploads\/2020\/07\/V14.-SP-PASACALLES-CREARTE-EVENTS16.jpg 750w\" sizes=\"auto, (max-width: 1024px) 100vw, 1024px\" \/><\/p>\n","protected":false},"excerpt":{"rendered":"<div class=\"mh-excerpt\"><\/div>","protected":false},"author":1,"featured_media":0,"parent":0,"menu_order":0,"comment_status":"closed","ping_status":"closed","template":"template-full.php","meta":{"footnotes":""},"class_list":["post-3409","page","type-page","status-publish","hentry"],"_links":{"self":[{"href":"https:\/\/eveniments.es\/home\/wp-json\/wp\/v2\/pages\/3409","targetHints":{"allow":["GET"]}}],"collection":[{"href":"https:\/\/eveniments.es\/home\/wp-json\/wp\/v2\/pages"}],"about":[{"href":"https:\/\/eveniments.es\/home\/wp-json\/wp\/v2\/types\/page"}],"author":[{"embeddable":true,"href":"https:\/\/eveniments.es\/home\/wp-json\/wp\/v2\/users\/1"}],"replies":[{"embeddable":true,"href":"https:\/\/eveniments.es\/home\/wp-json\/wp\/v2\/comments?post=3409"}],"version-history":[{"count":1,"href":"https:\/\/eveniments.es\/home\/wp-json\/wp\/v2\/pages\/3409\/revisions"}],"predecessor-version":[{"id":3432,"href":"https:\/\/eveniments.es\/home\/wp-json\/wp\/v2\/pages\/3409\/revisions\/3432"}],"wp:attachment":[{"href":"https:\/\/eveniments.es\/home\/wp-json\/wp\/v2\/media?parent=3409"}],"curies":[{"name":"wp","href":"https:\/\/api.w.org\/{rel}","templated":true}]}}