{"id":3435,"date":"2020-07-06T12:11:30","date_gmt":"2020-07-06T12:11:30","guid":{"rendered":"https:\/\/eveniments.es\/?page_id=3435"},"modified":"2024-04-19T09:36:46","modified_gmt":"2024-04-19T09:36:46","slug":"especial-venecia","status":"publish","type":"page","link":"https:\/\/eveniments.es\/home\/especial-venecia","title":{"rendered":"Especial Venecia"},"content":{"rendered":"\n<p>Fiesta tem\u00e1tica al m\u00e1s puro estilo de los Carnavales de Venecia, en el que se entremezclar\u00e1n los bufones con los elegantes atuendos de arlequines, pantalones y colombinas. <br>Un autentico paseo por la cuna del Carnaval..<\/p>\n<p>En Venice White party, todos los personajes van vestidos de blanco. Inspirado en la pureza y la armon\u00eda y trasladando al espectador a un mundo de paz y tranquilidad.<\/p>\n<p><img loading=\"lazy\" decoding=\"async\" class=\"alignnone wp-image-3439\" src=\"https:\/\/eveniments.es\/wp-content\/uploads\/2020\/07\/V14.-SP-PASACALLES-CREARTE-EVENTS6-2-300x200.jpg\" alt=\"\" width=\"1024\" height=\"682\" srcset=\"https:\/\/eveniments.es\/wp-content\/uploads\/2020\/07\/V14.-SP-PASACALLES-CREARTE-EVENTS6-2-300x200.jpg 300w, https:\/\/eveniments.es\/wp-content\/uploads\/2020\/07\/V14.-SP-PASACALLES-CREARTE-EVENTS6-2.jpg 323w\" sizes=\"auto, (max-width: 1024px) 100vw, 1024px\" \/><\/p>\n<p><img loading=\"lazy\" decoding=\"async\" class=\"alignnone wp-image-3436 size-large\" src=\"https:\/\/eveniments.es\/wp-content\/uploads\/2020\/07\/V14.-SP-PASACALLES-CREARTE-EVENTS1-3-1024x629.jpg\" alt=\"\" width=\"1024\" height=\"629\" srcset=\"https:\/\/eveniments.es\/wp-content\/uploads\/2020\/07\/V14.-SP-PASACALLES-CREARTE-EVENTS1-3-1024x629.jpg 1024w, https:\/\/eveniments.es\/wp-content\/uploads\/2020\/07\/V14.-SP-PASACALLES-CREARTE-EVENTS1-3-300x184.jpg 300w, https:\/\/eveniments.es\/wp-content\/uploads\/2020\/07\/V14.-SP-PASACALLES-CREARTE-EVENTS1-3-768x472.jpg 768w, https:\/\/eveniments.es\/wp-content\/uploads\/2020\/07\/V14.-SP-PASACALLES-CREARTE-EVENTS1-3.jpg 1082w\" sizes=\"auto, (max-width: 1024px) 100vw, 1024px\" \/><img loading=\"lazy\" decoding=\"async\" class=\"alignnone wp-image-3437 size-large\" src=\"https:\/\/eveniments.es\/wp-content\/uploads\/2020\/07\/V14.-SP-PASACALLES-CREARTE-EVENTS2-3-1024x492.jpg\" alt=\"\" width=\"1024\" height=\"492\" srcset=\"https:\/\/eveniments.es\/wp-content\/uploads\/2020\/07\/V14.-SP-PASACALLES-CREARTE-EVENTS2-3-1024x492.jpg 1024w, https:\/\/eveniments.es\/wp-content\/uploads\/2020\/07\/V14.-SP-PASACALLES-CREARTE-EVENTS2-3-300x144.jpg 300w, https:\/\/eveniments.es\/wp-content\/uploads\/2020\/07\/V14.-SP-PASACALLES-CREARTE-EVENTS2-3-768x369.jpg 768w, https:\/\/eveniments.es\/wp-content\/uploads\/2020\/07\/V14.-SP-PASACALLES-CREARTE-EVENTS2-3.jpg 1150w\" sizes=\"auto, (max-width: 1024px) 100vw, 1024px\" \/><img loading=\"lazy\" decoding=\"async\" class=\"alignnone wp-image-3438\" src=\"https:\/\/eveniments.es\/wp-content\/uploads\/2020\/07\/V14.-SP-PASACALLES-CREARTE-EVENTS3-3-300x139.jpg\" alt=\"\" width=\"1024\" height=\"473\" srcset=\"https:\/\/eveniments.es\/wp-content\/uploads\/2020\/07\/V14.-SP-PASACALLES-CREARTE-EVENTS3-3-300x139.jpg 300w, https:\/\/eveniments.es\/wp-content\/uploads\/2020\/07\/V14.-SP-PASACALLES-CREARTE-EVENTS3-3.jpg 539w\" sizes=\"auto, (max-width: 1024px) 100vw, 1024px\" \/><img loading=\"lazy\" decoding=\"async\" class=\"alignnone wp-image-3440\" src=\"https:\/\/eveniments.es\/wp-content\/uploads\/2020\/07\/V14.-SP-PASACALLES-CREARTE-EVENTS7-2.jpg\" alt=\"\" width=\"1024\" height=\"757\" srcset=\"https:\/\/eveniments.es\/wp-content\/uploads\/2020\/07\/V14.-SP-PASACALLES-CREARTE-EVENTS7-2.jpg 261w, https:\/\/eveniments.es\/wp-content\/uploads\/2020\/07\/V14.-SP-PASACALLES-CREARTE-EVENTS7-2-80x60.jpg 80w\" sizes=\"auto, (max-width: 1024px) 100vw, 1024px\" \/><img loading=\"lazy\" decoding=\"async\" class=\"alignnone wp-image-3441\" src=\"https:\/\/eveniments.es\/wp-content\/uploads\/2020\/07\/V14.-SP-PASACALLES-CREARTE-EVENTS8-1.jpg\" alt=\"\" width=\"1024\" height=\"878\"><img loading=\"lazy\" decoding=\"async\" class=\"alignnone wp-image-3442 size-large\" src=\"https:\/\/eveniments.es\/wp-content\/uploads\/2020\/07\/V14.-SP-PASACALLES-CREARTE-EVENTS14-1-1024x647.jpg\" alt=\"\" width=\"1024\" height=\"647\" srcset=\"https:\/\/eveniments.es\/wp-content\/uploads\/2020\/07\/V14.-SP-PASACALLES-CREARTE-EVENTS14-1-1024x647.jpg 1024w, https:\/\/eveniments.es\/wp-content\/uploads\/2020\/07\/V14.-SP-PASACALLES-CREARTE-EVENTS14-1-300x189.jpg 300w, https:\/\/eveniments.es\/wp-content\/uploads\/2020\/07\/V14.-SP-PASACALLES-CREARTE-EVENTS14-1-768x485.jpg 768w, https:\/\/eveniments.es\/wp-content\/uploads\/2020\/07\/V14.-SP-PASACALLES-CREARTE-EVENTS14-1.jpg 1042w\" sizes=\"auto, (max-width: 1024px) 100vw, 1024px\" \/><img loading=\"lazy\" decoding=\"async\" class=\"alignnone wp-image-3443 size-large\" src=\"https:\/\/eveniments.es\/wp-content\/uploads\/2020\/07\/V14.-SP-PASACALLES-CREARTE-EVENTS15-1-1024x563.jpg\" alt=\"\" width=\"1024\" height=\"563\" srcset=\"https:\/\/eveniments.es\/wp-content\/uploads\/2020\/07\/V14.-SP-PASACALLES-CREARTE-EVENTS15-1-1024x563.jpg 1024w, https:\/\/eveniments.es\/wp-content\/uploads\/2020\/07\/V14.-SP-PASACALLES-CREARTE-EVENTS15-1-300x165.jpg 300w, https:\/\/eveniments.es\/wp-content\/uploads\/2020\/07\/V14.-SP-PASACALLES-CREARTE-EVENTS15-1-768x423.jpg 768w, https:\/\/eveniments.es\/wp-content\/uploads\/2020\/07\/V14.-SP-PASACALLES-CREARTE-EVENTS15-1.jpg 1276w\" sizes=\"auto, (max-width: 1024px) 100vw, 1024px\" \/><\/p>\n<p><img loading=\"lazy\" decoding=\"async\" class=\"alignnone wp-image-3445\" src=\"https:\/\/eveniments.es\/wp-content\/uploads\/2020\/07\/Albolea-2-2-200x300.jpg\" alt=\"\" width=\"1024\" height=\"1538\" srcset=\"https:\/\/eveniments.es\/wp-content\/uploads\/2020\/07\/Albolea-2-2-200x300.jpg 200w, https:\/\/eveniments.es\/wp-content\/uploads\/2020\/07\/Albolea-2-2.jpg 253w\" sizes=\"auto, (max-width: 1024px) 100vw, 1024px\" \/><img loading=\"lazy\" decoding=\"async\" class=\"alignnone wp-image-3446\" src=\"https:\/\/eveniments.es\/wp-content\/uploads\/2020\/07\/V14.-SP-PASACALLES-CREARTE-EVENTS4-2.jpg\" alt=\"\" width=\"1024\" height=\"1466\"><img loading=\"lazy\" decoding=\"async\" class=\"alignnone wp-image-3448\" src=\"https:\/\/eveniments.es\/wp-content\/uploads\/2020\/07\/V14.-SP-PASACALLES-CREARTE-EVENTS9-1-291x300.jpg\" alt=\"\" width=\"1024\" height=\"1057\" srcset=\"https:\/\/eveniments.es\/wp-content\/uploads\/2020\/07\/V14.-SP-PASACALLES-CREARTE-EVENTS9-1-291x300.jpg 291w, https:\/\/eveniments.es\/wp-content\/uploads\/2020\/07\/V14.-SP-PASACALLES-CREARTE-EVENTS9-1.jpg 720w\" sizes=\"auto, (max-width: 1024px) 100vw, 1024px\" \/><img loading=\"lazy\" decoding=\"async\" class=\"alignnone wp-image-3449\" src=\"https:\/\/eveniments.es\/wp-content\/uploads\/2020\/07\/V14.-SP-PASACALLES-CREARTE-EVENTS10-2-300x300.jpg\" alt=\"\" width=\"1024\" height=\"1024\" srcset=\"https:\/\/eveniments.es\/wp-content\/uploads\/2020\/07\/V14.-SP-PASACALLES-CREARTE-EVENTS10-2-300x300.jpg 300w, https:\/\/eveniments.es\/wp-content\/uploads\/2020\/07\/V14.-SP-PASACALLES-CREARTE-EVENTS10-2-150x150.jpg 150w, https:\/\/eveniments.es\/wp-content\/uploads\/2020\/07\/V14.-SP-PASACALLES-CREARTE-EVENTS10-2.jpg 590w\" sizes=\"auto, (max-width: 1024px) 100vw, 1024px\" \/><img loading=\"lazy\" decoding=\"async\" class=\"alignnone wp-image-3450\" src=\"https:\/\/eveniments.es\/wp-content\/uploads\/2020\/07\/V14.-SP-PASACALLES-CREARTE-EVENTS11-1-240x300.jpg\" alt=\"\" width=\"1024\" height=\"1280\" srcset=\"https:\/\/eveniments.es\/wp-content\/uploads\/2020\/07\/V14.-SP-PASACALLES-CREARTE-EVENTS11-1-240x300.jpg 240w, https:\/\/eveniments.es\/wp-content\/uploads\/2020\/07\/V14.-SP-PASACALLES-CREARTE-EVENTS11-1.jpg 720w\" sizes=\"auto, (max-width: 1024px) 100vw, 1024px\" \/><img loading=\"lazy\" decoding=\"async\" class=\"alignnone wp-image-3451\" src=\"https:\/\/eveniments.es\/wp-content\/uploads\/2020\/07\/V14.-SP-PASACALLES-CREARTE-EVENTS12-281x300.jpg\" alt=\"\" width=\"1024\" height=\"1093\" srcset=\"https:\/\/eveniments.es\/wp-content\/uploads\/2020\/07\/V14.-SP-PASACALLES-CREARTE-EVENTS12-281x300.jpg 281w, https:\/\/eveniments.es\/wp-content\/uploads\/2020\/07\/V14.-SP-PASACALLES-CREARTE-EVENTS12-768x820.jpg 768w, https:\/\/eveniments.es\/wp-content\/uploads\/2020\/07\/V14.-SP-PASACALLES-CREARTE-EVENTS12.jpg 916w\" sizes=\"auto, (max-width: 1024px) 100vw, 1024px\" \/><img loading=\"lazy\" decoding=\"async\" class=\"alignnone wp-image-3452\" src=\"https:\/\/eveniments.es\/wp-content\/uploads\/2020\/07\/V14.-SP-PASACALLES-CREARTE-EVENTS13-1-233x300.jpg\" alt=\"\" width=\"1024\" height=\"1318\" srcset=\"https:\/\/eveniments.es\/wp-content\/uploads\/2020\/07\/V14.-SP-PASACALLES-CREARTE-EVENTS13-1-233x300.jpg 233w, https:\/\/eveniments.es\/wp-content\/uploads\/2020\/07\/V14.-SP-PASACALLES-CREARTE-EVENTS13-1.jpg 626w\" sizes=\"auto, (max-width: 1024px) 100vw, 1024px\" \/><\/p>\n","protected":false},"excerpt":{"rendered":"<div class=\"mh-excerpt\"><\/div>","protected":false},"author":1,"featured_media":0,"parent":0,"menu_order":0,"comment_status":"closed","ping_status":"closed","template":"template-full.php","meta":{"footnotes":""},"class_list":["post-3435","page","type-page","status-publish","hentry"],"_links":{"self":[{"href":"https:\/\/eveniments.es\/home\/wp-json\/wp\/v2\/pages\/3435","targetHints":{"allow":["GET"]}}],"collection":[{"href":"https:\/\/eveniments.es\/home\/wp-json\/wp\/v2\/pages"}],"about":[{"href":"https:\/\/eveniments.es\/home\/wp-json\/wp\/v2\/types\/page"}],"author":[{"embeddable":true,"href":"https:\/\/eveniments.es\/home\/wp-json\/wp\/v2\/users\/1"}],"replies":[{"embeddable":true,"href":"https:\/\/eveniments.es\/home\/wp-json\/wp\/v2\/comments?post=3435"}],"version-history":[{"count":1,"href":"https:\/\/eveniments.es\/home\/wp-json\/wp\/v2\/pages\/3435\/revisions"}],"predecessor-version":[{"id":3453,"href":"https:\/\/eveniments.es\/home\/wp-json\/wp\/v2\/pages\/3435\/revisions\/3453"}],"wp:attachment":[{"href":"https:\/\/eveniments.es\/home\/wp-json\/wp\/v2\/media?parent=3435"}],"curies":[{"name":"wp","href":"https:\/\/api.w.org\/{rel}","templated":true}]}}