{"id":3455,"date":"2020-07-06T12:31:46","date_gmt":"2020-07-06T12:31:46","guid":{"rendered":"https:\/\/eveniments.es\/?page_id=3455"},"modified":"2024-04-22T06:32:55","modified_gmt":"2024-04-22T06:32:55","slug":"nature","status":"publish","type":"page","link":"https:\/\/eveniments.es\/home\/nature","title":{"rendered":"Nature"},"content":{"rendered":"\n<p><br>Tem\u00e1tica de fantas\u00eda inspirado en la naturaleza, donde la flora cobra vida y se junta con personajes m\u00e1gicos.Los cuatro elementos Tierra,Fuego,Mar y Aire dominar\u00e1n al resto. Personajes que representan la vegetaci\u00f3n. Su vestuario est\u00e1 tan logrado que se camuflan perfectamente en cualquier espacio que haya estos elementos. <br>Esta tem\u00e1tica tiene un amplio impacto a nivel de solicitud fotos con los clientes.El espect\u00e1culo espect\u00e1culo nos introduce de lleno en un fondo marino de fantas\u00eda, en el cual podremos ver unas fant\u00e1sticas medusas voladoras y un sequito de caballitos de mar, los cuales har\u00e1n bailar a las medusas y otras nos har\u00e1n ver lo fant\u00e1stico y divertido de este fondo marino con sus bailes y su dulce y encantadora puesta en escena, de esta manera podremos llegar a hacer realidad el sue\u00f1o de poder estar en un fondo marino cargado de ilusi\u00f3n y fantas\u00eda.<\/p>\n<p><img loading=\"lazy\" decoding=\"async\" class=\"alignnone wp-image-3456\" src=\"https:\/\/eveniments.es\/wp-content\/uploads\/2020\/07\/V14.-SP-PASACALLES-CREARTE-EVENTS1-4-245x300.jpg\" alt=\"\" width=\"1024\" height=\"1252\" srcset=\"https:\/\/eveniments.es\/wp-content\/uploads\/2020\/07\/V14.-SP-PASACALLES-CREARTE-EVENTS1-4-245x300.jpg 245w, https:\/\/eveniments.es\/wp-content\/uploads\/2020\/07\/V14.-SP-PASACALLES-CREARTE-EVENTS1-4.jpg 753w\" sizes=\"auto, (max-width: 1024px) 100vw, 1024px\" \/><img loading=\"lazy\" decoding=\"async\" class=\"alignnone wp-image-3457\" src=\"https:\/\/eveniments.es\/wp-content\/uploads\/2020\/07\/V14.-SP-PASACALLES-CREARTE-EVENTS2-4-200x300.jpg\" alt=\"\" width=\"1024\" height=\"1533\" srcset=\"https:\/\/eveniments.es\/wp-content\/uploads\/2020\/07\/V14.-SP-PASACALLES-CREARTE-EVENTS2-4-200x300.jpg 200w, https:\/\/eveniments.es\/wp-content\/uploads\/2020\/07\/V14.-SP-PASACALLES-CREARTE-EVENTS2-4.jpg 611w\" sizes=\"auto, (max-width: 1024px) 100vw, 1024px\" \/><img loading=\"lazy\" decoding=\"async\" class=\"alignnone wp-image-3458 size-large\" src=\"https:\/\/eveniments.es\/wp-content\/uploads\/2020\/07\/V14.-SP-PASACALLES-CREARTE-EVENTS3-4-1024x683.jpg\" alt=\"\" width=\"1024\" height=\"683\" srcset=\"https:\/\/eveniments.es\/wp-content\/uploads\/2020\/07\/V14.-SP-PASACALLES-CREARTE-EVENTS3-4-1024x683.jpg 1024w, https:\/\/eveniments.es\/wp-content\/uploads\/2020\/07\/V14.-SP-PASACALLES-CREARTE-EVENTS3-4-300x200.jpg 300w, https:\/\/eveniments.es\/wp-content\/uploads\/2020\/07\/V14.-SP-PASACALLES-CREARTE-EVENTS3-4-768x512.jpg 768w, https:\/\/eveniments.es\/wp-content\/uploads\/2020\/07\/V14.-SP-PASACALLES-CREARTE-EVENTS3-4.jpg 1200w\" sizes=\"auto, (max-width: 1024px) 100vw, 1024px\" \/><img loading=\"lazy\" decoding=\"async\" class=\"alignnone wp-image-3459\" src=\"https:\/\/eveniments.es\/wp-content\/uploads\/2020\/07\/V14.-SP-PASACALLES-CREARTE-EVENTS4-3-300x201.jpg\" alt=\"\" width=\"1024\" height=\"685\" srcset=\"https:\/\/eveniments.es\/wp-content\/uploads\/2020\/07\/V14.-SP-PASACALLES-CREARTE-EVENTS4-3-300x201.jpg 300w, https:\/\/eveniments.es\/wp-content\/uploads\/2020\/07\/V14.-SP-PASACALLES-CREARTE-EVENTS4-3-768x513.jpg 768w, https:\/\/eveniments.es\/wp-content\/uploads\/2020\/07\/V14.-SP-PASACALLES-CREARTE-EVENTS4-3.jpg 926w\" sizes=\"auto, (max-width: 1024px) 100vw, 1024px\" \/><img loading=\"lazy\" decoding=\"async\" class=\"alignnone wp-image-3460\" src=\"https:\/\/eveniments.es\/wp-content\/uploads\/2020\/07\/V14.-SP-PASACALLES-CREARTE-EVENTS5-3-300x171.jpg\" alt=\"\" width=\"1024\" height=\"583\" srcset=\"https:\/\/eveniments.es\/wp-content\/uploads\/2020\/07\/V14.-SP-PASACALLES-CREARTE-EVENTS5-3-300x171.jpg 300w, https:\/\/eveniments.es\/wp-content\/uploads\/2020\/07\/V14.-SP-PASACALLES-CREARTE-EVENTS5-3-768x437.jpg 768w, https:\/\/eveniments.es\/wp-content\/uploads\/2020\/07\/V14.-SP-PASACALLES-CREARTE-EVENTS5-3.jpg 917w\" sizes=\"auto, (max-width: 1024px) 100vw, 1024px\" \/><img loading=\"lazy\" decoding=\"async\" class=\"alignnone wp-image-3461\" src=\"https:\/\/eveniments.es\/wp-content\/uploads\/2020\/07\/V14.-SP-PASACALLES-CREARTE-EVENTS6-3-300x218.jpg\" alt=\"\" width=\"1024\" height=\"744\" srcset=\"https:\/\/eveniments.es\/wp-content\/uploads\/2020\/07\/V14.-SP-PASACALLES-CREARTE-EVENTS6-3-300x218.jpg 300w, https:\/\/eveniments.es\/wp-content\/uploads\/2020\/07\/V14.-SP-PASACALLES-CREARTE-EVENTS6-3-768x558.jpg 768w, https:\/\/eveniments.es\/wp-content\/uploads\/2020\/07\/V14.-SP-PASACALLES-CREARTE-EVENTS6-3.jpg 917w\" sizes=\"auto, (max-width: 1024px) 100vw, 1024px\" \/><img loading=\"lazy\" decoding=\"async\" class=\"alignnone wp-image-3462 size-large\" src=\"https:\/\/eveniments.es\/wp-content\/uploads\/2020\/07\/V14.-SP-PASACALLES-CREARTE-EVENTS7-3-1024x561.jpg\" alt=\"\" width=\"1024\" height=\"561\" srcset=\"https:\/\/eveniments.es\/wp-content\/uploads\/2020\/07\/V14.-SP-PASACALLES-CREARTE-EVENTS7-3-1024x561.jpg 1024w, https:\/\/eveniments.es\/wp-content\/uploads\/2020\/07\/V14.-SP-PASACALLES-CREARTE-EVENTS7-3-300x164.jpg 300w, https:\/\/eveniments.es\/wp-content\/uploads\/2020\/07\/V14.-SP-PASACALLES-CREARTE-EVENTS7-3-768x421.jpg 768w, https:\/\/eveniments.es\/wp-content\/uploads\/2020\/07\/V14.-SP-PASACALLES-CREARTE-EVENTS7-3.jpg 1182w\" sizes=\"auto, (max-width: 1024px) 100vw, 1024px\" \/><img loading=\"lazy\" decoding=\"async\" class=\"alignnone wp-image-3463\" src=\"https:\/\/eveniments.es\/wp-content\/uploads\/2020\/07\/V14.-SP-PASACALLES-CREARTE-EVENTS8-2-194x300.jpg\" alt=\"\" width=\"1024\" height=\"1580\" srcset=\"https:\/\/eveniments.es\/wp-content\/uploads\/2020\/07\/V14.-SP-PASACALLES-CREARTE-EVENTS8-2-194x300.jpg 194w, https:\/\/eveniments.es\/wp-content\/uploads\/2020\/07\/V14.-SP-PASACALLES-CREARTE-EVENTS8-2.jpg 508w\" sizes=\"auto, (max-width: 1024px) 100vw, 1024px\" \/><img loading=\"lazy\" decoding=\"async\" class=\"alignnone wp-image-3464\" src=\"https:\/\/eveniments.es\/wp-content\/uploads\/2020\/07\/V14.-SP-PASACALLES-CREARTE-EVENTS9-2-300x267.jpg\" alt=\"\" width=\"1024\" height=\"910\" srcset=\"https:\/\/eveniments.es\/wp-content\/uploads\/2020\/07\/V14.-SP-PASACALLES-CREARTE-EVENTS9-2-300x267.jpg 300w, https:\/\/eveniments.es\/wp-content\/uploads\/2020\/07\/V14.-SP-PASACALLES-CREARTE-EVENTS9-2-768x682.jpg 768w, https:\/\/eveniments.es\/wp-content\/uploads\/2020\/07\/V14.-SP-PASACALLES-CREARTE-EVENTS9-2.jpg 826w\" sizes=\"auto, (max-width: 1024px) 100vw, 1024px\" \/><img loading=\"lazy\" decoding=\"async\" class=\"alignnone wp-image-3465 size-large\" src=\"https:\/\/eveniments.es\/wp-content\/uploads\/2020\/07\/V14.-SP-PASACALLES-CREARTE-EVENTS10-3-1024x702.jpg\" alt=\"\" width=\"1024\" height=\"702\" srcset=\"https:\/\/eveniments.es\/wp-content\/uploads\/2020\/07\/V14.-SP-PASACALLES-CREARTE-EVENTS10-3-1024x702.jpg 1024w, https:\/\/eveniments.es\/wp-content\/uploads\/2020\/07\/V14.-SP-PASACALLES-CREARTE-EVENTS10-3-300x206.jpg 300w, https:\/\/eveniments.es\/wp-content\/uploads\/2020\/07\/V14.-SP-PASACALLES-CREARTE-EVENTS10-3-768x527.jpg 768w, https:\/\/eveniments.es\/wp-content\/uploads\/2020\/07\/V14.-SP-PASACALLES-CREARTE-EVENTS10-3.jpg 1057w\" sizes=\"auto, (max-width: 1024px) 100vw, 1024px\" \/><img loading=\"lazy\" decoding=\"async\" class=\"alignnone wp-image-3466 size-large\" src=\"https:\/\/eveniments.es\/wp-content\/uploads\/2020\/07\/V14.-SP-PASACALLES-CREARTE-EVENTS11-2-1024x769.jpg\" alt=\"\" width=\"1024\" height=\"769\" srcset=\"https:\/\/eveniments.es\/wp-content\/uploads\/2020\/07\/V14.-SP-PASACALLES-CREARTE-EVENTS11-2-1024x769.jpg 1024w, https:\/\/eveniments.es\/wp-content\/uploads\/2020\/07\/V14.-SP-PASACALLES-CREARTE-EVENTS11-2-300x225.jpg 300w, https:\/\/eveniments.es\/wp-content\/uploads\/2020\/07\/V14.-SP-PASACALLES-CREARTE-EVENTS11-2-768x576.jpg 768w, https:\/\/eveniments.es\/wp-content\/uploads\/2020\/07\/V14.-SP-PASACALLES-CREARTE-EVENTS11-2-678x509.jpg 678w, https:\/\/eveniments.es\/wp-content\/uploads\/2020\/07\/V14.-SP-PASACALLES-CREARTE-EVENTS11-2-326x245.jpg 326w, https:\/\/eveniments.es\/wp-content\/uploads\/2020\/07\/V14.-SP-PASACALLES-CREARTE-EVENTS11-2-80x60.jpg 80w, https:\/\/eveniments.es\/wp-content\/uploads\/2020\/07\/V14.-SP-PASACALLES-CREARTE-EVENTS11-2.jpg 1315w\" sizes=\"auto, (max-width: 1024px) 100vw, 1024px\" \/><img loading=\"lazy\" decoding=\"async\" class=\"alignnone wp-image-3467\" src=\"https:\/\/eveniments.es\/wp-content\/uploads\/2020\/07\/V14.-SP-PASACALLES-CREARTE-EVENTS12-1-200x300.jpg\" alt=\"\" width=\"1024\" height=\"1535\" srcset=\"https:\/\/eveniments.es\/wp-content\/uploads\/2020\/07\/V14.-SP-PASACALLES-CREARTE-EVENTS12-1-200x300.jpg 200w, https:\/\/eveniments.es\/wp-content\/uploads\/2020\/07\/V14.-SP-PASACALLES-CREARTE-EVENTS12-1.jpg 655w\" sizes=\"auto, (max-width: 1024px) 100vw, 1024px\" \/><img loading=\"lazy\" decoding=\"async\" class=\"alignnone wp-image-3468\" src=\"https:\/\/eveniments.es\/wp-content\/uploads\/2020\/07\/V14.-SP-PASACALLES-CREARTE-EVENTS13-2-199x300.jpg\" alt=\"\" width=\"1024\" height=\"1541\" srcset=\"https:\/\/eveniments.es\/wp-content\/uploads\/2020\/07\/V14.-SP-PASACALLES-CREARTE-EVENTS13-2-199x300.jpg 199w, https:\/\/eveniments.es\/wp-content\/uploads\/2020\/07\/V14.-SP-PASACALLES-CREARTE-EVENTS13-2.jpg 295w\" sizes=\"auto, (max-width: 1024px) 100vw, 1024px\" \/><img loading=\"lazy\" decoding=\"async\" class=\"alignnone wp-image-3471 size-large\" src=\"https:\/\/eveniments.es\/wp-content\/uploads\/2020\/07\/V14.-SP-PASACALLES-CREARTE-EVENTS16-1-1024x683.jpg\" alt=\"\" width=\"1024\" height=\"683\" srcset=\"https:\/\/eveniments.es\/wp-content\/uploads\/2020\/07\/V14.-SP-PASACALLES-CREARTE-EVENTS16-1-1024x683.jpg 1024w, https:\/\/eveniments.es\/wp-content\/uploads\/2020\/07\/V14.-SP-PASACALLES-CREARTE-EVENTS16-1-300x200.jpg 300w, https:\/\/eveniments.es\/wp-content\/uploads\/2020\/07\/V14.-SP-PASACALLES-CREARTE-EVENTS16-1-768x512.jpg 768w, https:\/\/eveniments.es\/wp-content\/uploads\/2020\/07\/V14.-SP-PASACALLES-CREARTE-EVENTS16-1.jpg 1200w\" sizes=\"auto, (max-width: 1024px) 100vw, 1024px\" \/><img loading=\"lazy\" decoding=\"async\" class=\"alignnone wp-image-3472\" src=\"https:\/\/eveniments.es\/wp-content\/uploads\/2020\/07\/V14.-SP-PASACALLES-CREARTE-EVENTS-5-222x300.jpg\" alt=\"\" width=\"1024\" height=\"1384\" srcset=\"https:\/\/eveniments.es\/wp-content\/uploads\/2020\/07\/V14.-SP-PASACALLES-CREARTE-EVENTS-5-222x300.jpg 222w, https:\/\/eveniments.es\/wp-content\/uploads\/2020\/07\/V14.-SP-PASACALLES-CREARTE-EVENTS-5.jpg 677w\" sizes=\"auto, (max-width: 1024px) 100vw, 1024px\" \/><\/p>\n","protected":false},"excerpt":{"rendered":"<div class=\"mh-excerpt\"><\/div>","protected":false},"author":1,"featured_media":0,"parent":0,"menu_order":0,"comment_status":"closed","ping_status":"closed","template":"template-full.php","meta":{"footnotes":""},"class_list":["post-3455","page","type-page","status-publish","hentry"],"_links":{"self":[{"href":"https:\/\/eveniments.es\/home\/wp-json\/wp\/v2\/pages\/3455","targetHints":{"allow":["GET"]}}],"collection":[{"href":"https:\/\/eveniments.es\/home\/wp-json\/wp\/v2\/pages"}],"about":[{"href":"https:\/\/eveniments.es\/home\/wp-json\/wp\/v2\/types\/page"}],"author":[{"embeddable":true,"href":"https:\/\/eveniments.es\/home\/wp-json\/wp\/v2\/users\/1"}],"replies":[{"embeddable":true,"href":"https:\/\/eveniments.es\/home\/wp-json\/wp\/v2\/comments?post=3455"}],"version-history":[{"count":1,"href":"https:\/\/eveniments.es\/home\/wp-json\/wp\/v2\/pages\/3455\/revisions"}],"predecessor-version":[{"id":3473,"href":"https:\/\/eveniments.es\/home\/wp-json\/wp\/v2\/pages\/3455\/revisions\/3473"}],"wp:attachment":[{"href":"https:\/\/eveniments.es\/home\/wp-json\/wp\/v2\/media?parent=3455"}],"curies":[{"name":"wp","href":"https:\/\/api.w.org\/{rel}","templated":true}]}}