{"id":3476,"date":"2020-07-06T14:38:21","date_gmt":"2020-07-06T14:38:21","guid":{"rendered":"https:\/\/eveniments.es\/?page_id=3476"},"modified":"2024-04-19T09:08:56","modified_gmt":"2024-04-19T09:08:56","slug":"asia-2","status":"publish","type":"page","link":"https:\/\/eveniments.es\/home\/asia-2","title":{"rendered":"Asia"},"content":{"rendered":"\n<p>Nuestro objetivo ser\u00e1 transportarte al lejano oriente,donde la m\u00edstica,la sensualidad y la sabidur\u00eda del control de la mente,nos har\u00e1n vivir esta aventura.<\/p>\n<p><img loading=\"lazy\" decoding=\"async\" class=\"alignnone wp-image-3485\" src=\"https:\/\/eveniments.es\/wp-content\/uploads\/2020\/07\/V14.-SP-PASACALLES-CREARTE-EVENTS9-3-e1594046212457-300x168.jpg\" alt=\"\" width=\"1024\" height=\"573\" srcset=\"https:\/\/eveniments.es\/wp-content\/uploads\/2020\/07\/V14.-SP-PASACALLES-CREARTE-EVENTS9-3-e1594046212457-300x168.jpg 300w, https:\/\/eveniments.es\/wp-content\/uploads\/2020\/07\/V14.-SP-PASACALLES-CREARTE-EVENTS9-3-e1594046212457-768x430.jpg 768w, https:\/\/eveniments.es\/wp-content\/uploads\/2020\/07\/V14.-SP-PASACALLES-CREARTE-EVENTS9-3-e1594046212457.jpg 960w\" sizes=\"auto, (max-width: 1024px) 100vw, 1024px\" \/><img loading=\"lazy\" decoding=\"async\" class=\"alignnone wp-image-3477\" src=\"https:\/\/eveniments.es\/wp-content\/uploads\/2020\/07\/V14.-SP-PASACALLES-CREARTE-EVENTS1-5-300x215.jpg\" alt=\"\" width=\"1024\" height=\"733\" srcset=\"https:\/\/eveniments.es\/wp-content\/uploads\/2020\/07\/V14.-SP-PASACALLES-CREARTE-EVENTS1-5-300x215.jpg 300w, https:\/\/eveniments.es\/wp-content\/uploads\/2020\/07\/V14.-SP-PASACALLES-CREARTE-EVENTS1-5-768x550.jpg 768w, https:\/\/eveniments.es\/wp-content\/uploads\/2020\/07\/V14.-SP-PASACALLES-CREARTE-EVENTS1-5.jpg 947w\" sizes=\"auto, (max-width: 1024px) 100vw, 1024px\" \/><img loading=\"lazy\" decoding=\"async\" class=\"alignnone wp-image-3478 size-large\" src=\"https:\/\/eveniments.es\/wp-content\/uploads\/2020\/07\/V14.-SP-PASACALLES-CREARTE-EVENTS2-5-1024x572.jpg\" alt=\"\" width=\"1024\" height=\"572\" srcset=\"https:\/\/eveniments.es\/wp-content\/uploads\/2020\/07\/V14.-SP-PASACALLES-CREARTE-EVENTS2-5-1024x572.jpg 1024w, https:\/\/eveniments.es\/wp-content\/uploads\/2020\/07\/V14.-SP-PASACALLES-CREARTE-EVENTS2-5-300x168.jpg 300w, https:\/\/eveniments.es\/wp-content\/uploads\/2020\/07\/V14.-SP-PASACALLES-CREARTE-EVENTS2-5-768x429.jpg 768w, https:\/\/eveniments.es\/wp-content\/uploads\/2020\/07\/V14.-SP-PASACALLES-CREARTE-EVENTS2-5.jpg 1194w\" sizes=\"auto, (max-width: 1024px) 100vw, 1024px\" \/><img loading=\"lazy\" decoding=\"async\" class=\"alignnone wp-image-3479\" src=\"https:\/\/eveniments.es\/wp-content\/uploads\/2020\/07\/V14.-SP-PASACALLES-CREARTE-EVENTS3-5-300x200.jpg\" alt=\"\" width=\"1024\" height=\"683\" srcset=\"https:\/\/eveniments.es\/wp-content\/uploads\/2020\/07\/V14.-SP-PASACALLES-CREARTE-EVENTS3-5-300x200.jpg 300w, https:\/\/eveniments.es\/wp-content\/uploads\/2020\/07\/V14.-SP-PASACALLES-CREARTE-EVENTS3-5-768x512.jpg 768w, https:\/\/eveniments.es\/wp-content\/uploads\/2020\/07\/V14.-SP-PASACALLES-CREARTE-EVENTS3-5.jpg 982w\" sizes=\"auto, (max-width: 1024px) 100vw, 1024px\" \/><img loading=\"lazy\" decoding=\"async\" class=\"alignnone wp-image-3480\" src=\"https:\/\/eveniments.es\/wp-content\/uploads\/2020\/07\/V14.-SP-PASACALLES-CREARTE-EVENTS4-4-200x300.jpg\" alt=\"\" width=\"1024\" height=\"1536\" srcset=\"https:\/\/eveniments.es\/wp-content\/uploads\/2020\/07\/V14.-SP-PASACALLES-CREARTE-EVENTS4-4-200x300.jpg 200w, https:\/\/eveniments.es\/wp-content\/uploads\/2020\/07\/V14.-SP-PASACALLES-CREARTE-EVENTS4-4-683x1024.jpg 683w, https:\/\/eveniments.es\/wp-content\/uploads\/2020\/07\/V14.-SP-PASACALLES-CREARTE-EVENTS4-4-768x1152.jpg 768w, https:\/\/eveniments.es\/wp-content\/uploads\/2020\/07\/V14.-SP-PASACALLES-CREARTE-EVENTS4-4-1024x1536.jpg 1024w, https:\/\/eveniments.es\/wp-content\/uploads\/2020\/07\/V14.-SP-PASACALLES-CREARTE-EVENTS4-4.jpg 1263w\" sizes=\"auto, (max-width: 1024px) 100vw, 1024px\" \/><img loading=\"lazy\" decoding=\"async\" class=\"alignnone wp-image-3481\" src=\"https:\/\/eveniments.es\/wp-content\/uploads\/2020\/07\/V14.-SP-PASACALLES-CREARTE-EVENTS5-4-294x300.jpg\" alt=\"\" width=\"1024\" height=\"1044\" srcset=\"https:\/\/eveniments.es\/wp-content\/uploads\/2020\/07\/V14.-SP-PASACALLES-CREARTE-EVENTS5-4-294x300.jpg 294w, https:\/\/eveniments.es\/wp-content\/uploads\/2020\/07\/V14.-SP-PASACALLES-CREARTE-EVENTS5-4-1004x1024.jpg 1004w, https:\/\/eveniments.es\/wp-content\/uploads\/2020\/07\/V14.-SP-PASACALLES-CREARTE-EVENTS5-4-768x783.jpg 768w, https:\/\/eveniments.es\/wp-content\/uploads\/2020\/07\/V14.-SP-PASACALLES-CREARTE-EVENTS5-4-1506x1536.jpg 1506w, https:\/\/eveniments.es\/wp-content\/uploads\/2020\/07\/V14.-SP-PASACALLES-CREARTE-EVENTS5-4.jpg 1940w\" sizes=\"auto, (max-width: 1024px) 100vw, 1024px\" \/><img loading=\"lazy\" decoding=\"async\" class=\"alignnone wp-image-3482\" src=\"https:\/\/eveniments.es\/wp-content\/uploads\/2020\/07\/V14.-SP-PASACALLES-CREARTE-EVENTS6-4-240x300.jpg\" alt=\"\" width=\"1024\" height=\"1280\" srcset=\"https:\/\/eveniments.es\/wp-content\/uploads\/2020\/07\/V14.-SP-PASACALLES-CREARTE-EVENTS6-4-240x300.jpg 240w, https:\/\/eveniments.es\/wp-content\/uploads\/2020\/07\/V14.-SP-PASACALLES-CREARTE-EVENTS6-4-819x1024.jpg 819w, https:\/\/eveniments.es\/wp-content\/uploads\/2020\/07\/V14.-SP-PASACALLES-CREARTE-EVENTS6-4-768x960.jpg 768w, https:\/\/eveniments.es\/wp-content\/uploads\/2020\/07\/V14.-SP-PASACALLES-CREARTE-EVENTS6-4.jpg 933w\" sizes=\"auto, (max-width: 1024px) 100vw, 1024px\" \/><img loading=\"lazy\" decoding=\"async\" class=\"alignnone wp-image-3485\" src=\"https:\/\/eveniments.es\/wp-content\/uploads\/2020\/07\/V14.-SP-PASACALLES-CREARTE-EVENTS9-3-e1594046212457-300x168.jpg\" alt=\"\" width=\"1024\" height=\"573\" srcset=\"https:\/\/eveniments.es\/wp-content\/uploads\/2020\/07\/V14.-SP-PASACALLES-CREARTE-EVENTS9-3-e1594046212457-300x168.jpg 300w, https:\/\/eveniments.es\/wp-content\/uploads\/2020\/07\/V14.-SP-PASACALLES-CREARTE-EVENTS9-3-e1594046212457-768x430.jpg 768w, https:\/\/eveniments.es\/wp-content\/uploads\/2020\/07\/V14.-SP-PASACALLES-CREARTE-EVENTS9-3-e1594046212457.jpg 960w\" sizes=\"auto, (max-width: 1024px) 100vw, 1024px\" \/><img loading=\"lazy\" decoding=\"async\" class=\"alignnone wp-image-3484\" src=\"https:\/\/eveniments.es\/wp-content\/uploads\/2020\/07\/V14.-SP-PASACALLES-CREARTE-EVENTS8-3-e1594046168672-229x300.jpg\" alt=\"\" width=\"1024\" height=\"1344\" srcset=\"https:\/\/eveniments.es\/wp-content\/uploads\/2020\/07\/V14.-SP-PASACALLES-CREARTE-EVENTS8-3-e1594046168672-229x300.jpg 229w, https:\/\/eveniments.es\/wp-content\/uploads\/2020\/07\/V14.-SP-PASACALLES-CREARTE-EVENTS8-3-e1594046168672.jpg 640w\" sizes=\"auto, (max-width: 1024px) 100vw, 1024px\" \/><img loading=\"lazy\" decoding=\"async\" class=\"alignnone wp-image-3486\" src=\"https:\/\/eveniments.es\/wp-content\/uploads\/2020\/07\/V14.-SP-PASACALLES-CREARTE-EVENTS-6-300x200.jpg\" alt=\"\" width=\"1024\" height=\"683\" srcset=\"https:\/\/eveniments.es\/wp-content\/uploads\/2020\/07\/V14.-SP-PASACALLES-CREARTE-EVENTS-6-300x200.jpg 300w, https:\/\/eveniments.es\/wp-content\/uploads\/2020\/07\/V14.-SP-PASACALLES-CREARTE-EVENTS-6-768x512.jpg 768w, https:\/\/eveniments.es\/wp-content\/uploads\/2020\/07\/V14.-SP-PASACALLES-CREARTE-EVENTS-6.jpg 946w\" sizes=\"auto, (max-width: 1024px) 100vw, 1024px\" \/><\/p>\n","protected":false},"excerpt":{"rendered":"<div class=\"mh-excerpt\"><\/div>","protected":false},"author":1,"featured_media":0,"parent":0,"menu_order":0,"comment_status":"closed","ping_status":"closed","template":"template-full.php","meta":{"footnotes":""},"class_list":["post-3476","page","type-page","status-publish","hentry"],"_links":{"self":[{"href":"https:\/\/eveniments.es\/home\/wp-json\/wp\/v2\/pages\/3476","targetHints":{"allow":["GET"]}}],"collection":[{"href":"https:\/\/eveniments.es\/home\/wp-json\/wp\/v2\/pages"}],"about":[{"href":"https:\/\/eveniments.es\/home\/wp-json\/wp\/v2\/types\/page"}],"author":[{"embeddable":true,"href":"https:\/\/eveniments.es\/home\/wp-json\/wp\/v2\/users\/1"}],"replies":[{"embeddable":true,"href":"https:\/\/eveniments.es\/home\/wp-json\/wp\/v2\/comments?post=3476"}],"version-history":[{"count":2,"href":"https:\/\/eveniments.es\/home\/wp-json\/wp\/v2\/pages\/3476\/revisions"}],"predecessor-version":[{"id":3490,"href":"https:\/\/eveniments.es\/home\/wp-json\/wp\/v2\/pages\/3476\/revisions\/3490"}],"wp:attachment":[{"href":"https:\/\/eveniments.es\/home\/wp-json\/wp\/v2\/media?parent=3476"}],"curies":[{"name":"wp","href":"https:\/\/api.w.org\/{rel}","templated":true}]}}