{"id":3507,"date":"2020-07-07T10:25:08","date_gmt":"2020-07-07T10:25:08","guid":{"rendered":"https:\/\/eveniments.es\/?page_id=3507"},"modified":"2020-07-07T10:25:09","modified_gmt":"2020-07-07T10:25:09","slug":"estatuas-humanas","status":"publish","type":"page","link":"https:\/\/eveniments.es\/home\/estatuas-humanas","title":{"rendered":"Estatuas Humanas"},"content":{"rendered":"\n<p>Proponemos un recorrido con personajes de carne y hueso hechos estatuas, donde tematiz\u00e1remos calles comerciales, museos, eventos.<\/p>\n<p>Disponemos de diferentes tem\u00e1ticas y actores para hacer de esta producci\u00f3n todo un espect\u00e1culo. Nuestras estatuas humanas representar\u00e1n la \u00e9poca, historia o recreaci\u00f3n a gusto del cliente. Contamos con los elementos art\u00edsticos, el material y el equipo humano y t\u00e9cnico necesarios para que su evento sea todo un \u00e9xito.<\/p>\n<p>Nuestro objetivo es hacerle ahorrar tiempo y dinero, ofreciendo originalidad, creatividad y personalidad para que su evento sea recordado durante mucho tiempo.<\/p>\n<p><img loading=\"lazy\" decoding=\"async\" class=\"alignnone wp-image-3508 size-large\" src=\"https:\/\/eveniments.es\/wp-content\/uploads\/2020\/07\/Diapositiva3-1024x576.jpg\" alt=\"\" width=\"1024\" height=\"576\" srcset=\"https:\/\/eveniments.es\/wp-content\/uploads\/2020\/07\/Diapositiva3-1024x576.jpg 1024w, https:\/\/eveniments.es\/wp-content\/uploads\/2020\/07\/Diapositiva3-300x169.jpg 300w, https:\/\/eveniments.es\/wp-content\/uploads\/2020\/07\/Diapositiva3-768x432.jpg 768w, https:\/\/eveniments.es\/wp-content\/uploads\/2020\/07\/Diapositiva3-678x381.jpg 678w, https:\/\/eveniments.es\/wp-content\/uploads\/2020\/07\/Diapositiva3.jpg 1280w\" sizes=\"auto, (max-width: 1024px) 100vw, 1024px\" \/><img loading=\"lazy\" decoding=\"async\" class=\"alignnone wp-image-3509 size-large\" src=\"https:\/\/eveniments.es\/wp-content\/uploads\/2020\/07\/Diapositiva4-1024x576.jpg\" alt=\"\" width=\"1024\" height=\"576\" srcset=\"https:\/\/eveniments.es\/wp-content\/uploads\/2020\/07\/Diapositiva4-1024x576.jpg 1024w, https:\/\/eveniments.es\/wp-content\/uploads\/2020\/07\/Diapositiva4-300x169.jpg 300w, https:\/\/eveniments.es\/wp-content\/uploads\/2020\/07\/Diapositiva4-768x432.jpg 768w, https:\/\/eveniments.es\/wp-content\/uploads\/2020\/07\/Diapositiva4-678x381.jpg 678w, https:\/\/eveniments.es\/wp-content\/uploads\/2020\/07\/Diapositiva4.jpg 1280w\" sizes=\"auto, (max-width: 1024px) 100vw, 1024px\" \/><img loading=\"lazy\" decoding=\"async\" class=\"alignnone wp-image-3510 size-large\" src=\"https:\/\/eveniments.es\/wp-content\/uploads\/2020\/07\/Diapositiva6-1024x576.jpg\" alt=\"\" width=\"1024\" height=\"576\" srcset=\"https:\/\/eveniments.es\/wp-content\/uploads\/2020\/07\/Diapositiva6-1024x576.jpg 1024w, https:\/\/eveniments.es\/wp-content\/uploads\/2020\/07\/Diapositiva6-300x169.jpg 300w, https:\/\/eveniments.es\/wp-content\/uploads\/2020\/07\/Diapositiva6-768x432.jpg 768w, https:\/\/eveniments.es\/wp-content\/uploads\/2020\/07\/Diapositiva6-678x381.jpg 678w, https:\/\/eveniments.es\/wp-content\/uploads\/2020\/07\/Diapositiva6.jpg 1280w\" sizes=\"auto, (max-width: 1024px) 100vw, 1024px\" \/><img loading=\"lazy\" decoding=\"async\" class=\"alignnone wp-image-3511 size-large\" src=\"https:\/\/eveniments.es\/wp-content\/uploads\/2020\/07\/Diapositiva7-1024x576.jpg\" alt=\"\" width=\"1024\" height=\"576\" srcset=\"https:\/\/eveniments.es\/wp-content\/uploads\/2020\/07\/Diapositiva7-1024x576.jpg 1024w, https:\/\/eveniments.es\/wp-content\/uploads\/2020\/07\/Diapositiva7-300x169.jpg 300w, https:\/\/eveniments.es\/wp-content\/uploads\/2020\/07\/Diapositiva7-768x432.jpg 768w, https:\/\/eveniments.es\/wp-content\/uploads\/2020\/07\/Diapositiva7-678x381.jpg 678w, https:\/\/eveniments.es\/wp-content\/uploads\/2020\/07\/Diapositiva7.jpg 1280w\" sizes=\"auto, (max-width: 1024px) 100vw, 1024px\" \/><img loading=\"lazy\" decoding=\"async\" class=\"alignnone wp-image-3512 size-large\" src=\"https:\/\/eveniments.es\/wp-content\/uploads\/2020\/07\/Diapositiva8-1024x576.jpg\" alt=\"\" width=\"1024\" height=\"576\" srcset=\"https:\/\/eveniments.es\/wp-content\/uploads\/2020\/07\/Diapositiva8-1024x576.jpg 1024w, https:\/\/eveniments.es\/wp-content\/uploads\/2020\/07\/Diapositiva8-300x169.jpg 300w, https:\/\/eveniments.es\/wp-content\/uploads\/2020\/07\/Diapositiva8-768x432.jpg 768w, https:\/\/eveniments.es\/wp-content\/uploads\/2020\/07\/Diapositiva8-678x381.jpg 678w, https:\/\/eveniments.es\/wp-content\/uploads\/2020\/07\/Diapositiva8.jpg 1280w\" sizes=\"auto, (max-width: 1024px) 100vw, 1024px\" \/><img loading=\"lazy\" decoding=\"async\" class=\"alignnone wp-image-3513 size-large\" src=\"https:\/\/eveniments.es\/wp-content\/uploads\/2020\/07\/Diapositiva9-1024x576.jpg\" alt=\"\" width=\"1024\" height=\"576\" srcset=\"https:\/\/eveniments.es\/wp-content\/uploads\/2020\/07\/Diapositiva9-1024x576.jpg 1024w, https:\/\/eveniments.es\/wp-content\/uploads\/2020\/07\/Diapositiva9-300x169.jpg 300w, https:\/\/eveniments.es\/wp-content\/uploads\/2020\/07\/Diapositiva9-768x432.jpg 768w, https:\/\/eveniments.es\/wp-content\/uploads\/2020\/07\/Diapositiva9-678x381.jpg 678w, https:\/\/eveniments.es\/wp-content\/uploads\/2020\/07\/Diapositiva9.jpg 1280w\" sizes=\"auto, (max-width: 1024px) 100vw, 1024px\" \/><img loading=\"lazy\" decoding=\"async\" class=\"alignnone wp-image-3514 size-large\" src=\"https:\/\/eveniments.es\/wp-content\/uploads\/2020\/07\/Diapositiva10-1024x576.jpg\" alt=\"\" width=\"1024\" height=\"576\" srcset=\"https:\/\/eveniments.es\/wp-content\/uploads\/2020\/07\/Diapositiva10-1024x576.jpg 1024w, https:\/\/eveniments.es\/wp-content\/uploads\/2020\/07\/Diapositiva10-300x169.jpg 300w, https:\/\/eveniments.es\/wp-content\/uploads\/2020\/07\/Diapositiva10-768x432.jpg 768w, https:\/\/eveniments.es\/wp-content\/uploads\/2020\/07\/Diapositiva10-678x381.jpg 678w, https:\/\/eveniments.es\/wp-content\/uploads\/2020\/07\/Diapositiva10.jpg 1280w\" sizes=\"auto, (max-width: 1024px) 100vw, 1024px\" \/><img loading=\"lazy\" decoding=\"async\" class=\"alignnone wp-image-3515 size-large\" src=\"https:\/\/eveniments.es\/wp-content\/uploads\/2020\/07\/Diapositiva11-1024x576.jpg\" alt=\"\" width=\"1024\" height=\"576\" srcset=\"https:\/\/eveniments.es\/wp-content\/uploads\/2020\/07\/Diapositiva11-1024x576.jpg 1024w, https:\/\/eveniments.es\/wp-content\/uploads\/2020\/07\/Diapositiva11-300x169.jpg 300w, https:\/\/eveniments.es\/wp-content\/uploads\/2020\/07\/Diapositiva11-768x432.jpg 768w, https:\/\/eveniments.es\/wp-content\/uploads\/2020\/07\/Diapositiva11-678x381.jpg 678w, https:\/\/eveniments.es\/wp-content\/uploads\/2020\/07\/Diapositiva11.jpg 1280w\" sizes=\"auto, (max-width: 1024px) 100vw, 1024px\" \/><\/p>\n","protected":false},"excerpt":{"rendered":"<div class=\"mh-excerpt\"><\/div>","protected":false},"author":1,"featured_media":0,"parent":0,"menu_order":0,"comment_status":"closed","ping_status":"closed","template":"template-full.php","meta":{"footnotes":""},"class_list":["post-3507","page","type-page","status-publish","hentry"],"_links":{"self":[{"href":"https:\/\/eveniments.es\/home\/wp-json\/wp\/v2\/pages\/3507","targetHints":{"allow":["GET"]}}],"collection":[{"href":"https:\/\/eveniments.es\/home\/wp-json\/wp\/v2\/pages"}],"about":[{"href":"https:\/\/eveniments.es\/home\/wp-json\/wp\/v2\/types\/page"}],"author":[{"embeddable":true,"href":"https:\/\/eveniments.es\/home\/wp-json\/wp\/v2\/users\/1"}],"replies":[{"embeddable":true,"href":"https:\/\/eveniments.es\/home\/wp-json\/wp\/v2\/comments?post=3507"}],"version-history":[{"count":1,"href":"https:\/\/eveniments.es\/home\/wp-json\/wp\/v2\/pages\/3507\/revisions"}],"predecessor-version":[{"id":3516,"href":"https:\/\/eveniments.es\/home\/wp-json\/wp\/v2\/pages\/3507\/revisions\/3516"}],"wp:attachment":[{"href":"https:\/\/eveniments.es\/home\/wp-json\/wp\/v2\/media?parent=3507"}],"curies":[{"name":"wp","href":"https:\/\/api.w.org\/{rel}","templated":true}]}}