{"id":3518,"date":"2020-07-07T10:31:24","date_gmt":"2020-07-07T10:31:24","guid":{"rendered":"https:\/\/eveniments.es\/?page_id=3518"},"modified":"2020-07-07T10:35:25","modified_gmt":"2020-07-07T10:35:25","slug":"actores-por-un-dia","status":"publish","type":"page","link":"https:\/\/eveniments.es\/home\/actores-por-un-dia","title":{"rendered":"Actores por un d\u00eda"},"content":{"rendered":"\n<p>Te proponemos un rodaje de los m\u00e1s divertido, donde nuestro director y sus actores te har\u00e1n vivir el rodaje de una pel\u00edcula en directo, pero cuidado cualquier cosa puede pasar.<\/p>\n<p><br>Duraci\u00f3n 3 horas en pases de 15-20 minutos <br>Tiempo de montaje 15 minutos <br>Incluye <br>3 Actores <br>Vestuario <br>Photocall 2&#215;2 <br>Equipo de sonido con diademas <br>Atrezzo y disfraces para el p\u00fablico <br>Posibilidad de coche de \u00e9poca(opcional)<img loading=\"lazy\" decoding=\"async\" class=\"alignnone wp-image-3519 size-large\" src=\"https:\/\/eveniments.es\/wp-content\/uploads\/2020\/07\/0001-1-1024x576.jpg\" alt=\"\" width=\"1024\" height=\"576\" srcset=\"https:\/\/eveniments.es\/wp-content\/uploads\/2020\/07\/0001-1-1024x576.jpg 1024w, https:\/\/eveniments.es\/wp-content\/uploads\/2020\/07\/0001-1-300x169.jpg 300w, https:\/\/eveniments.es\/wp-content\/uploads\/2020\/07\/0001-1-768x432.jpg 768w, https:\/\/eveniments.es\/wp-content\/uploads\/2020\/07\/0001-1-1536x864.jpg 1536w, https:\/\/eveniments.es\/wp-content\/uploads\/2020\/07\/0001-1-2048x1152.jpg 2048w, https:\/\/eveniments.es\/wp-content\/uploads\/2020\/07\/0001-1-678x381.jpg 678w\" sizes=\"auto, (max-width: 1024px) 100vw, 1024px\" \/><img loading=\"lazy\" decoding=\"async\" class=\"alignnone wp-image-3520 size-large\" src=\"https:\/\/eveniments.es\/wp-content\/uploads\/2020\/07\/0002-1-1024x576.jpg\" alt=\"\" width=\"1024\" height=\"576\" srcset=\"https:\/\/eveniments.es\/wp-content\/uploads\/2020\/07\/0002-1-1024x576.jpg 1024w, https:\/\/eveniments.es\/wp-content\/uploads\/2020\/07\/0002-1-300x169.jpg 300w, https:\/\/eveniments.es\/wp-content\/uploads\/2020\/07\/0002-1-768x432.jpg 768w, https:\/\/eveniments.es\/wp-content\/uploads\/2020\/07\/0002-1-1536x864.jpg 1536w, https:\/\/eveniments.es\/wp-content\/uploads\/2020\/07\/0002-1-2048x1152.jpg 2048w, https:\/\/eveniments.es\/wp-content\/uploads\/2020\/07\/0002-1-678x381.jpg 678w\" sizes=\"auto, (max-width: 1024px) 100vw, 1024px\" \/><\/p>\n<p>&nbsp;<\/p>\n","protected":false},"excerpt":{"rendered":"<div class=\"mh-excerpt\"><\/div>","protected":false},"author":1,"featured_media":0,"parent":0,"menu_order":0,"comment_status":"closed","ping_status":"closed","template":"template-full.php","meta":{"footnotes":""},"class_list":["post-3518","page","type-page","status-publish","hentry"],"_links":{"self":[{"href":"https:\/\/eveniments.es\/home\/wp-json\/wp\/v2\/pages\/3518","targetHints":{"allow":["GET"]}}],"collection":[{"href":"https:\/\/eveniments.es\/home\/wp-json\/wp\/v2\/pages"}],"about":[{"href":"https:\/\/eveniments.es\/home\/wp-json\/wp\/v2\/types\/page"}],"author":[{"embeddable":true,"href":"https:\/\/eveniments.es\/home\/wp-json\/wp\/v2\/users\/1"}],"replies":[{"embeddable":true,"href":"https:\/\/eveniments.es\/home\/wp-json\/wp\/v2\/comments?post=3518"}],"version-history":[{"count":1,"href":"https:\/\/eveniments.es\/home\/wp-json\/wp\/v2\/pages\/3518\/revisions"}],"predecessor-version":[{"id":3521,"href":"https:\/\/eveniments.es\/home\/wp-json\/wp\/v2\/pages\/3518\/revisions\/3521"}],"wp:attachment":[{"href":"https:\/\/eveniments.es\/home\/wp-json\/wp\/v2\/media?parent=3518"}],"curies":[{"name":"wp","href":"https:\/\/api.w.org\/{rel}","templated":true}]}}