{"id":3523,"date":"2020-07-07T10:38:19","date_gmt":"2020-07-07T10:38:19","guid":{"rendered":"https:\/\/eveniments.es\/?page_id=3523"},"modified":"2020-07-07T10:38:20","modified_gmt":"2020-07-07T10:38:20","slug":"mimolandia","status":"publish","type":"page","link":"https:\/\/eveniments.es\/home\/mimolandia","title":{"rendered":"Mimolandia"},"content":{"rendered":"\n<p>En Mimol\u00e1nd\u00eda viviremos el m\u00e1gico mundo de los mimos con la actuaci\u00f3n de nuestro clown,con m\u00e1s de 1 mill\u00f3n de visitas en alguno de sus videos, este Mimo ha actuado en diferentes pa\u00edses y festivales compartiendo alegr\u00eda y recibiendo por ello diversos premios y sobretodo sonrisas.<\/p>\n<p>El gran Cucko semifinalista de Got Talent nos presentar\u00e1 su nueva gira CUANDO LO EFIMERO SE DETIENE, un espect\u00e1culo lleno de arte y humor.<\/p>\n<p>[pdf-embedder url=\u00bbhttps:\/\/eveniments.es\/wp-content\/uploads\/2020\/07\/Mimolandia-.pdf\u00bb]<\/p>\n","protected":false},"excerpt":{"rendered":"<div class=\"mh-excerpt\"><\/div>","protected":false},"author":1,"featured_media":0,"parent":0,"menu_order":0,"comment_status":"closed","ping_status":"closed","template":"template-full.php","meta":{"footnotes":""},"class_list":["post-3523","page","type-page","status-publish","hentry"],"_links":{"self":[{"href":"https:\/\/eveniments.es\/home\/wp-json\/wp\/v2\/pages\/3523","targetHints":{"allow":["GET"]}}],"collection":[{"href":"https:\/\/eveniments.es\/home\/wp-json\/wp\/v2\/pages"}],"about":[{"href":"https:\/\/eveniments.es\/home\/wp-json\/wp\/v2\/types\/page"}],"author":[{"embeddable":true,"href":"https:\/\/eveniments.es\/home\/wp-json\/wp\/v2\/users\/1"}],"replies":[{"embeddable":true,"href":"https:\/\/eveniments.es\/home\/wp-json\/wp\/v2\/comments?post=3523"}],"version-history":[{"count":1,"href":"https:\/\/eveniments.es\/home\/wp-json\/wp\/v2\/pages\/3523\/revisions"}],"predecessor-version":[{"id":3525,"href":"https:\/\/eveniments.es\/home\/wp-json\/wp\/v2\/pages\/3523\/revisions\/3525"}],"wp:attachment":[{"href":"https:\/\/eveniments.es\/home\/wp-json\/wp\/v2\/media?parent=3523"}],"curies":[{"name":"wp","href":"https:\/\/api.w.org\/{rel}","templated":true}]}}