{"id":3555,"date":"2020-07-15T11:07:42","date_gmt":"2020-07-15T11:07:42","guid":{"rendered":"https:\/\/eveniments.es\/?page_id=3555"},"modified":"2020-07-15T11:07:43","modified_gmt":"2020-07-15T11:07:43","slug":"sand-art","status":"publish","type":"page","link":"https:\/\/eveniments.es\/home\/sand-art","title":{"rendered":"Sand Art"},"content":{"rendered":"\n<p>El show consiste en la creaci\u00f3n de escenas realizadas con arena fina dibujando con los dedos. A d\u00eda de hoy se utiliza no solo en teatros o TV, sino para la presentaci\u00f3n de marcas, logos o publicidad de ciudades tur\u00edsticas.<\/p>\n<p>El espect\u00e1culo se puede personalizar,se pueden integrar los valores de la empresa o elementos emblem\u00e1ticos de la misma.<\/p>\n<p><img loading=\"lazy\" decoding=\"async\" class=\"alignnone wp-image-3556\" src=\"https:\/\/eveniments.es\/wp-content\/uploads\/2020\/07\/sand-art2-300x187.jpg\" alt=\"\" width=\"1024\" height=\"637\" srcset=\"https:\/\/eveniments.es\/wp-content\/uploads\/2020\/07\/sand-art2-300x187.jpg 300w, https:\/\/eveniments.es\/wp-content\/uploads\/2020\/07\/sand-art2-768x478.jpg 768w, https:\/\/eveniments.es\/wp-content\/uploads\/2020\/07\/sand-art2.jpg 965w\" sizes=\"auto, (max-width: 1024px) 100vw, 1024px\" \/><img loading=\"lazy\" decoding=\"async\" class=\"alignnone wp-image-3557\" src=\"https:\/\/eveniments.es\/wp-content\/uploads\/2020\/07\/sand-art3.jpg\" alt=\"\" width=\"1024\" height=\"578\"><img loading=\"lazy\" decoding=\"async\" class=\"alignnone wp-image-3558\" src=\"https:\/\/eveniments.es\/wp-content\/uploads\/2020\/07\/sand-art5-300x205.jpg\" alt=\"\" width=\"1024\" height=\"701\" srcset=\"https:\/\/eveniments.es\/wp-content\/uploads\/2020\/07\/sand-art5-300x205.jpg 300w, https:\/\/eveniments.es\/wp-content\/uploads\/2020\/07\/sand-art5.jpg 421w\" sizes=\"auto, (max-width: 1024px) 100vw, 1024px\" \/><img loading=\"lazy\" decoding=\"async\" class=\"alignnone wp-image-3559\" src=\"https:\/\/eveniments.es\/wp-content\/uploads\/2020\/07\/sand-art6-300x194.jpg\" alt=\"\" width=\"1024\" height=\"663\" srcset=\"https:\/\/eveniments.es\/wp-content\/uploads\/2020\/07\/sand-art6-300x194.jpg 300w, https:\/\/eveniments.es\/wp-content\/uploads\/2020\/07\/sand-art6.jpg 394w\" sizes=\"auto, (max-width: 1024px) 100vw, 1024px\" \/><img loading=\"lazy\" decoding=\"async\" class=\"alignnone wp-image-3560 size-large\" src=\"https:\/\/eveniments.es\/wp-content\/uploads\/2020\/07\/sand-art8-1024x692.jpg\" alt=\"\" width=\"1024\" height=\"692\" srcset=\"https:\/\/eveniments.es\/wp-content\/uploads\/2020\/07\/sand-art8-1024x692.jpg 1024w, https:\/\/eveniments.es\/wp-content\/uploads\/2020\/07\/sand-art8-300x203.jpg 300w, https:\/\/eveniments.es\/wp-content\/uploads\/2020\/07\/sand-art8-768x519.jpg 768w, https:\/\/eveniments.es\/wp-content\/uploads\/2020\/07\/sand-art8-1536x1037.jpg 1536w, https:\/\/eveniments.es\/wp-content\/uploads\/2020\/07\/sand-art8-2048x1383.jpg 2048w\" sizes=\"auto, (max-width: 1024px) 100vw, 1024px\" \/><\/p>\n<p><img loading=\"lazy\" decoding=\"async\" class=\"alignnone wp-image-3561\" src=\"https:\/\/eveniments.es\/wp-content\/uploads\/2020\/07\/sand-art4-300x272.jpg\" alt=\"\" width=\"1024\" height=\"928\" srcset=\"https:\/\/eveniments.es\/wp-content\/uploads\/2020\/07\/sand-art4-300x272.jpg 300w, https:\/\/eveniments.es\/wp-content\/uploads\/2020\/07\/sand-art4.jpg 597w\" sizes=\"auto, (max-width: 1024px) 100vw, 1024px\" \/><\/p>\n<p><iframe loading=\"lazy\" title=\"Sand Art\" width=\"500\" height=\"281\" src=\"https:\/\/www.youtube.com\/embed\/508HyibZxH8?feature=oembed\" frameborder=\"0\" allow=\"accelerometer; autoplay; clipboard-write; encrypted-media; gyroscope; picture-in-picture; web-share\" referrerpolicy=\"strict-origin-when-cross-origin\" allowfullscreen><\/iframe><\/p>\n","protected":false},"excerpt":{"rendered":"<div class=\"mh-excerpt\"><\/div>","protected":false},"author":1,"featured_media":0,"parent":0,"menu_order":0,"comment_status":"closed","ping_status":"closed","template":"template-full.php","meta":{"footnotes":""},"class_list":["post-3555","page","type-page","status-publish","hentry"],"_links":{"self":[{"href":"https:\/\/eveniments.es\/home\/wp-json\/wp\/v2\/pages\/3555","targetHints":{"allow":["GET"]}}],"collection":[{"href":"https:\/\/eveniments.es\/home\/wp-json\/wp\/v2\/pages"}],"about":[{"href":"https:\/\/eveniments.es\/home\/wp-json\/wp\/v2\/types\/page"}],"author":[{"embeddable":true,"href":"https:\/\/eveniments.es\/home\/wp-json\/wp\/v2\/users\/1"}],"replies":[{"embeddable":true,"href":"https:\/\/eveniments.es\/home\/wp-json\/wp\/v2\/comments?post=3555"}],"version-history":[{"count":1,"href":"https:\/\/eveniments.es\/home\/wp-json\/wp\/v2\/pages\/3555\/revisions"}],"predecessor-version":[{"id":3562,"href":"https:\/\/eveniments.es\/home\/wp-json\/wp\/v2\/pages\/3555\/revisions\/3562"}],"wp:attachment":[{"href":"https:\/\/eveniments.es\/home\/wp-json\/wp\/v2\/media?parent=3555"}],"curies":[{"name":"wp","href":"https:\/\/api.w.org\/{rel}","templated":true}]}}