{"id":3564,"date":"2020-07-15T11:13:16","date_gmt":"2020-07-15T11:13:16","guid":{"rendered":"https:\/\/eveniments.es\/?page_id=3564"},"modified":"2020-07-15T11:13:17","modified_gmt":"2020-07-15T11:13:17","slug":"iceman","status":"publish","type":"page","link":"https:\/\/eveniments.es\/home\/iceman","title":{"rendered":"IceMan"},"content":{"rendered":"\n<p>IceMan o \u201cel hombre hielo\u201d es capaz de plasmar tus ideas sobre el hielo, realizando autenticas obras de arte. <br>Arquitecto de profesi\u00f3n, aprendi\u00f3 a esculpir el hielo y lo relacion\u00f3 con su profesi\u00f3n. Se trata de un artista y showman \u00fanico que crea perfectas esculturas de hielo con su motosierra y dem\u00e1s herramientas a un ritmo fren\u00e9tico y que combinado con m\u00fasica hace de este show algo inigualable. Es capaz de realizar angelitos, caballos, mariposas, estrellas, delfines, logos, letras de hielo en 3D o cualquier otra figura u obra que se pueda imaginar. La obra final pertenece al cliente.<\/p>\n<p><img loading=\"lazy\" decoding=\"async\" class=\"alignnone wp-image-3565\" src=\"https:\/\/eveniments.es\/wp-content\/uploads\/2020\/07\/escultor-de-hielo-300x220.jpg\" alt=\"\" width=\"1024\" height=\"751\" srcset=\"https:\/\/eveniments.es\/wp-content\/uploads\/2020\/07\/escultor-de-hielo-300x220.jpg 300w, https:\/\/eveniments.es\/wp-content\/uploads\/2020\/07\/escultor-de-hielo-80x60.jpg 80w, https:\/\/eveniments.es\/wp-content\/uploads\/2020\/07\/escultor-de-hielo.jpg 740w\" sizes=\"auto, (max-width: 1024px) 100vw, 1024px\" \/><img loading=\"lazy\" decoding=\"async\" class=\"alignnone wp-image-3566\" src=\"https:\/\/eveniments.es\/wp-content\/uploads\/2020\/07\/Escultr-hielo-formula-1-300x225.jpg\" alt=\"\" width=\"1024\" height=\"768\" srcset=\"https:\/\/eveniments.es\/wp-content\/uploads\/2020\/07\/Escultr-hielo-formula-1-300x225.jpg 300w, https:\/\/eveniments.es\/wp-content\/uploads\/2020\/07\/Escultr-hielo-formula-1-678x509.jpg 678w, https:\/\/eveniments.es\/wp-content\/uploads\/2020\/07\/Escultr-hielo-formula-1-326x245.jpg 326w, https:\/\/eveniments.es\/wp-content\/uploads\/2020\/07\/Escultr-hielo-formula-1-80x60.jpg 80w, https:\/\/eveniments.es\/wp-content\/uploads\/2020\/07\/Escultr-hielo-formula-1.jpg 740w\" sizes=\"auto, (max-width: 1024px) 100vw, 1024px\" \/><img loading=\"lazy\" decoding=\"async\" class=\"alignnone wp-image-3567\" src=\"https:\/\/eveniments.es\/wp-content\/uploads\/2020\/07\/escultura-de-hielo-300x220.jpg\" alt=\"\" width=\"1024\" height=\"751\" srcset=\"https:\/\/eveniments.es\/wp-content\/uploads\/2020\/07\/escultura-de-hielo-300x220.jpg 300w, https:\/\/eveniments.es\/wp-content\/uploads\/2020\/07\/escultura-de-hielo-80x60.jpg 80w, https:\/\/eveniments.es\/wp-content\/uploads\/2020\/07\/escultura-de-hielo.jpg 740w\" sizes=\"auto, (max-width: 1024px) 100vw, 1024px\" \/><img loading=\"lazy\" decoding=\"async\" class=\"alignnone wp-image-3568\" src=\"https:\/\/eveniments.es\/wp-content\/uploads\/2020\/07\/iceman1-199x300.jpg\" alt=\"\" width=\"1024\" height=\"1541\" srcset=\"https:\/\/eveniments.es\/wp-content\/uploads\/2020\/07\/iceman1-199x300.jpg 199w, https:\/\/eveniments.es\/wp-content\/uploads\/2020\/07\/iceman1.jpg 216w\" sizes=\"auto, (max-width: 1024px) 100vw, 1024px\" \/><img loading=\"lazy\" decoding=\"async\" class=\"alignnone wp-image-3569 size-large\" src=\"https:\/\/eveniments.es\/wp-content\/uploads\/2020\/07\/iceman2-1024x576.jpg\" alt=\"\" width=\"1024\" height=\"576\" srcset=\"https:\/\/eveniments.es\/wp-content\/uploads\/2020\/07\/iceman2-1024x576.jpg 1024w, https:\/\/eveniments.es\/wp-content\/uploads\/2020\/07\/iceman2-300x169.jpg 300w, https:\/\/eveniments.es\/wp-content\/uploads\/2020\/07\/iceman2-768x432.jpg 768w, https:\/\/eveniments.es\/wp-content\/uploads\/2020\/07\/iceman2-1536x865.jpg 1536w, https:\/\/eveniments.es\/wp-content\/uploads\/2020\/07\/iceman2-2048x1153.jpg 2048w, https:\/\/eveniments.es\/wp-content\/uploads\/2020\/07\/iceman2-678x381.jpg 678w\" sizes=\"auto, (max-width: 1024px) 100vw, 1024px\" \/><img loading=\"lazy\" decoding=\"async\" class=\"alignnone wp-image-3570\" src=\"https:\/\/eveniments.es\/wp-content\/uploads\/2020\/07\/iceman3-251x300.jpg\" alt=\"\" width=\"1024\" height=\"1225\" srcset=\"https:\/\/eveniments.es\/wp-content\/uploads\/2020\/07\/iceman3-251x300.jpg 251w, https:\/\/eveniments.es\/wp-content\/uploads\/2020\/07\/iceman3.jpg 469w\" sizes=\"auto, (max-width: 1024px) 100vw, 1024px\" \/><img loading=\"lazy\" decoding=\"async\" class=\"alignnone wp-image-3571\" src=\"https:\/\/eveniments.es\/wp-content\/uploads\/2020\/07\/iceman4-300x226.jpg\" alt=\"\" width=\"1024\" height=\"771\" srcset=\"https:\/\/eveniments.es\/wp-content\/uploads\/2020\/07\/iceman4-300x226.jpg 300w, https:\/\/eveniments.es\/wp-content\/uploads\/2020\/07\/iceman4-326x245.jpg 326w, https:\/\/eveniments.es\/wp-content\/uploads\/2020\/07\/iceman4-80x60.jpg 80w, https:\/\/eveniments.es\/wp-content\/uploads\/2020\/07\/iceman4.jpg 598w\" sizes=\"auto, (max-width: 1024px) 100vw, 1024px\" \/><\/p>\n","protected":false},"excerpt":{"rendered":"<div class=\"mh-excerpt\"><\/div>","protected":false},"author":1,"featured_media":0,"parent":0,"menu_order":0,"comment_status":"closed","ping_status":"closed","template":"template-full.php","meta":{"footnotes":""},"class_list":["post-3564","page","type-page","status-publish","hentry"],"_links":{"self":[{"href":"https:\/\/eveniments.es\/home\/wp-json\/wp\/v2\/pages\/3564","targetHints":{"allow":["GET"]}}],"collection":[{"href":"https:\/\/eveniments.es\/home\/wp-json\/wp\/v2\/pages"}],"about":[{"href":"https:\/\/eveniments.es\/home\/wp-json\/wp\/v2\/types\/page"}],"author":[{"embeddable":true,"href":"https:\/\/eveniments.es\/home\/wp-json\/wp\/v2\/users\/1"}],"replies":[{"embeddable":true,"href":"https:\/\/eveniments.es\/home\/wp-json\/wp\/v2\/comments?post=3564"}],"version-history":[{"count":1,"href":"https:\/\/eveniments.es\/home\/wp-json\/wp\/v2\/pages\/3564\/revisions"}],"predecessor-version":[{"id":3572,"href":"https:\/\/eveniments.es\/home\/wp-json\/wp\/v2\/pages\/3564\/revisions\/3572"}],"wp:attachment":[{"href":"https:\/\/eveniments.es\/home\/wp-json\/wp\/v2\/media?parent=3564"}],"curies":[{"name":"wp","href":"https:\/\/api.w.org\/{rel}","templated":true}]}}