{"id":3574,"date":"2020-07-15T11:19:48","date_gmt":"2020-07-15T11:19:48","guid":{"rendered":"https:\/\/eveniments.es\/?page_id=3574"},"modified":"2020-07-15T12:44:58","modified_gmt":"2020-07-15T12:44:58","slug":"sand-sculptures","status":"publish","type":"page","link":"https:\/\/eveniments.es\/home\/sand-sculptures","title":{"rendered":"Sand Sculptures"},"content":{"rendered":"\n<p>M\u00e1s all\u00e1 del valor art\u00edstico de las esculturas de arena, este espect\u00e1culo se podr\u00eda convertir en un referente y en un foco de atenci\u00f3n para promocionar cualquier producto.<\/p>\n<p><img loading=\"lazy\" decoding=\"async\" class=\"alignnone wp-image-3575\" src=\"https:\/\/eveniments.es\/wp-content\/uploads\/2020\/07\/sand-escultores-300x219.jpg\" alt=\"\" width=\"1024\" height=\"746\" srcset=\"https:\/\/eveniments.es\/wp-content\/uploads\/2020\/07\/sand-escultores-300x219.jpg 300w, https:\/\/eveniments.es\/wp-content\/uploads\/2020\/07\/sand-escultores.jpg 476w\" sizes=\"auto, (max-width: 1024px) 100vw, 1024px\" \/><img loading=\"lazy\" decoding=\"async\" class=\"alignnone wp-image-3576\" src=\"https:\/\/eveniments.es\/wp-content\/uploads\/2020\/07\/sand-escultores1-300x157.jpg\" alt=\"\" width=\"1024\" height=\"535\" srcset=\"https:\/\/eveniments.es\/wp-content\/uploads\/2020\/07\/sand-escultores1-300x157.jpg 300w, https:\/\/eveniments.es\/wp-content\/uploads\/2020\/07\/sand-escultores1.jpg 473w\" sizes=\"auto, (max-width: 1024px) 100vw, 1024px\" \/><img loading=\"lazy\" decoding=\"async\" class=\"alignnone wp-image-3577\" src=\"https:\/\/eveniments.es\/wp-content\/uploads\/2020\/07\/sand-escultores2-300x195.jpg\" alt=\"\" width=\"1024\" height=\"667\" srcset=\"https:\/\/eveniments.es\/wp-content\/uploads\/2020\/07\/sand-escultores2-300x195.jpg 300w, https:\/\/eveniments.es\/wp-content\/uploads\/2020\/07\/sand-escultores2.jpg 476w\" sizes=\"auto, (max-width: 1024px) 100vw, 1024px\" \/><img loading=\"lazy\" decoding=\"async\" class=\"alignnone wp-image-3578\" src=\"https:\/\/eveniments.es\/wp-content\/uploads\/2020\/07\/sand-escultores3-300x196.jpg\" alt=\"\" width=\"1024\" height=\"670\" srcset=\"https:\/\/eveniments.es\/wp-content\/uploads\/2020\/07\/sand-escultores3-300x196.jpg 300w, https:\/\/eveniments.es\/wp-content\/uploads\/2020\/07\/sand-escultores3.jpg 472w\" sizes=\"auto, (max-width: 1024px) 100vw, 1024px\" \/><img loading=\"lazy\" decoding=\"async\" class=\"alignnone wp-image-3579\" src=\"https:\/\/eveniments.es\/wp-content\/uploads\/2020\/07\/sand-escultores4-300x221.jpg\" alt=\"\" width=\"1024\" height=\"756\" srcset=\"https:\/\/eveniments.es\/wp-content\/uploads\/2020\/07\/sand-escultores4-300x221.jpg 300w, https:\/\/eveniments.es\/wp-content\/uploads\/2020\/07\/sand-escultores4-80x60.jpg 80w, https:\/\/eveniments.es\/wp-content\/uploads\/2020\/07\/sand-escultores4.jpg 473w\" sizes=\"auto, (max-width: 1024px) 100vw, 1024px\" \/><img loading=\"lazy\" decoding=\"async\" class=\"alignnone wp-image-3580\" src=\"https:\/\/eveniments.es\/wp-content\/uploads\/2020\/07\/sand-escultores5-300x196.jpg\" alt=\"\" width=\"1024\" height=\"670\" srcset=\"https:\/\/eveniments.es\/wp-content\/uploads\/2020\/07\/sand-escultores5-300x196.jpg 300w, https:\/\/eveniments.es\/wp-content\/uploads\/2020\/07\/sand-escultores5.jpg 472w\" sizes=\"auto, (max-width: 1024px) 100vw, 1024px\" \/><\/p>\n","protected":false},"excerpt":{"rendered":"<div class=\"mh-excerpt\"><\/div>","protected":false},"author":1,"featured_media":0,"parent":0,"menu_order":0,"comment_status":"closed","ping_status":"closed","template":"template-full.php","meta":{"footnotes":""},"class_list":["post-3574","page","type-page","status-publish","hentry"],"_links":{"self":[{"href":"https:\/\/eveniments.es\/home\/wp-json\/wp\/v2\/pages\/3574","targetHints":{"allow":["GET"]}}],"collection":[{"href":"https:\/\/eveniments.es\/home\/wp-json\/wp\/v2\/pages"}],"about":[{"href":"https:\/\/eveniments.es\/home\/wp-json\/wp\/v2\/types\/page"}],"author":[{"embeddable":true,"href":"https:\/\/eveniments.es\/home\/wp-json\/wp\/v2\/users\/1"}],"replies":[{"embeddable":true,"href":"https:\/\/eveniments.es\/home\/wp-json\/wp\/v2\/comments?post=3574"}],"version-history":[{"count":1,"href":"https:\/\/eveniments.es\/home\/wp-json\/wp\/v2\/pages\/3574\/revisions"}],"predecessor-version":[{"id":3581,"href":"https:\/\/eveniments.es\/home\/wp-json\/wp\/v2\/pages\/3574\/revisions\/3581"}],"wp:attachment":[{"href":"https:\/\/eveniments.es\/home\/wp-json\/wp\/v2\/media?parent=3574"}],"curies":[{"name":"wp","href":"https:\/\/api.w.org\/{rel}","templated":true}]}}