{"id":3583,"date":"2020-07-15T11:33:05","date_gmt":"2020-07-15T11:33:05","guid":{"rendered":"https:\/\/eveniments.es\/?page_id=3583"},"modified":"2020-07-15T11:33:07","modified_gmt":"2020-07-15T11:33:07","slug":"balanz","status":"publish","type":"page","link":"https:\/\/eveniments.es\/home\/balanz","title":{"rendered":"Balanz"},"content":{"rendered":"\n<p>La artista es toda una profesional del equilibrio. Tras completar su formaci\u00f3n en Nueva York ha sido seleccionada para actuar con el Circo del Sol. Adem\u00e1s de recibir excelentes cr\u00edticas, su actuaci\u00f3n ha sido recibida con ovaciones de pie por miles de personas de Europa, EE.UU. y Canad\u00e1.<\/p>\n<p><img loading=\"lazy\" decoding=\"async\" class=\"alignnone wp-image-3584\" src=\"https:\/\/eveniments.es\/wp-content\/uploads\/2020\/07\/ballanz-300x167.jpg\" alt=\"\" width=\"1024\" height=\"570\" srcset=\"https:\/\/eveniments.es\/wp-content\/uploads\/2020\/07\/ballanz-300x167.jpg 300w, https:\/\/eveniments.es\/wp-content\/uploads\/2020\/07\/ballanz.jpg 730w\" sizes=\"auto, (max-width: 1024px) 100vw, 1024px\" \/><img loading=\"lazy\" decoding=\"async\" class=\"alignnone wp-image-3585\" src=\"https:\/\/eveniments.es\/wp-content\/uploads\/2020\/07\/ballanz1-300x157.jpg\" alt=\"\" width=\"1024\" height=\"537\" srcset=\"https:\/\/eveniments.es\/wp-content\/uploads\/2020\/07\/ballanz1-300x157.jpg 300w, https:\/\/eveniments.es\/wp-content\/uploads\/2020\/07\/ballanz1.jpg 570w\" sizes=\"auto, (max-width: 1024px) 100vw, 1024px\" \/><img loading=\"lazy\" decoding=\"async\" class=\"alignnone wp-image-3586\" src=\"https:\/\/eveniments.es\/wp-content\/uploads\/2020\/07\/ballanz2-300x132.jpg\" alt=\"\" width=\"1024\" height=\"451\" srcset=\"https:\/\/eveniments.es\/wp-content\/uploads\/2020\/07\/ballanz2-300x132.jpg 300w, https:\/\/eveniments.es\/wp-content\/uploads\/2020\/07\/ballanz2.jpg 677w\" sizes=\"auto, (max-width: 1024px) 100vw, 1024px\" \/><\/p>\n<p><iframe loading=\"lazy\" title=\"Balanz\" width=\"500\" height=\"281\" src=\"https:\/\/www.youtube.com\/embed\/mZEncosi42s?feature=oembed\" frameborder=\"0\" allow=\"accelerometer; autoplay; clipboard-write; encrypted-media; gyroscope; picture-in-picture; web-share\" referrerpolicy=\"strict-origin-when-cross-origin\" allowfullscreen><\/iframe><\/p>\n","protected":false},"excerpt":{"rendered":"<div class=\"mh-excerpt\"><\/div>","protected":false},"author":1,"featured_media":0,"parent":0,"menu_order":0,"comment_status":"closed","ping_status":"closed","template":"template-full.php","meta":{"footnotes":""},"class_list":["post-3583","page","type-page","status-publish","hentry"],"_links":{"self":[{"href":"https:\/\/eveniments.es\/home\/wp-json\/wp\/v2\/pages\/3583","targetHints":{"allow":["GET"]}}],"collection":[{"href":"https:\/\/eveniments.es\/home\/wp-json\/wp\/v2\/pages"}],"about":[{"href":"https:\/\/eveniments.es\/home\/wp-json\/wp\/v2\/types\/page"}],"author":[{"embeddable":true,"href":"https:\/\/eveniments.es\/home\/wp-json\/wp\/v2\/users\/1"}],"replies":[{"embeddable":true,"href":"https:\/\/eveniments.es\/home\/wp-json\/wp\/v2\/comments?post=3583"}],"version-history":[{"count":1,"href":"https:\/\/eveniments.es\/home\/wp-json\/wp\/v2\/pages\/3583\/revisions"}],"predecessor-version":[{"id":3587,"href":"https:\/\/eveniments.es\/home\/wp-json\/wp\/v2\/pages\/3583\/revisions\/3587"}],"wp:attachment":[{"href":"https:\/\/eveniments.es\/home\/wp-json\/wp\/v2\/media?parent=3583"}],"curies":[{"name":"wp","href":"https:\/\/api.w.org\/{rel}","templated":true}]}}