{"id":3589,"date":"2020-07-15T11:41:56","date_gmt":"2020-07-15T11:41:56","guid":{"rendered":"https:\/\/eveniments.es\/?page_id=3589"},"modified":"2020-07-15T12:44:38","modified_gmt":"2020-07-15T12:44:38","slug":"roller-skating-duo","status":"publish","type":"page","link":"https:\/\/eveniments.es\/home\/roller-skating-duo","title":{"rendered":"Roller Skating Duo"},"content":{"rendered":"\n<p>Le proponemos un d\u00fao de patinaje con un n\u00famero incre\u00edble debido a la alta adrenalina que desprende desafiando la gravedad con incre\u00edbles acrobacias. Con acrobacias fant\u00e1sticas, incluyendo girar por el cuello y colgando de los dedos de los pies. Sin lugar a dudas cautivar\u00e1 y sorprender\u00e1 a los invitados en su evento. <br>Con muchos a\u00f1os de experiencia realizando sus incre\u00edbles trucos de patinaje sobre ruedas, el d\u00fao se asegurar\u00e1 de ofrecer un espect\u00e1culo emocionante y de alta calidad con su profesionalidad y pasi\u00f3n a trav\u00e9s de cada actuaci\u00f3n. <br>Estos artistas traer\u00e1n una atm\u00f3sfera de asombro y energ\u00eda que dificilmente se podr\u00e1 olvidar. <br>Este d\u00fao son los artistas oficiales del musical internacional OHLALA!.<\/p>\n<p><img loading=\"lazy\" decoding=\"async\" class=\"alignnone wp-image-3590\" src=\"https:\/\/eveniments.es\/wp-content\/uploads\/2020\/07\/roller-skating-300x170.jpg\" alt=\"\" width=\"1024\" height=\"581\" srcset=\"https:\/\/eveniments.es\/wp-content\/uploads\/2020\/07\/roller-skating-300x170.jpg 300w, https:\/\/eveniments.es\/wp-content\/uploads\/2020\/07\/roller-skating.jpg 582w\" sizes=\"auto, (max-width: 1024px) 100vw, 1024px\" \/><img loading=\"lazy\" decoding=\"async\" class=\"alignnone wp-image-3591\" src=\"https:\/\/eveniments.es\/wp-content\/uploads\/2020\/07\/roller-skating1-300x200.jpg\" alt=\"\" width=\"1024\" height=\"684\" srcset=\"https:\/\/eveniments.es\/wp-content\/uploads\/2020\/07\/roller-skating1-300x200.jpg 300w, https:\/\/eveniments.es\/wp-content\/uploads\/2020\/07\/roller-skating1-768x513.jpg 768w, https:\/\/eveniments.es\/wp-content\/uploads\/2020\/07\/roller-skating1.jpg 960w\" sizes=\"auto, (max-width: 1024px) 100vw, 1024px\" \/><img loading=\"lazy\" decoding=\"async\" class=\"alignnone wp-image-3592 size-large\" src=\"https:\/\/eveniments.es\/wp-content\/uploads\/2020\/07\/roller-skating2-1024x573.jpg\" alt=\"\" width=\"1024\" height=\"573\" srcset=\"https:\/\/eveniments.es\/wp-content\/uploads\/2020\/07\/roller-skating2-1024x573.jpg 1024w, https:\/\/eveniments.es\/wp-content\/uploads\/2020\/07\/roller-skating2-300x168.jpg 300w, https:\/\/eveniments.es\/wp-content\/uploads\/2020\/07\/roller-skating2-768x430.jpg 768w, https:\/\/eveniments.es\/wp-content\/uploads\/2020\/07\/roller-skating2-1536x859.jpg 1536w, https:\/\/eveniments.es\/wp-content\/uploads\/2020\/07\/roller-skating2-2048x1146.jpg 2048w\" sizes=\"auto, (max-width: 1024px) 100vw, 1024px\" \/><img loading=\"lazy\" decoding=\"async\" class=\"alignnone wp-image-3593\" src=\"https:\/\/eveniments.es\/wp-content\/uploads\/2020\/07\/roller-skating4-300x277.jpg\" alt=\"\" width=\"1024\" height=\"945\" srcset=\"https:\/\/eveniments.es\/wp-content\/uploads\/2020\/07\/roller-skating4-300x277.jpg 300w, https:\/\/eveniments.es\/wp-content\/uploads\/2020\/07\/roller-skating4-768x709.jpg 768w, https:\/\/eveniments.es\/wp-content\/uploads\/2020\/07\/roller-skating4.jpg 1013w\" sizes=\"auto, (max-width: 1024px) 100vw, 1024px\" \/><\/p>\n<p><iframe loading=\"lazy\" title=\"Roller skater\" width=\"500\" height=\"281\" src=\"https:\/\/www.youtube.com\/embed\/rbUv2LR82-g?feature=oembed\" frameborder=\"0\" allow=\"accelerometer; autoplay; clipboard-write; encrypted-media; gyroscope; picture-in-picture; web-share\" referrerpolicy=\"strict-origin-when-cross-origin\" allowfullscreen><\/iframe><\/p>\n","protected":false},"excerpt":{"rendered":"<div class=\"mh-excerpt\"><\/div>","protected":false},"author":1,"featured_media":0,"parent":0,"menu_order":0,"comment_status":"closed","ping_status":"closed","template":"template-full.php","meta":{"footnotes":""},"class_list":["post-3589","page","type-page","status-publish","hentry"],"_links":{"self":[{"href":"https:\/\/eveniments.es\/home\/wp-json\/wp\/v2\/pages\/3589","targetHints":{"allow":["GET"]}}],"collection":[{"href":"https:\/\/eveniments.es\/home\/wp-json\/wp\/v2\/pages"}],"about":[{"href":"https:\/\/eveniments.es\/home\/wp-json\/wp\/v2\/types\/page"}],"author":[{"embeddable":true,"href":"https:\/\/eveniments.es\/home\/wp-json\/wp\/v2\/users\/1"}],"replies":[{"embeddable":true,"href":"https:\/\/eveniments.es\/home\/wp-json\/wp\/v2\/comments?post=3589"}],"version-history":[{"count":1,"href":"https:\/\/eveniments.es\/home\/wp-json\/wp\/v2\/pages\/3589\/revisions"}],"predecessor-version":[{"id":3594,"href":"https:\/\/eveniments.es\/home\/wp-json\/wp\/v2\/pages\/3589\/revisions\/3594"}],"wp:attachment":[{"href":"https:\/\/eveniments.es\/home\/wp-json\/wp\/v2\/media?parent=3589"}],"curies":[{"name":"wp","href":"https:\/\/api.w.org\/{rel}","templated":true}]}}