{"id":3596,"date":"2020-07-15T11:47:38","date_gmt":"2020-07-15T11:47:38","guid":{"rendered":"https:\/\/eveniments.es\/?page_id=3596"},"modified":"2020-07-15T12:37:11","modified_gmt":"2020-07-15T12:37:11","slug":"contorsionista-tiro-con-arco","status":"publish","type":"page","link":"https:\/\/eveniments.es\/home\/contorsionista-tiro-con-arco","title":{"rendered":"Contorsionista Tiro con Arco"},"content":{"rendered":"\n<p>Le proponemos un n\u00famero perfectamente sincronizado que fusiona la danza y la contorsi\u00f3n d\u00e1ndole un toque mucho mas espectacular teniendo como colof\u00f3n el tiro con arco lanzando la flecha con los pies. Sin lugar a dudas es un n\u00famero estrella que dejar\u00e1 boquiabierto a todo el mundo. Actualmente esta artista trabaja en OH LALA CABARET y EL CIRCO DE LOS HORRORES.<\/p>\n<p><img loading=\"lazy\" decoding=\"async\" class=\"alignnone wp-image-3601 size-large\" src=\"https:\/\/eveniments.es\/wp-content\/uploads\/2020\/07\/contorsion-y-arco5-1024x654.jpg\" alt=\"\" width=\"1024\" height=\"654\" srcset=\"https:\/\/eveniments.es\/wp-content\/uploads\/2020\/07\/contorsion-y-arco5-1024x654.jpg 1024w, https:\/\/eveniments.es\/wp-content\/uploads\/2020\/07\/contorsion-y-arco5-300x192.jpg 300w, https:\/\/eveniments.es\/wp-content\/uploads\/2020\/07\/contorsion-y-arco5-768x490.jpg 768w, https:\/\/eveniments.es\/wp-content\/uploads\/2020\/07\/contorsion-y-arco5-1536x981.jpg 1536w, https:\/\/eveniments.es\/wp-content\/uploads\/2020\/07\/contorsion-y-arco5.jpg 1809w\" sizes=\"auto, (max-width: 1024px) 100vw, 1024px\" \/><\/p>\n<p><img loading=\"lazy\" decoding=\"async\" class=\"alignnone wp-image-3597\" src=\"https:\/\/eveniments.es\/wp-content\/uploads\/2020\/07\/contorsion-y-arco-225x300.jpg\" alt=\"\" width=\"1024\" height=\"1365\" srcset=\"https:\/\/eveniments.es\/wp-content\/uploads\/2020\/07\/contorsion-y-arco-225x300.jpg 225w, https:\/\/eveniments.es\/wp-content\/uploads\/2020\/07\/contorsion-y-arco.jpg 720w\" sizes=\"auto, (max-width: 1024px) 100vw, 1024px\" \/><img loading=\"lazy\" decoding=\"async\" class=\"alignnone wp-image-3598\" src=\"https:\/\/eveniments.es\/wp-content\/uploads\/2020\/07\/contorsion-y-arco1-200x300.jpg\" alt=\"\" width=\"1024\" height=\"1536\" srcset=\"https:\/\/eveniments.es\/wp-content\/uploads\/2020\/07\/contorsion-y-arco1-200x300.jpg 200w, https:\/\/eveniments.es\/wp-content\/uploads\/2020\/07\/contorsion-y-arco1.jpg 640w\" sizes=\"auto, (max-width: 1024px) 100vw, 1024px\" \/><img loading=\"lazy\" decoding=\"async\" class=\"alignnone wp-image-3599\" src=\"https:\/\/eveniments.es\/wp-content\/uploads\/2020\/07\/contorsion-y-arco3-204x300.jpg\" alt=\"\" width=\"1024\" height=\"1502\" srcset=\"https:\/\/eveniments.es\/wp-content\/uploads\/2020\/07\/contorsion-y-arco3-204x300.jpg 204w, https:\/\/eveniments.es\/wp-content\/uploads\/2020\/07\/contorsion-y-arco3.jpg 640w\" sizes=\"auto, (max-width: 1024px) 100vw, 1024px\" \/><img loading=\"lazy\" decoding=\"async\" class=\"alignnone wp-image-3600\" src=\"https:\/\/eveniments.es\/wp-content\/uploads\/2020\/07\/contorsion-y-arco4-278x300.jpg\" alt=\"\" width=\"1024\" height=\"1103\" srcset=\"https:\/\/eveniments.es\/wp-content\/uploads\/2020\/07\/contorsion-y-arco4-278x300.jpg 278w, https:\/\/eveniments.es\/wp-content\/uploads\/2020\/07\/contorsion-y-arco4.jpg 761w\" sizes=\"auto, (max-width: 1024px) 100vw, 1024px\" \/><\/p>\n","protected":false},"excerpt":{"rendered":"<div class=\"mh-excerpt\"><\/div>","protected":false},"author":1,"featured_media":0,"parent":0,"menu_order":0,"comment_status":"closed","ping_status":"closed","template":"template-full.php","meta":{"footnotes":""},"class_list":["post-3596","page","type-page","status-publish","hentry"],"_links":{"self":[{"href":"https:\/\/eveniments.es\/home\/wp-json\/wp\/v2\/pages\/3596","targetHints":{"allow":["GET"]}}],"collection":[{"href":"https:\/\/eveniments.es\/home\/wp-json\/wp\/v2\/pages"}],"about":[{"href":"https:\/\/eveniments.es\/home\/wp-json\/wp\/v2\/types\/page"}],"author":[{"embeddable":true,"href":"https:\/\/eveniments.es\/home\/wp-json\/wp\/v2\/users\/1"}],"replies":[{"embeddable":true,"href":"https:\/\/eveniments.es\/home\/wp-json\/wp\/v2\/comments?post=3596"}],"version-history":[{"count":1,"href":"https:\/\/eveniments.es\/home\/wp-json\/wp\/v2\/pages\/3596\/revisions"}],"predecessor-version":[{"id":3602,"href":"https:\/\/eveniments.es\/home\/wp-json\/wp\/v2\/pages\/3596\/revisions\/3602"}],"wp:attachment":[{"href":"https:\/\/eveniments.es\/home\/wp-json\/wp\/v2\/media?parent=3596"}],"curies":[{"name":"wp","href":"https:\/\/api.w.org\/{rel}","templated":true}]}}